{"id":6949,"date":"2020-02-22T09:00:49","date_gmt":"2020-02-22T09:00:49","guid":{"rendered":"https:\/\/ufficio80.xyz\/riz4?page_id=6949"},"modified":"2025-01-12T09:25:46","modified_gmt":"2025-01-12T09:25:46","slug":"zimmer-villa-riz-cesenatico","status":"publish","type":"page","link":"https:\/\/www.rizhotel.com\/de\/zimmer-villa-riz-cesenatico","title":{"rendered":"Zimmer Villa Riz, Suites Hotel Cesenatico"},"content":{"rendered":"<section class=\"l-section wpb_row height_auto width_full\"><div class=\"l-section-h i-cf\"><div class=\"g-cols vc_row via_flex valign_middle type_default stacking_default\"><div class=\"vc_col-sm-6 wpb_column vc_column_container\"><div class=\"vc_column-inner\"><div class=\"wpb_wrapper\"><div class=\"w-image align_center\"><div class=\"w-image-h\"><img decoding=\"async\" width=\"1024\" height=\"682\" src=\"https:\/\/www.rizhotel.com\/wp-content\/uploads\/2020\/01\/VILLA-RIZ-1024x682.jpg\" class=\"attachment-large size-large\" alt=\"\" loading=\"lazy\" srcset=\"https:\/\/www.rizhotel.com\/wp-content\/uploads\/2020\/01\/VILLA-RIZ-1024x682.jpg 1024w, https:\/\/www.rizhotel.com\/wp-content\/uploads\/2020\/01\/VILLA-RIZ-300x200.jpg 300w, https:\/\/www.rizhotel.com\/wp-content\/uploads\/2020\/01\/VILLA-RIZ-1536x1024.jpg 1536w, https:\/\/www.rizhotel.com\/wp-content\/uploads\/2020\/01\/VILLA-RIZ.jpg 2000w\" sizes=\"auto, (max-width: 1024px) 100vw, 1024px\" \/><\/div><\/div><\/div><\/div><\/div><div class=\"vc_col-sm-6 wpb_column vc_column_container\"><div class=\"vc_column-inner\"><div class=\"wpb_wrapper\"><div class=\"wpb_text_column us_custom_d3e13c91\"><div class=\"wpb_wrapper\"><section class=\"l-section wpb_row height_small with_img\">\n<div class=\"l-section-h i-cf\">\n<div class=\"g-cols vc_row type_default valign_top\">\n<div class=\"vc_col-sm-12 wpb_column vc_column_container\">\n<div class=\"vc_column-inner\">\n<div class=\"wpb_wrapper\">\n<h2 class=\"vc_custom_heading\" style=\"text-align: center;\"><span style=\"color: #c93c5b;\">Villa RIZ<\/span><\/h2>\n<h6 class=\"vc_custom_heading\" style=\"text-align: center;\"><em><span style=\"font-family: georgia, palatino, serif;\">Direkt beim Hotel Riz haben wir eine Luxus-Depandance errichtet.<br \/>\nAus den urspr\u00fcnglich 28 Zimmern sind\u00a018 neue ger\u00e4umigere Suiten\u00a0entstanden.<\/span><\/em><\/h6>\n<\/div>\n<\/div>\n<\/div>\n<\/div>\n<\/div>\n<\/section>\n<\/div><\/div><\/div><\/div><\/div><\/div><\/div><\/section><section class=\"l-section wpb_row us_custom_b7a68ffe height_small\"><div class=\"l-section-h i-cf\"><div class=\"g-cols vc_row via_flex valign_middle type_default stacking_default\"><div class=\"vc_col-sm-6 wpb_column vc_column_container\"><div class=\"vc_column-inner\"><div class=\"wpb_wrapper\"><div class=\"w-image align_center meta_modern\"><a ref=\"magnificPopup\" href=\"https:\/\/www.rizhotel.com\/wp-content\/uploads\/2020\/01\/villa-riz-camenra.jpg\" aria-label=\"villa riz camenra\" class=\"w-image-h\"><img decoding=\"async\" width=\"1024\" height=\"682\" src=\"https:\/\/www.rizhotel.com\/wp-content\/uploads\/2020\/01\/villa-riz-camenra-1024x682.jpg\" class=\"attachment-large size-large\" alt=\"Villa Riz Suite\" loading=\"lazy\" srcset=\"https:\/\/www.rizhotel.com\/wp-content\/uploads\/2020\/01\/villa-riz-camenra-1024x682.jpg 1024w, https:\/\/www.rizhotel.com\/wp-content\/uploads\/2020\/01\/villa-riz-camenra-300x200.jpg 300w, https:\/\/www.rizhotel.com\/wp-content\/uploads\/2020\/01\/villa-riz-camenra-1536x1024.jpg 1536w, https:\/\/www.rizhotel.com\/wp-content\/uploads\/2020\/01\/villa-riz-camenra.jpg 2000w\" sizes=\"auto, (max-width: 1024px) 100vw, 1024px\" \/><div class=\"w-image-meta\"><div class=\"w-image-title\">villa riz camenra<\/div><\/div><\/a><\/div><\/div><\/div><\/div><div class=\"vc_col-sm-6 wpb_column vc_column_container\"><div class=\"vc_column-inner\"><div class=\"wpb_wrapper\"><div class=\"wpb_text_column\"><div class=\"wpb_wrapper\"><h6><em><span style=\"font-family: georgia, palatino, serif;\">Jede Zimmer verf\u00fcgt \u00fcber:<\/span><\/em><\/h6>\n<\/div><\/div><div class=\"g-cols wpb_row us_custom_6df4bc3a has_text_color via_flex valign_top type_default stacking_default\"><div class=\"vc_col-sm-12 wpb_column vc_column_container\"><div class=\"vc_column-inner\"><div class=\"wpb_wrapper\"><div class=\"wpb_text_column\"><div class=\"wpb_wrapper\"><p>Plasma-TV 32\u201c, Stereo\/Cd, DVD-Player, Safe, Waage, Ger\u00e4umiges und modernes Bad (4,5\/6 qm), Klimaanlage, zus\u00e4tzliches Aufr\u00e4umen des Zimmers am Nachmittag, Pflegeset im Bad, Bademantel, Internet Wi-Fi, Strandt\u00fccher f\u00fcr die ganze Familie.<\/p>\n<\/div><\/div><\/div><\/div><\/div><\/div><div class=\"w-separator size_medium\"><\/div><div class=\"w-grid us_grid type_grid layout_gallery_default cols_3 preload_style_spinner\" id=\"us_grid_1\" style=\"--columns:3;--gap:10px;\" data-filterable=\"true\"><style>.layout_gallery_default .w-grid-item-h{}<\/style><div class=\"w-grid-list\">\t<article class=\"w-grid-item size_1x1 post-5620 attachment type-attachment status-inherit hentry\" data-id=\"5620\">\r\n\t\t<div class=\"w-grid-item-h\">\r\n\t\t\t\t\t\t\t<a ref=\"magnificPopupGrid\" href=\"https:\/\/www.rizhotel.com\/wp-content\/uploads\/2020\/01\/particolare-suite.jpg\" class=\"w-grid-item-anchor\" aria-label=\"particolare suite\"><\/a>\r\n\t\t\t\t\t\t<div class=\"w-post-elm post_image usg_post_image_1 stretched\"><img loading=\"lazy\" decoding=\"async\" width=\"1024\" height=\"683\" src=\"https:\/\/www.rizhotel.com\/wp-content\/uploads\/2020\/01\/particolare-suite-1024x683.jpg\" class=\"attachment-large size-large\" alt=\"\" srcset=\"https:\/\/www.rizhotel.com\/wp-content\/uploads\/2020\/01\/particolare-suite-1024x683.jpg 1024w, https:\/\/www.rizhotel.com\/wp-content\/uploads\/2020\/01\/particolare-suite-300x200.jpg 300w, https:\/\/www.rizhotel.com\/wp-content\/uploads\/2020\/01\/particolare-suite-1536x1024.jpg 1536w, https:\/\/www.rizhotel.com\/wp-content\/uploads\/2020\/01\/particolare-suite-2048x1365.jpg 2048w\" sizes=\"auto, (max-width: 1024px) 100vw, 1024px\" \/><\/div>\t\t<\/div>\r\n\t\t\t<\/article>\r\n\t<article class=\"w-grid-item size_1x1 post-5617 attachment type-attachment status-inherit hentry\" data-id=\"5617\">\r\n\t\t<div class=\"w-grid-item-h\">\r\n\t\t\t\t\t\t\t<a ref=\"magnificPopupGrid\" href=\"https:\/\/www.rizhotel.com\/wp-content\/uploads\/2020\/01\/Suite-Villa-Riz.jpg\" class=\"w-grid-item-anchor\" aria-label=\"Suite Villa Riz\"><\/a>\r\n\t\t\t\t\t\t<div class=\"w-post-elm post_image usg_post_image_1 stretched\"><img loading=\"lazy\" decoding=\"async\" width=\"1024\" height=\"682\" src=\"https:\/\/www.rizhotel.com\/wp-content\/uploads\/2020\/01\/Suite-Villa-Riz-1024x682.jpg\" class=\"attachment-large size-large\" alt=\"\" srcset=\"https:\/\/www.rizhotel.com\/wp-content\/uploads\/2020\/01\/Suite-Villa-Riz-1024x682.jpg 1024w, https:\/\/www.rizhotel.com\/wp-content\/uploads\/2020\/01\/Suite-Villa-Riz-300x200.jpg 300w, https:\/\/www.rizhotel.com\/wp-content\/uploads\/2020\/01\/Suite-Villa-Riz-1536x1024.jpg 1536w, https:\/\/www.rizhotel.com\/wp-content\/uploads\/2020\/01\/Suite-Villa-Riz.jpg 2000w\" sizes=\"auto, (max-width: 1024px) 100vw, 1024px\" \/><\/div>\t\t<\/div>\r\n\t\t\t<\/article>\r\n\t<article class=\"w-grid-item size_1x1 post-5614 attachment type-attachment status-inherit hentry\" data-id=\"5614\">\r\n\t\t<div class=\"w-grid-item-h\">\r\n\t\t\t\t\t\t\t<a ref=\"magnificPopupGrid\" href=\"https:\/\/www.rizhotel.com\/wp-content\/uploads\/2020\/01\/villariz-particolare-bagno.jpg\" class=\"w-grid-item-anchor\" aria-label=\"villariz particolare bagno\"><\/a>\r\n\t\t\t\t\t\t<div class=\"w-post-elm post_image usg_post_image_1 stretched\"><img loading=\"lazy\" decoding=\"async\" width=\"1024\" height=\"683\" src=\"https:\/\/www.rizhotel.com\/wp-content\/uploads\/2020\/01\/villariz-particolare-bagno-1024x683.jpg\" class=\"attachment-large size-large\" alt=\"\" srcset=\"https:\/\/www.rizhotel.com\/wp-content\/uploads\/2020\/01\/villariz-particolare-bagno-1024x683.jpg 1024w, https:\/\/www.rizhotel.com\/wp-content\/uploads\/2020\/01\/villariz-particolare-bagno-300x200.jpg 300w, https:\/\/www.rizhotel.com\/wp-content\/uploads\/2020\/01\/villariz-particolare-bagno-1536x1024.jpg 1536w, https:\/\/www.rizhotel.com\/wp-content\/uploads\/2020\/01\/villariz-particolare-bagno-2048x1365.jpg 2048w\" sizes=\"auto, (max-width: 1024px) 100vw, 1024px\" \/><\/div>\t\t<\/div>\r\n\t\t\t<\/article>\r\n<\/div>\t<div class=\"w-grid-preloader\">\r\n\t\t<div class=\"g-preloader type_3\">\r\n\t\t\t<div><\/div>\r\n\t\t<\/div>\r\n\t<\/div>\r\n\t\t<div class=\"w-grid-json hidden\" onclick='return {&quot;action&quot;:&quot;us_ajax_grid&quot;,&quot;infinite_scroll&quot;:0,&quot;max_num_pages&quot;:1,&quot;pagination&quot;:&quot;none&quot;,&quot;template_vars&quot;:{&quot;columns&quot;:&quot;3&quot;,&quot;exclude_items&quot;:&quot;none&quot;,&quot;img_size&quot;:&quot;default&quot;,&quot;ignore_items_size&quot;:0,&quot;items_layout&quot;:&quot;gallery_default&quot;,&quot;items_offset&quot;:&quot;1&quot;,&quot;load_animation&quot;:&quot;none&quot;,&quot;overriding_link&quot;:&quot;%7B%22type%22%3A%22popup_image%22%7D&quot;,&quot;post_id&quot;:0,&quot;query_args&quot;:{&quot;post_type&quot;:[&quot;attachment&quot;],&quot;post__in&quot;:[&quot;5618&quot;,&quot;5615&quot;,&quot;5612&quot;],&quot;post_status&quot;:&quot;inherit&quot;,&quot;post_mime_type&quot;:&quot;image&quot;,&quot;posts_per_page&quot;:&quot;3&quot;},&quot;orderby_query_args&quot;:{&quot;orderby&quot;:{&quot;date&quot;:&quot;DESC&quot;}},&quot;type&quot;:&quot;grid&quot;,&quot;us_grid_post_type&quot;:&quot;attachment&quot;,&quot;us_grid_ajax_index&quot;:1,&quot;us_grid_filter_query_string&quot;:null,&quot;us_grid_index&quot;:1,&quot;page_args&quot;:[],&quot;lang&quot;:&quot;de&quot;}}'><\/div>\r\n\t<\/div><\/div><\/div><\/div><\/div><\/div><\/section><section class=\"l-section wpb_row height_small\"><div class=\"l-section-h i-cf\"><div class=\"g-cols vc_row via_flex valign_middle type_default stacking_default\"><div class=\"vc_col-sm-3 wpb_column vc_column_container\"><div class=\"vc_column-inner\"><div class=\"wpb_wrapper\"><div class=\"wpb_text_column us_custom_e94e53fe\"><div class=\"wpb_wrapper\"><h6 style=\"text-align: center;\">Die Villa Riz verf\u00fcgt \u00fcber 6 Zimmer-Kategorien:<\/h6>\n<\/div><\/div><div class=\"w-popup w-btn-wrapper align_center\"><button type=\"button\" aria-label=\"Virtual Tour Villa Riz\" class=\"w-popup-trigger type_btn w-btn us-btn-style_1\" style=\"font-size:18px\"><span class=\"w-btn-label\">Virtual Tour Villa Riz<\/span><\/button><div class=\"w-popup-overlay\" style=\"background:rgba(0,0,0,0.85);\"><\/div><div class=\"w-popup-wrap layout_default\" role=\"dialog\" aria-modal=\"true\" aria-label=\"Virtual Tour Villa Riz\" style=\"--title-color:var(--color-content-heading);--title-bg-color:var(--color-content-bg-alt);--content-color:var(--color-content-text);--content-bg-color:var(--color-content-bg);--popup-width:600px;--popup-padding:5%;\"><button aria-label=\"Schlie\u00dfen\" class=\"w-popup-closer\" type=\"button\"><\/button><div class=\"w-popup-box animation_fadeIn closerpos_outside without_title\"><div class=\"w-popup-box-h\"><div class=\"w-popup-box-content\"><p><iframe loading=\"lazy\" style=\"border: 0;\" src=\"https:\/\/www.google.com\/maps\/embed?pb=!4v1580038504973!6m8!1m7!1sCAoSLEFGMVFpcE8tLXNacDhhaFlxeHZaRDA2SlZac09ObTZJSnp2cFFKWC01WGlu!2m2!1d44.19367151894257!2d12.41101532556104!3f310.7!4f-17.909999999999997!5f0.6966724638303785\" width=\"600\" height=\"450\" frameborder=\"0\" allowfullscreen=\"allowfullscreen\"><\/iframe><\/p>\n<\/div><\/div><\/div><\/div><\/div><\/div><\/div><\/div><div class=\"vc_col-sm-9 wpb_column vc_column_container\"><div class=\"vc_column-inner\"><div class=\"wpb_wrapper\"><div class=\"g-cols wpb_row via_flex valign_middle type_default stacking_default\"><div class=\"vc_col-sm-6 wpb_column vc_column_container\"><div class=\"vc_column-inner\"><div class=\"wpb_wrapper\"><div class=\"wpb_text_column us_custom_584b63f5\"><div class=\"wpb_wrapper\"><h4 style=\"text-align: center;\"><em><span style=\"font-family: georgia, palatino, serif;\">Prestige<br \/>\n<\/span><\/em><span style=\"font-family: georgia, palatino, serif; font-size: 18pt;\"><span style=\"color: #db8f2b;\">(17 mq)<\/span><\/span><\/h4>\n<p style=\"text-align: center;\"><em><span style=\"color: #e8e8e8; font-size: 12pt; font-family: georgia, palatino, serif;\"><span style=\"color: #db8f2b;\">mit Fenster<\/span><\/span><\/em><\/p>\n<\/div><\/div><div class=\"wpb_text_column us_custom_584b63f5\"><div class=\"wpb_wrapper\"><h4 style=\"text-align: center;\"><em><span style=\"font-family: georgia, palatino, serif;\">Prestige Balcony<br \/>\n<\/span><\/em><span style=\"font-family: georgia, palatino, serif;\"><span style=\"font-size: 18pt; color: #db8f2b;\">(17 mq)<\/span><\/span><\/h4>\n<p style=\"text-align: center;\"><em><span style=\"color: #e8e8e8; font-size: 12pt; font-family: georgia, palatino, serif;\"><span style=\"color: #db8f2b;\">mit Balkon<\/span><\/span><\/em><\/p>\n<\/div><\/div><div class=\"wpb_text_column us_custom_584b63f5\"><div class=\"wpb_wrapper\"><h4 style=\"text-align: center;\"><em><span style=\"font-family: georgia, palatino, serif;\">Family Suite<br \/>\n<\/span><\/em><span style=\"font-family: georgia, palatino, serif;\"><span style=\"font-size: 18pt; color: #db8f2b;\">(26 mq)<\/span><\/span><\/h4>\n<p style=\"text-align: center;\"><em><span style=\"color: #e8e8e8; font-size: 12pt; font-family: georgia, palatino, serif;\"><span style=\"color: #db8f2b;\">mit Balkon<\/span><\/span><\/em><\/p>\n<\/div><\/div><\/div><\/div><\/div><div class=\"vc_col-sm-6 wpb_column vc_column_container\"><div class=\"vc_column-inner\"><div class=\"wpb_wrapper\"><div class=\"wpb_text_column us_custom_584b63f5\"><div class=\"wpb_wrapper\"><h4 style=\"text-align: center;\"><em><span style=\"font-family: georgia, palatino, serif;\">Family Suite Garden<br \/>\n<\/span><\/em><span style=\"font-family: georgia, palatino, serif;\"><span style=\"font-size: 18pt; color: #db8f2b;\">(26 mq)<\/span><\/span><\/h4>\n<p style=\"text-align: center;\"><em><span style=\"color: #e8e8e8; font-size: 12pt; font-family: georgia, palatino, serif;\"><span style=\"color: #db8f2b;\">mit 2 Zimmern,<br \/>\nmit Garten<\/span><\/span><\/em><\/p>\n<\/div><\/div><div class=\"wpb_text_column us_custom_584b63f5\"><div class=\"wpb_wrapper\"><h4 style=\"text-align: center;\"><em><span style=\"font-family: georgia, palatino, serif;\">Family Suite Twin<br \/>\n<\/span><\/em><span style=\"font-family: georgia, palatino, serif;\"><span style=\"font-size: 18pt; color: #db8f2b;\">(30 mq)<\/span><\/span><\/h4>\n<p style=\"text-align: center;\"><em><span style=\"color: #e8e8e8; font-size: 12pt; font-family: georgia, palatino, serif;\"><span style=\"color: #db8f2b;\">mit 2 Zimmern und 2 Balkonen<br \/>\n<\/span><\/span><\/em><\/p>\n<\/div><\/div><div class=\"wpb_text_column us_custom_584b63f5\"><div class=\"wpb_wrapper\"><h4 style=\"text-align: center;\"><em><span style=\"font-family: georgia, palatino, serif;\">Family Suite Twin Gold<br \/>\n<\/span><\/em><span style=\"font-family: georgia, palatino, serif;\"><span style=\"font-size: 18pt; color: #db8f2b;\">(32 mq)<\/span><\/span><\/h4>\n<p style=\"text-align: center;\"><em><span style=\"color: #e8e8e8; font-size: 12pt; font-family: georgia, palatino, serif;\"><span style=\"color: #db8f2b;\">mit 2 Zimmern, 2 B\u00e4der\/WC und 2 Balkonen<br \/>\n<\/span><\/span><\/em><\/p>\n<\/div><\/div><\/div><\/div><\/div><\/div><\/div><\/div><\/div><\/div><\/div><\/section>\n","protected":false},"excerpt":{"rendered":"","protected":false},"author":1,"featured_media":0,"parent":0,"menu_order":0,"comment_status":"closed","ping_status":"closed","template":"","meta":{"footnotes":""},"class_list":["post-6949","page","type-page","status-publish","hentry"],"yoast_head":"<!-- This site is optimized with the Yoast SEO plugin v26.7 - https:\/\/yoast.com\/wordpress\/plugins\/seo\/ -->\n<title>Zimmer Villa Riz, Suites Hotel Cesenatico<\/title>\n<meta name=\"description\" content=\"Zimmer Villa Riz Cesenatico: Direkt beim Hotel Riz haben wir eine Luxus-Depandance: 28 Zimmern sind\u00a018 neue ger\u00e4umigere Suiten\u00a0entstanden.Suites Zimmer Prestige und Family.\" \/>\n<meta name=\"robots\" content=\"index, follow, max-snippet:-1, max-image-preview:large, max-video-preview:-1\" \/>\n<link rel=\"canonical\" href=\"https:\/\/www.rizhotel.com\/de\/zimmer-villa-riz-cesenatico\" \/>\n<meta property=\"og:locale\" content=\"de_DE\" \/>\n<meta property=\"og:type\" content=\"article\" \/>\n<meta property=\"og:title\" content=\"Zimmer Villa Riz, Suites Hotel Cesenatico\" \/>\n<meta property=\"og:description\" content=\"Zimmer Villa Riz Cesenatico: Direkt beim Hotel Riz haben wir eine Luxus-Depandance: 28 Zimmern sind\u00a018 neue ger\u00e4umigere Suiten\u00a0entstanden.Suites Zimmer Prestige und Family.\" \/>\n<meta property=\"og:url\" content=\"https:\/\/www.rizhotel.com\/de\/zimmer-villa-riz-cesenatico\" \/>\n<meta property=\"og:site_name\" content=\"Hotel Riz Cesenatico, All inclusive con piscina, Centro benessere e spiaggia\" \/>\n<meta property=\"article:modified_time\" content=\"2025-01-12T09:25:46+00:00\" \/>\n<meta name=\"twitter:card\" content=\"summary_large_image\" \/>\n<meta name=\"twitter:label1\" content=\"Gesch\u00e4tzte Lesezeit\" \/>\n\t<meta name=\"twitter:data1\" content=\"1\u00a0Minute\" \/>\n<script type=\"application\/ld+json\" class=\"yoast-schema-graph\">{\"@context\":\"https:\/\/schema.org\",\"@graph\":[{\"@type\":\"WebPage\",\"@id\":\"https:\/\/www.rizhotel.com\/de\/zimmer-villa-riz-cesenatico\",\"url\":\"https:\/\/www.rizhotel.com\/de\/zimmer-villa-riz-cesenatico\",\"name\":\"Zimmer Villa Riz, Suites Hotel Cesenatico\",\"isPartOf\":{\"@id\":\"https:\/\/www.rizhotel.com\/de\/#website\"},\"datePublished\":\"2020-02-22T09:00:49+00:00\",\"dateModified\":\"2025-01-12T09:25:46+00:00\",\"description\":\"Zimmer Villa Riz Cesenatico: Direkt beim Hotel Riz haben wir eine Luxus-Depandance: 28 Zimmern sind\u00a018 neue ger\u00e4umigere Suiten\u00a0entstanden.Suites Zimmer Prestige und Family.\",\"breadcrumb\":{\"@id\":\"https:\/\/www.rizhotel.com\/de\/zimmer-villa-riz-cesenatico#breadcrumb\"},\"inLanguage\":\"de\",\"potentialAction\":[{\"@type\":\"ReadAction\",\"target\":[\"https:\/\/www.rizhotel.com\/de\/zimmer-villa-riz-cesenatico\"]}]},{\"@type\":\"BreadcrumbList\",\"@id\":\"https:\/\/www.rizhotel.com\/de\/zimmer-villa-riz-cesenatico#breadcrumb\",\"itemListElement\":[{\"@type\":\"ListItem\",\"position\":1,\"name\":\"Home\",\"item\":\"https:\/\/www.rizhotel.com\/de\"},{\"@type\":\"ListItem\",\"position\":2,\"name\":\"Zimmer Villa Riz, Suites Hotel Cesenatico\"}]},{\"@type\":\"WebSite\",\"@id\":\"https:\/\/www.rizhotel.com\/de\/#website\",\"url\":\"https:\/\/www.rizhotel.com\/de\/\",\"name\":\"Hotel Riz Cesenatico, All inclusive con piscina, Centro benessere e spiaggia\",\"description\":\"Vacanze a Cesenatico\",\"potentialAction\":[{\"@type\":\"SearchAction\",\"target\":{\"@type\":\"EntryPoint\",\"urlTemplate\":\"https:\/\/www.rizhotel.com\/de\/?s={search_term_string}\"},\"query-input\":{\"@type\":\"PropertyValueSpecification\",\"valueRequired\":true,\"valueName\":\"search_term_string\"}}],\"inLanguage\":\"de\"}]}<\/script>\n<!-- \/ Yoast SEO plugin. -->","yoast_head_json":{"title":"Zimmer Villa Riz, Suites Hotel Cesenatico","description":"Zimmer Villa Riz Cesenatico: Direkt beim Hotel Riz haben wir eine Luxus-Depandance: 28 Zimmern sind\u00a018 neue ger\u00e4umigere Suiten\u00a0entstanden.Suites Zimmer Prestige und Family.","robots":{"index":"index","follow":"follow","max-snippet":"max-snippet:-1","max-image-preview":"max-image-preview:large","max-video-preview":"max-video-preview:-1"},"canonical":"https:\/\/www.rizhotel.com\/de\/zimmer-villa-riz-cesenatico","og_locale":"de_DE","og_type":"article","og_title":"Zimmer Villa Riz, Suites Hotel Cesenatico","og_description":"Zimmer Villa Riz Cesenatico: Direkt beim Hotel Riz haben wir eine Luxus-Depandance: 28 Zimmern sind\u00a018 neue ger\u00e4umigere Suiten\u00a0entstanden.Suites Zimmer Prestige und Family.","og_url":"https:\/\/www.rizhotel.com\/de\/zimmer-villa-riz-cesenatico","og_site_name":"Hotel Riz Cesenatico, All inclusive con piscina, Centro benessere e spiaggia","article_modified_time":"2025-01-12T09:25:46+00:00","twitter_card":"summary_large_image","twitter_misc":{"Gesch\u00e4tzte Lesezeit":"1\u00a0Minute"},"schema":{"@context":"https:\/\/schema.org","@graph":[{"@type":"WebPage","@id":"https:\/\/www.rizhotel.com\/de\/zimmer-villa-riz-cesenatico","url":"https:\/\/www.rizhotel.com\/de\/zimmer-villa-riz-cesenatico","name":"Zimmer Villa Riz, Suites Hotel Cesenatico","isPartOf":{"@id":"https:\/\/www.rizhotel.com\/de\/#website"},"datePublished":"2020-02-22T09:00:49+00:00","dateModified":"2025-01-12T09:25:46+00:00","description":"Zimmer Villa Riz Cesenatico: Direkt beim Hotel Riz haben wir eine Luxus-Depandance: 28 Zimmern sind\u00a018 neue ger\u00e4umigere Suiten\u00a0entstanden.Suites Zimmer Prestige und Family.","breadcrumb":{"@id":"https:\/\/www.rizhotel.com\/de\/zimmer-villa-riz-cesenatico#breadcrumb"},"inLanguage":"de","potentialAction":[{"@type":"ReadAction","target":["https:\/\/www.rizhotel.com\/de\/zimmer-villa-riz-cesenatico"]}]},{"@type":"BreadcrumbList","@id":"https:\/\/www.rizhotel.com\/de\/zimmer-villa-riz-cesenatico#breadcrumb","itemListElement":[{"@type":"ListItem","position":1,"name":"Home","item":"https:\/\/www.rizhotel.com\/de"},{"@type":"ListItem","position":2,"name":"Zimmer Villa Riz, Suites Hotel Cesenatico"}]},{"@type":"WebSite","@id":"https:\/\/www.rizhotel.com\/de\/#website","url":"https:\/\/www.rizhotel.com\/de\/","name":"Hotel Riz Cesenatico, All inclusive con piscina, Centro benessere e spiaggia","description":"Vacanze a Cesenatico","potentialAction":[{"@type":"SearchAction","target":{"@type":"EntryPoint","urlTemplate":"https:\/\/www.rizhotel.com\/de\/?s={search_term_string}"},"query-input":{"@type":"PropertyValueSpecification","valueRequired":true,"valueName":"search_term_string"}}],"inLanguage":"de"}]}},"_links":{"self":[{"href":"https:\/\/www.rizhotel.com\/de\/wp-json\/wp\/v2\/pages\/6949","targetHints":{"allow":["GET"]}}],"collection":[{"href":"https:\/\/www.rizhotel.com\/de\/wp-json\/wp\/v2\/pages"}],"about":[{"href":"https:\/\/www.rizhotel.com\/de\/wp-json\/wp\/v2\/types\/page"}],"author":[{"embeddable":true,"href":"https:\/\/www.rizhotel.com\/de\/wp-json\/wp\/v2\/users\/1"}],"replies":[{"embeddable":true,"href":"https:\/\/www.rizhotel.com\/de\/wp-json\/wp\/v2\/comments?post=6949"}],"version-history":[{"count":9,"href":"https:\/\/www.rizhotel.com\/de\/wp-json\/wp\/v2\/pages\/6949\/revisions"}],"predecessor-version":[{"id":9579,"href":"https:\/\/www.rizhotel.com\/de\/wp-json\/wp\/v2\/pages\/6949\/revisions\/9579"}],"wp:attachment":[{"href":"https:\/\/www.rizhotel.com\/de\/wp-json\/wp\/v2\/media?parent=6949"}],"curies":[{"name":"wp","href":"https:\/\/api.w.org\/{rel}","templated":true}]}}