{"id":6972,"date":"2020-02-15T17:53:38","date_gmt":"2020-02-15T17:53:38","guid":{"rendered":"https:\/\/ufficio80.xyz\/riz4\/come-raggiungere-cesenatico.html"},"modified":"2026-03-04T07:28:34","modified_gmt":"2026-03-04T07:28:34","slug":"wo-sind-wir-hotel-riz-cesenatico","status":"publish","type":"page","link":"https:\/\/www.rizhotel.com\/de\/wo-sind-wir-hotel-riz-cesenatico","title":{"rendered":"Wo sind wir Hotel Riz Cesenatico"},"content":{"rendered":"<section class=\"l-section wpb_row height_small\"><div class=\"l-section-h i-cf\"><div class=\"g-cols vc_row via_flex valign_top type_default stacking_default\"><div class=\"vc_col-sm-12 wpb_column vc_column_container\"><div class=\"vc_column-inner\"><div class=\"wpb_wrapper\"><div class=\"wpb_text_column\"><div class=\"wpb_wrapper\"><h5 style=\"text-align: center;\">\u00a0Wie Sie zu uns kommen<\/h5>\n<\/div><\/div><\/div><\/div><\/div><\/div><\/div><\/section><section class=\"l-section wpb_row us_custom_0bebd569 height_auto width_full\"><div class=\"l-section-h i-cf\"><div class=\"g-cols vc_row via_flex valign_middle type_default stacking_default\"><div class=\"vc_col-sm-6 wpb_column vc_column_container\"><div class=\"vc_column-inner\"><div class=\"wpb_wrapper\"><div class=\"w-image align_center\"><div class=\"w-image-h\"><img decoding=\"async\" width=\"1024\" height=\"1024\" src=\"https:\/\/www.rizhotel.com\/wp-content\/uploads\/2024\/12\/dove-siamo.jpg\" class=\"attachment-full size-full\" alt=\"\" loading=\"lazy\" srcset=\"https:\/\/www.rizhotel.com\/wp-content\/uploads\/2024\/12\/dove-siamo.jpg 1024w, https:\/\/www.rizhotel.com\/wp-content\/uploads\/2024\/12\/dove-siamo-300x300.jpg 300w, https:\/\/www.rizhotel.com\/wp-content\/uploads\/2024\/12\/dove-siamo-150x150.jpg 150w, https:\/\/www.rizhotel.com\/wp-content\/uploads\/2024\/12\/dove-siamo-600x600.jpg 600w\" sizes=\"auto, (max-width: 1024px) 100vw, 1024px\" \/><\/div><\/div><\/div><\/div><\/div><div class=\"vc_col-sm-6 wpb_column vc_column_container\"><div class=\"vc_column-inner\"><div class=\"wpb_wrapper\"><div class=\"wpb_text_column us_custom_8665cf32\"><div class=\"wpb_wrapper\"><h4>ZUG<\/h4>\n<p>Der Bahnhof Cesenatico ist 2 km entfernt und gut mit Taxis und \u00f6ffentlichen Verkehrsmitteln erreichbar.<\/p>\n<p>Direktz\u00fcge von M\u00fcnchen und Z\u00fcrich verbinden Deutschland, \u00d6sterreich und die Schweiz dank der Haltestellen in Cesena (14km) und Rimini (20km) optimal mit der Adriak\u00fcste.<br \/>\nVon und zu Cesena und Rimini bieten wir Transfers mit unserem 9-Sitzer-Bus an.<\/p>\n<h4>FLUGZEUG<\/h4>\n<p><span style=\"font-size: 12pt;\">Von diversen Flugh\u00e4fen Deutschlands, \u00d6sterreichs und der Schweiz finden Sie t\u00e4glich Alitalia und Lufthansa Verbindungen nach Bologna. Einige Flugzeuge fliegen auch direkt bis zum Flughafen Rimini-Miramare. Wir organisieren Transfers hin und zur\u00fcck mit unserem Bus.<\/span><\/p>\n<h4>AUTO<\/h4>\n<p><span style=\"font-size: 12pt;\">Aus Richtung Norden kommend, kommen Sie am schnellsten auf der Autobahn \u201cMare\u201d A 14 Bologna-Bari zu uns. Bei der Ausfahrt \u201cCesena\u201d (Achtung! NICHT \u201cCesena Nord\u201d ausfahren) fahren Sie ab und bleiben auf der Schnellstra\u00dfe nach Cesenatico. In Cesenatico angekommen, folgen Sie den Hinweisschildern zum Meer und Sie finden uns im Zentrum von Cesenatico \u2013 direkt an der Strandpromenade.<\/span><\/p>\n<\/div><\/div><\/div><\/div><\/div><\/div><\/div><\/section><section class=\"l-section wpb_row height_auto width_full\"><div class=\"l-section-h i-cf\"><div class=\"g-cols vc_row via_flex valign_top type_default stacking_default\"><div class=\"vc_col-sm-12 wpb_column vc_column_container\"><div class=\"vc_column-inner\"><div class=\"wpb_wrapper\"><div class=\"w-map provider_osm\" id=\"us_map_1\"><div class=\"w-map-inner\"><div class=\"w-map-json\" onclick='return {&quot;address&quot;:&quot;44.193934, 12.411446&quot;,&quot;disableDragging&quot;:1,&quot;disableZoom&quot;:1,&quot;hideControls&quot;:0,&quot;zoom&quot;:17,&quot;markers&quot;:[{&quot;address&quot;:&quot;44.193934, 12.411446&quot;,&quot;html&quot;:&quot;&lt;h6&gt;Hotel Riz&lt;\\\/h6&gt;&lt;p&gt;Cesenatico&lt;\\\/p&gt;&quot;,&quot;infowindow&quot;:0}],&quot;icon&quot;:{&quot;url&quot;:&quot;https:\\\/\\\/www.rizhotel.com\\\/wp-content\\\/uploads\\\/2020\\\/02\\\/marcatore-Riz-1-150x150.png&quot;,&quot;size&quot;:[60,60]},&quot;style&quot;:&quot;https:\\\/\\\/{s}.tile.openstreetmap.org\\\/{z}\\\/{x}\\\/{y}.png&quot;}'><\/div><\/div><\/div><\/div><\/div><\/div><\/div><\/div><\/section>\n","protected":false},"excerpt":{"rendered":"\u00a0Wie Sie zu uns kommen ZUG Der Bahnhof Cesenatico ist 2 km entfernt und gut mit Taxis und \u00f6ffentlichen Verkehrsmitteln erreichbar. Direktz\u00fcge von M\u00fcnchen und Z\u00fcrich verbinden Deutschland, \u00d6sterreich und die Schweiz dank der Haltestellen in Cesena (14km) und Rimini (20km) optimal mit der Adriak\u00fcste. Von und zu Cesena und Rimini bieten wir Transfers mit...","protected":false},"author":1,"featured_media":0,"parent":0,"menu_order":0,"comment_status":"closed","ping_status":"closed","template":"","meta":{"footnotes":""},"class_list":["post-6972","page","type-page","status-publish","hentry"],"yoast_head":"<!-- This site is optimized with the Yoast SEO plugin v26.7 - https:\/\/yoast.com\/wordpress\/plugins\/seo\/ -->\n<title>Wo sind wir Hotel Riz Cesenatico<\/title>\n<meta name=\"description\" content=\"Wo sind wir Hotel Riz Cesenatico. Wie man nach Cesenatico zu bekommen : Auto , Bahn oder Flugzeug.\" \/>\n<meta name=\"robots\" content=\"index, follow, max-snippet:-1, max-image-preview:large, max-video-preview:-1\" \/>\n<link rel=\"canonical\" href=\"https:\/\/www.rizhotel.com\/de\/wo-sind-wir-hotel-riz-cesenatico\" \/>\n<meta property=\"og:locale\" content=\"de_DE\" \/>\n<meta property=\"og:type\" content=\"article\" \/>\n<meta property=\"og:title\" content=\"Wo sind wir Hotel Riz Cesenatico\" \/>\n<meta property=\"og:description\" content=\"Wo sind wir Hotel Riz Cesenatico. Wie man nach Cesenatico zu bekommen : Auto , Bahn oder Flugzeug.\" \/>\n<meta property=\"og:url\" content=\"https:\/\/www.rizhotel.com\/de\/wo-sind-wir-hotel-riz-cesenatico\" \/>\n<meta property=\"og:site_name\" content=\"Hotel Riz Cesenatico, All inclusive con piscina, Centro benessere e spiaggia\" \/>\n<meta property=\"article:modified_time\" content=\"2026-03-04T07:28:34+00:00\" \/>\n<meta name=\"twitter:card\" content=\"summary_large_image\" \/>\n<meta name=\"twitter:label1\" content=\"Gesch\u00e4tzte Lesezeit\" \/>\n\t<meta name=\"twitter:data1\" content=\"1\u00a0Minute\" \/>\n<script type=\"application\/ld+json\" class=\"yoast-schema-graph\">{\"@context\":\"https:\/\/schema.org\",\"@graph\":[{\"@type\":\"WebPage\",\"@id\":\"https:\/\/www.rizhotel.com\/de\/wo-sind-wir-hotel-riz-cesenatico\",\"url\":\"https:\/\/www.rizhotel.com\/de\/wo-sind-wir-hotel-riz-cesenatico\",\"name\":\"Wo sind wir Hotel Riz Cesenatico\",\"isPartOf\":{\"@id\":\"https:\/\/www.rizhotel.com\/de\/#website\"},\"datePublished\":\"2020-02-15T17:53:38+00:00\",\"dateModified\":\"2026-03-04T07:28:34+00:00\",\"description\":\"Wo sind wir Hotel Riz Cesenatico. Wie man nach Cesenatico zu bekommen : Auto , Bahn oder Flugzeug.\",\"breadcrumb\":{\"@id\":\"https:\/\/www.rizhotel.com\/de\/wo-sind-wir-hotel-riz-cesenatico#breadcrumb\"},\"inLanguage\":\"de\",\"potentialAction\":[{\"@type\":\"ReadAction\",\"target\":[\"https:\/\/www.rizhotel.com\/de\/wo-sind-wir-hotel-riz-cesenatico\"]}]},{\"@type\":\"BreadcrumbList\",\"@id\":\"https:\/\/www.rizhotel.com\/de\/wo-sind-wir-hotel-riz-cesenatico#breadcrumb\",\"itemListElement\":[{\"@type\":\"ListItem\",\"position\":1,\"name\":\"Home\",\"item\":\"https:\/\/www.rizhotel.com\/de\"},{\"@type\":\"ListItem\",\"position\":2,\"name\":\"Wo sind wir Hotel Riz Cesenatico\"}]},{\"@type\":\"WebSite\",\"@id\":\"https:\/\/www.rizhotel.com\/de\/#website\",\"url\":\"https:\/\/www.rizhotel.com\/de\/\",\"name\":\"Hotel Riz Cesenatico, All inclusive con piscina, Centro benessere e spiaggia\",\"description\":\"Vacanze a Cesenatico\",\"potentialAction\":[{\"@type\":\"SearchAction\",\"target\":{\"@type\":\"EntryPoint\",\"urlTemplate\":\"https:\/\/www.rizhotel.com\/de\/?s={search_term_string}\"},\"query-input\":{\"@type\":\"PropertyValueSpecification\",\"valueRequired\":true,\"valueName\":\"search_term_string\"}}],\"inLanguage\":\"de\"}]}<\/script>\n<!-- \/ Yoast SEO plugin. -->","yoast_head_json":{"title":"Wo sind wir Hotel Riz Cesenatico","description":"Wo sind wir Hotel Riz Cesenatico. Wie man nach Cesenatico zu bekommen : Auto , Bahn oder Flugzeug.","robots":{"index":"index","follow":"follow","max-snippet":"max-snippet:-1","max-image-preview":"max-image-preview:large","max-video-preview":"max-video-preview:-1"},"canonical":"https:\/\/www.rizhotel.com\/de\/wo-sind-wir-hotel-riz-cesenatico","og_locale":"de_DE","og_type":"article","og_title":"Wo sind wir Hotel Riz Cesenatico","og_description":"Wo sind wir Hotel Riz Cesenatico. Wie man nach Cesenatico zu bekommen : Auto , Bahn oder Flugzeug.","og_url":"https:\/\/www.rizhotel.com\/de\/wo-sind-wir-hotel-riz-cesenatico","og_site_name":"Hotel Riz Cesenatico, All inclusive con piscina, Centro benessere e spiaggia","article_modified_time":"2026-03-04T07:28:34+00:00","twitter_card":"summary_large_image","twitter_misc":{"Gesch\u00e4tzte Lesezeit":"1\u00a0Minute"},"schema":{"@context":"https:\/\/schema.org","@graph":[{"@type":"WebPage","@id":"https:\/\/www.rizhotel.com\/de\/wo-sind-wir-hotel-riz-cesenatico","url":"https:\/\/www.rizhotel.com\/de\/wo-sind-wir-hotel-riz-cesenatico","name":"Wo sind wir Hotel Riz Cesenatico","isPartOf":{"@id":"https:\/\/www.rizhotel.com\/de\/#website"},"datePublished":"2020-02-15T17:53:38+00:00","dateModified":"2026-03-04T07:28:34+00:00","description":"Wo sind wir Hotel Riz Cesenatico. Wie man nach Cesenatico zu bekommen : Auto , Bahn oder Flugzeug.","breadcrumb":{"@id":"https:\/\/www.rizhotel.com\/de\/wo-sind-wir-hotel-riz-cesenatico#breadcrumb"},"inLanguage":"de","potentialAction":[{"@type":"ReadAction","target":["https:\/\/www.rizhotel.com\/de\/wo-sind-wir-hotel-riz-cesenatico"]}]},{"@type":"BreadcrumbList","@id":"https:\/\/www.rizhotel.com\/de\/wo-sind-wir-hotel-riz-cesenatico#breadcrumb","itemListElement":[{"@type":"ListItem","position":1,"name":"Home","item":"https:\/\/www.rizhotel.com\/de"},{"@type":"ListItem","position":2,"name":"Wo sind wir Hotel Riz Cesenatico"}]},{"@type":"WebSite","@id":"https:\/\/www.rizhotel.com\/de\/#website","url":"https:\/\/www.rizhotel.com\/de\/","name":"Hotel Riz Cesenatico, All inclusive con piscina, Centro benessere e spiaggia","description":"Vacanze a Cesenatico","potentialAction":[{"@type":"SearchAction","target":{"@type":"EntryPoint","urlTemplate":"https:\/\/www.rizhotel.com\/de\/?s={search_term_string}"},"query-input":{"@type":"PropertyValueSpecification","valueRequired":true,"valueName":"search_term_string"}}],"inLanguage":"de"}]}},"_links":{"self":[{"href":"https:\/\/www.rizhotel.com\/de\/wp-json\/wp\/v2\/pages\/6972","targetHints":{"allow":["GET"]}}],"collection":[{"href":"https:\/\/www.rizhotel.com\/de\/wp-json\/wp\/v2\/pages"}],"about":[{"href":"https:\/\/www.rizhotel.com\/de\/wp-json\/wp\/v2\/types\/page"}],"author":[{"embeddable":true,"href":"https:\/\/www.rizhotel.com\/de\/wp-json\/wp\/v2\/users\/1"}],"replies":[{"embeddable":true,"href":"https:\/\/www.rizhotel.com\/de\/wp-json\/wp\/v2\/comments?post=6972"}],"version-history":[{"count":9,"href":"https:\/\/www.rizhotel.com\/de\/wp-json\/wp\/v2\/pages\/6972\/revisions"}],"predecessor-version":[{"id":10097,"href":"https:\/\/www.rizhotel.com\/de\/wp-json\/wp\/v2\/pages\/6972\/revisions\/10097"}],"wp:attachment":[{"href":"https:\/\/www.rizhotel.com\/de\/wp-json\/wp\/v2\/media?parent=6972"}],"curies":[{"name":"wp","href":"https:\/\/api.w.org\/{rel}","templated":true}]}}