{"id":6988,"date":"2020-01-26T16:19:40","date_gmt":"2020-01-26T16:19:40","guid":{"rendered":"https:\/\/ufficio80.xyz\/riz4\/hotel-con-ristorante-tutto-compreso-cesenatico.html"},"modified":"2024-11-21T17:14:33","modified_gmt":"2024-11-21T17:14:33","slug":"restaurant-cesenatico","status":"publish","type":"page","link":"https:\/\/www.rizhotel.com\/de\/restaurant-cesenatico","title":{"rendered":"Das Restaurant Buffet Hotel Riz in Cesenatico: Fr\u00fchst\u00fcck, Beach Restaurant"},"content":{"rendered":"<section class=\"l-section wpb_row height_auto width_full\"><div class=\"l-section-h i-cf\"><div class=\"g-cols vc_row via_flex valign_top type_default stacking_default\"><div class=\"vc_col-sm-12 wpb_column vc_column_container has_text_color\"><div class=\"vc_column-inner us_custom_6df4bc3a\"><div class=\"wpb_wrapper\"><div class=\"w-image align_center\"><div class=\"w-image-h\"><img decoding=\"async\" width=\"1920\" height=\"1201\" src=\"https:\/\/www.rizhotel.com\/wp-content\/uploads\/2020\/01\/ristorante-riz.jpg\" class=\"attachment-full size-full\" alt=\"\" loading=\"lazy\" srcset=\"https:\/\/www.rizhotel.com\/wp-content\/uploads\/2020\/01\/ristorante-riz.jpg 1920w, https:\/\/www.rizhotel.com\/wp-content\/uploads\/2020\/01\/ristorante-riz-300x188.jpg 300w, https:\/\/www.rizhotel.com\/wp-content\/uploads\/2020\/01\/ristorante-riz-1024x641.jpg 1024w, https:\/\/www.rizhotel.com\/wp-content\/uploads\/2020\/01\/ristorante-riz-1536x961.jpg 1536w\" sizes=\"auto, (max-width: 1920px) 100vw, 1920px\" \/><\/div><\/div><div class=\"wpb_text_column us_custom_c3f07d27\"><div class=\"wpb_wrapper\"><h2 style=\"text-align: center;\">Restaurant Buffet<\/h2>\n<p style=\"text-align: center;\"><em><span style=\"font-family: georgia, palatino, serif;\">Italienische K\u00fcche, reichhaltiges Buffets und unsere Leidenschaft\u2026<\/span><\/em><\/p>\n<\/div><\/div><\/div><\/div><\/div><\/div><\/div><\/section><section class=\"l-section wpb_row height_small\"><div class=\"l-section-h i-cf\"><div class=\"g-cols vc_row via_flex valign_middle type_default stacking_default\"><div class=\"vc_col-sm-4 wpb_column vc_column_container\"><div class=\"vc_column-inner\"><div class=\"wpb_wrapper\"><div class=\"wpb_text_column\"><div class=\"wpb_wrapper\"><h4>FR\u00dcHST\u00dcCK::<\/h4>\n<p><em><span style=\"font-family: georgia, palatino, serif;\">Zum Fr\u00fchst\u00fcck erwartet Sie schon ab 07:30 Uhr <strong>ein reichhaltiges Buffet mit zahlreichen s\u00fc\u00dfen und pikanten Leckerbissen:<\/strong><\/span><\/em><\/p>\n<p><em><span style=\"font-family: georgia, palatino, serif;\">M\u00fcsli und Corn-Flakes, Verschiedene Marmeladesorten, Honig und Nutella, Hausgemachter Kuchen und hei\u00dfe Croissants, Gekochte Eier, Speigeleier und Speck, Wurst, K\u00e4se und Schinken.<\/span><\/em><\/p>\n<\/div><\/div><\/div><\/div><\/div><div class=\"vc_col-sm-4 wpb_column vc_column_container\"><div class=\"vc_column-inner\"><div class=\"wpb_wrapper\"><div class=\"w-image align_center\"><a ref=\"magnificPopup\" href=\"https:\/\/www.rizhotel.com\/wp-content\/uploads\/2020\/01\/colazione-continentale.jpg\" aria-label=\"colazione continentale\" class=\"w-image-h\"><img decoding=\"async\" width=\"1024\" height=\"1024\" src=\"https:\/\/www.rizhotel.com\/wp-content\/uploads\/2020\/01\/colazione-continentale.jpg\" class=\"attachment-large size-large\" alt=\"\" loading=\"lazy\" srcset=\"https:\/\/www.rizhotel.com\/wp-content\/uploads\/2020\/01\/colazione-continentale.jpg 1025w, https:\/\/www.rizhotel.com\/wp-content\/uploads\/2020\/01\/colazione-continentale-300x300.jpg 300w, https:\/\/www.rizhotel.com\/wp-content\/uploads\/2020\/01\/colazione-continentale-150x150.jpg 150w, https:\/\/www.rizhotel.com\/wp-content\/uploads\/2020\/01\/colazione-continentale-600x600.jpg 600w\" sizes=\"auto, (max-width: 1024px) 100vw, 1024px\" \/><\/a><\/div><\/div><\/div><\/div><div class=\"vc_col-sm-4 wpb_column vc_column_container\"><div class=\"vc_column-inner\"><div class=\"wpb_wrapper\"><div class=\"wpb_text_column\"><div class=\"wpb_wrapper\"><p><i class=\"fas fa-check\" style=\"color: #DB8F2B\"><\/i> S\u00e4fte<br \/>\n<i class=\"fas fa-check\" style=\"color: #DB8F2B\"><\/i> Yoghurt<br \/>\n<i class=\"fas fa-check\" style=\"color: #DB8F2B\"><\/i> frisches Obst<br \/>\n<i class=\"fas fa-check\" style=\"color: #DB8F2B\"><\/i> frisches gebackenes Schwarzbrot<br \/>\n<i class=\"fas fa-check\" style=\"color: #DB8F2B\"><\/i> Br\u00f6tchen<br \/>\n<i class=\"fas fa-check\" style=\"color: #DB8F2B\"><\/i> Wei\u00dfbrot<\/p>\n<\/div><\/div><\/div><\/div><\/div><\/div><\/div><\/section><section class=\"l-section wpb_row us_custom_77338566 height_small with_shape\"><div class=\"l-section-shape type_tilt pos_bottom\" style=\"height:15vmin;\"><svg xmlns=\"http:\/\/www.w3.org\/2000\/svg\" viewBox=\"0 0 64 8\" preserveAspectRatio=\"none\" width=\"100%\" height=\"100%\">\r\n\t<path fill=\"currentColor\" d=\"M64 7.9 L64 10 L0 10 L0 0 Z\"\/>\r\n<\/svg><\/div><div class=\"l-section-h i-cf\"><div class=\"g-cols vc_row via_flex valign_top type_default stacking_default\"><div class=\"vc_col-sm-4 wpb_column vc_column_container\"><div class=\"vc_column-inner\"><div class=\"wpb_wrapper\"><div class=\"wpb_text_column\"><div class=\"wpb_wrapper\"><h4>UNSER SESERVICE:<\/h4>\n<p><em><span style=\"font-family: georgia, palatino, serif;\">Zum Mittagessen, von 12:00 bis 13:30 Uhr und zum Abendessen von 19:15 bis 20:30 Uhr, warten <strong>Caterina<\/strong> und <strong>Ubaldo Maraldi<\/strong> pers\u00f6nlich auf Sie mit mehreren ausgiebigen Buffets , f\u00fcr welche sich unser K\u00fcchenchef sowie das Restaurantpersonal gro\u00dfe M\u00fche gegeben haben:<\/span><\/em><\/p>\n<\/div><\/div><div class=\"w-separator size_small\"><\/div><div class=\"w-image align_center\"><a ref=\"magnificPopup\" href=\"https:\/\/www.rizhotel.com\/wp-content\/uploads\/2020\/01\/RIZ_RISTORANTE.jpg\" aria-label=\"RIZ_RISTORANTE\" class=\"w-image-h\"><img decoding=\"async\" width=\"1024\" height=\"1024\" src=\"https:\/\/www.rizhotel.com\/wp-content\/uploads\/2020\/01\/RIZ_RISTORANTE.jpg\" class=\"attachment-large size-large\" alt=\"\" loading=\"lazy\" srcset=\"https:\/\/www.rizhotel.com\/wp-content\/uploads\/2020\/01\/RIZ_RISTORANTE.jpg 1025w, https:\/\/www.rizhotel.com\/wp-content\/uploads\/2020\/01\/RIZ_RISTORANTE-300x300.jpg 300w, https:\/\/www.rizhotel.com\/wp-content\/uploads\/2020\/01\/RIZ_RISTORANTE-150x150.jpg 150w, https:\/\/www.rizhotel.com\/wp-content\/uploads\/2020\/01\/RIZ_RISTORANTE-600x600.jpg 600w\" sizes=\"auto, (max-width: 1024px) 100vw, 1024px\" \/><\/a><\/div><\/div><\/div><\/div><div class=\"vc_col-sm-4 wpb_column vc_column_container\"><div class=\"vc_column-inner\"><div class=\"wpb_wrapper\"><div class=\"wpb_text_column\"><div class=\"wpb_wrapper\"><p><i class=\"fas fa-check\" style=\"color: #DB8F2B\"><\/i> Das\u00a0<span style=\"color: #db8f2b;\"><strong>Vorspeisenbuffet<\/strong><\/span>\u00a0\u2026 ein Kunstwerk von lauwarmen und kalten Leckerbissen! Pizza, Bruschette, Quiches, es sind nur einige Beispiele davon.<br \/>\n<i class=\"fas fa-check\" style=\"color: #DB8F2B\"><\/i> Das\u00a0<span style=\"color: #db8f2b;\"><strong>Salat-<\/strong><\/span>, und\u00a0<span style=\"color: #db8f2b;\"><strong>Gem\u00fcsebuffet<\/strong><\/span>\u00a0\u2026 auf einem langen Tisch in der Mitte des Speisesaals angerichtet mit knackfrischen Salaten und warmen Beilagen.<\/p>\n<\/div><\/div><div class=\"w-separator size_small\"><\/div><div class=\"w-image align_center\"><a ref=\"magnificPopup\" href=\"https:\/\/www.rizhotel.com\/wp-content\/uploads\/2020\/02\/buffet-hotelriz.jpg\" aria-label=\"buffet hotelriz\" class=\"w-image-h\"><img decoding=\"async\" width=\"1024\" height=\"1024\" src=\"https:\/\/www.rizhotel.com\/wp-content\/uploads\/2020\/02\/buffet-hotelriz.jpg\" class=\"attachment-large size-large\" alt=\"\" loading=\"lazy\" srcset=\"https:\/\/www.rizhotel.com\/wp-content\/uploads\/2020\/02\/buffet-hotelriz.jpg 1025w, https:\/\/www.rizhotel.com\/wp-content\/uploads\/2020\/02\/buffet-hotelriz-300x300.jpg 300w, https:\/\/www.rizhotel.com\/wp-content\/uploads\/2020\/02\/buffet-hotelriz-150x150.jpg 150w, https:\/\/www.rizhotel.com\/wp-content\/uploads\/2020\/02\/buffet-hotelriz-600x600.jpg 600w\" sizes=\"auto, (max-width: 1024px) 100vw, 1024px\" \/><\/a><\/div><\/div><\/div><\/div><div class=\"vc_col-sm-4 wpb_column vc_column_container\"><div class=\"vc_column-inner\"><div class=\"wpb_wrapper\"><div class=\"wpb_text_column\"><div class=\"wpb_wrapper\"><p><i class=\"fas fa-check\" style=\"color: #DB8F2B\"><\/i> Das\u00a0<span style=\"color: #db8f2b;\"><strong>K\u00e4se und Aufschnittbuffet:<\/strong>\u00a0<\/span>viele italienische sowie internationale K\u00e4sesorten und Salami von regionalen Bauernh\u00f6fen suchen Sie auf.<br \/>\n<i class=\"fas fa-check\" style=\"color: #DB8F2B\"><\/i> Das\u00a0<span style=\"color: #db8f2b;\"><strong>Ersteg\u00e4nge-<\/strong><\/span>\u00a0und\u00a0<span style=\"color: #db8f2b;\"><strong>Zweiteg\u00e4nge-Buffet<\/strong><\/span>\u00a0verw\u00f6hnt Sie nach allen Regeln der K\u00fcchenkunst. Eine gro\u00dfe Pfanne mit dem Nudelgericht des Tages, wird von unserem K\u00fcchenchef pers\u00f6nlich und live angebraten, w\u00e4hrend Sie unser Restaurantpersonal am Buffet bedient.<br \/>\n<i class=\"fas fa-check\" style=\"color: #DB8F2B\"><\/i> Das\u00a0<span style=\"color: #db8f2b;\"><strong>Obst-<\/strong><\/span>\u00a0und\u00a0<span style=\"color: #db8f2b;\"><strong>Nachspeisenbuffet<\/strong><\/span>\u00a0\u2026 eine reiche Auswahl an Leckereien l\u00e4dt gro\u00df und klein zum Genie\u00dfen ein.<\/p>\n<\/div><\/div><div class=\"w-separator size_small\"><\/div><div class=\"w-image align_center\"><a ref=\"magnificPopup\" href=\"https:\/\/www.rizhotel.com\/wp-content\/uploads\/2020\/01\/buffet-formaggi.jpg\" aria-label=\"buffet formaggi\" class=\"w-image-h\"><img decoding=\"async\" width=\"1024\" height=\"1024\" src=\"https:\/\/www.rizhotel.com\/wp-content\/uploads\/2020\/01\/buffet-formaggi.jpg\" class=\"attachment-large size-large\" alt=\"\" loading=\"lazy\" srcset=\"https:\/\/www.rizhotel.com\/wp-content\/uploads\/2020\/01\/buffet-formaggi.jpg 1025w, https:\/\/www.rizhotel.com\/wp-content\/uploads\/2020\/01\/buffet-formaggi-300x300.jpg 300w, https:\/\/www.rizhotel.com\/wp-content\/uploads\/2020\/01\/buffet-formaggi-150x150.jpg 150w, https:\/\/www.rizhotel.com\/wp-content\/uploads\/2020\/01\/buffet-formaggi-600x600.jpg 600w\" sizes=\"auto, (max-width: 1024px) 100vw, 1024px\" \/><\/a><\/div><\/div><\/div><\/div><\/div><\/div><\/section><section class=\"l-section wpb_row height_small\"><div class=\"l-section-h i-cf\"><div class=\"g-cols vc_row via_flex valign_top type_default stacking_default\"><div class=\"vc_col-sm-12 wpb_column vc_column_container\"><div class=\"vc_column-inner\"><div class=\"wpb_wrapper\"><div class=\"wpb_text_column\"><div class=\"wpb_wrapper\"><p style=\"text-align: center;\">Unser K\u00fcchenchef steht f\u00fcr die Zubereitung von personalisierten Men\u00fcs bei alternativen Ern\u00e4hrungspl\u00e4nen gerne zur Verf\u00fcgung.<\/p>\n<\/div><\/div><\/div><\/div><\/div><\/div><\/div><\/section><section class=\"l-section wpb_row height_small width_full\" id=\"pizza\"><div class=\"l-section-h i-cf\"><div class=\"g-cols vc_row via_flex valign_top type_default stacking_default\"><div class=\"vc_col-sm-12 wpb_column vc_column_container has_text_color\"><div class=\"vc_column-inner us_custom_6df4bc3a\"><div class=\"wpb_wrapper\"><div class=\"wpb_text_column us_custom_c3f07d27\"><div class=\"wpb_wrapper\"><h2 style=\"text-align: center;\">Unsere Themenabende\u2026<\/h2>\n<\/div><\/div><\/div><\/div><\/div><\/div><\/div><\/section><section class=\"l-section wpb_row us_custom_77338566 height_small\"><div class=\"l-section-h i-cf\"><div class=\"g-cols vc_row via_flex valign_top type_default stacking_default\"><div class=\"vc_col-sm-4 wpb_column vc_column_container\"><div class=\"vc_column-inner\"><div class=\"wpb_wrapper\"><div class=\"wpb_text_column us_custom_b7708f97\"><div class=\"wpb_wrapper\"><h3 class=\"vc_custom_heading vc_custom_1483638115378\" style=\"text-align: center;\"><span style=\"color: #c93c5b;\">Pizza im Hotelgarten<\/span><\/h3>\n<\/div><\/div><div class=\"w-image us_custom_9cf479d2 align_center\"><a ref=\"magnificPopup\" href=\"https:\/\/www.rizhotel.com\/wp-content\/uploads\/2020\/01\/pizza-in-giardino.jpg\" aria-label=\"pizza in giardino\" class=\"w-image-h\"><img decoding=\"async\" width=\"1024\" height=\"1024\" src=\"https:\/\/www.rizhotel.com\/wp-content\/uploads\/2020\/01\/pizza-in-giardino.jpg\" class=\"attachment-large size-large\" alt=\"\" loading=\"lazy\" srcset=\"https:\/\/www.rizhotel.com\/wp-content\/uploads\/2020\/01\/pizza-in-giardino.jpg 1025w, https:\/\/www.rizhotel.com\/wp-content\/uploads\/2020\/01\/pizza-in-giardino-300x300.jpg 300w, https:\/\/www.rizhotel.com\/wp-content\/uploads\/2020\/01\/pizza-in-giardino-150x150.jpg 150w, https:\/\/www.rizhotel.com\/wp-content\/uploads\/2020\/01\/pizza-in-giardino-600x600.jpg 600w\" sizes=\"auto, (max-width: 1024px) 100vw, 1024px\" \/><\/a><\/div><\/div><\/div><\/div><div class=\"vc_col-sm-4 wpb_column vc_column_container\"><div class=\"vc_column-inner\"><div class=\"wpb_wrapper\"><div class=\"wpb_text_column us_custom_b7708f97\"><div class=\"wpb_wrapper\"><h3 class=\"vc_custom_heading vc_custom_1483638115378\" style=\"text-align: center;\"><span style=\"color: #c93c5b;\">Es lebe hoch die Romagna<\/span><\/h3>\n<\/div><\/div><div class=\"w-image us_custom_9cf479d2 align_center\"><a ref=\"magnificPopup\" href=\"https:\/\/www.rizhotel.com\/wp-content\/uploads\/2020\/01\/viva-la-romagna.jpg\" aria-label=\"viva la romagna\" class=\"w-image-h\"><img decoding=\"async\" width=\"1024\" height=\"1024\" src=\"https:\/\/www.rizhotel.com\/wp-content\/uploads\/2020\/01\/viva-la-romagna.jpg\" class=\"attachment-large size-large\" alt=\"\" loading=\"lazy\" srcset=\"https:\/\/www.rizhotel.com\/wp-content\/uploads\/2020\/01\/viva-la-romagna.jpg 1025w, https:\/\/www.rizhotel.com\/wp-content\/uploads\/2020\/01\/viva-la-romagna-300x300.jpg 300w, https:\/\/www.rizhotel.com\/wp-content\/uploads\/2020\/01\/viva-la-romagna-150x150.jpg 150w, https:\/\/www.rizhotel.com\/wp-content\/uploads\/2020\/01\/viva-la-romagna-600x600.jpg 600w\" sizes=\"auto, (max-width: 1024px) 100vw, 1024px\" \/><\/a><\/div><\/div><\/div><\/div><div class=\"vc_col-sm-4 wpb_column vc_column_container\"><div class=\"vc_column-inner\"><div class=\"wpb_wrapper\"><div class=\"wpb_text_column us_custom_b7708f97\"><div class=\"wpb_wrapper\"><h3 class=\"vc_custom_heading vc_custom_1483638115378\" style=\"text-align: center;\"><span style=\"color: #c93c5b;\">10 Meter langes Dessertbuffet<\/span><\/h3>\n<\/div><\/div><div class=\"w-image us_custom_9cf479d2 align_center\"><a ref=\"magnificPopup\" href=\"https:\/\/www.rizhotel.com\/wp-content\/uploads\/2020\/01\/dolci.jpg\" aria-label=\"dolci\" class=\"w-image-h\"><img decoding=\"async\" width=\"1024\" height=\"1024\" src=\"https:\/\/www.rizhotel.com\/wp-content\/uploads\/2020\/01\/dolci.jpg\" class=\"attachment-large size-large\" alt=\"\" loading=\"lazy\" srcset=\"https:\/\/www.rizhotel.com\/wp-content\/uploads\/2020\/01\/dolci.jpg 1025w, https:\/\/www.rizhotel.com\/wp-content\/uploads\/2020\/01\/dolci-300x300.jpg 300w, https:\/\/www.rizhotel.com\/wp-content\/uploads\/2020\/01\/dolci-150x150.jpg 150w, https:\/\/www.rizhotel.com\/wp-content\/uploads\/2020\/01\/dolci-600x600.jpg 600w\" sizes=\"auto, (max-width: 1024px) 100vw, 1024px\" \/><\/a><\/div><\/div><\/div><\/div><\/div><\/div><\/section>\n","protected":false},"excerpt":{"rendered":"Restaurant Buffet Italienische K\u00fcche, reichhaltiges Buffets und unsere Leidenschaft\u2026 FR\u00dcHST\u00dcCK:: Zum Fr\u00fchst\u00fcck erwartet Sie schon ab 07:30 Uhr ein reichhaltiges Buffet mit zahlreichen s\u00fc\u00dfen und pikanten Leckerbissen: M\u00fcsli und Corn-Flakes, Verschiedene Marmeladesorten, Honig und Nutella, Hausgemachter Kuchen und hei\u00dfe Croissants, Gekochte Eier, Speigeleier und Speck, Wurst, K\u00e4se und Schinken. S\u00e4fte Yoghurt frisches Obst frisches gebackenes...","protected":false},"author":1,"featured_media":0,"parent":0,"menu_order":0,"comment_status":"closed","ping_status":"closed","template":"","meta":{"footnotes":""},"class_list":["post-6988","page","type-page","status-publish","hentry"],"yoast_head":"<!-- This site is optimized with the Yoast SEO plugin v26.7 - https:\/\/yoast.com\/wordpress\/plugins\/seo\/ -->\n<title>Das Restaurant Buffet Hotel Riz in Cesenatico: Fr\u00fchst\u00fcck, Beach Restaurant<\/title>\n<meta name=\"description\" content=\"Zum Fr\u00fchst\u00fcck erwartet Sie schon ab 07:30 Uhr ein reichhaltiges Buffet mit zahlreichen s\u00fc\u00dfen und pikanten Leckerbissen. Mittag und Abendessen: Vorspeisenbuffet, Das Salat-, und Gem\u00fcsebuffet, K\u00e4se und Aufschnittbuffet, Das Ersteg\u00e4nge- und Zweiteg\u00e4nge-Buffet, Das Obst- und Nachspeisenbuffet. Beach Restaurant am Mittag or Abendessen. Themenabende: Pizza im Hotelgarten, 10 Meter langes Dessertbuffet, Es lebe hoch die Romagna.\" \/>\n<meta name=\"robots\" content=\"index, follow, max-snippet:-1, max-image-preview:large, max-video-preview:-1\" \/>\n<link rel=\"canonical\" href=\"https:\/\/www.rizhotel.com\/de\/restaurant-cesenatico\" \/>\n<meta property=\"og:locale\" content=\"de_DE\" \/>\n<meta property=\"og:type\" content=\"article\" \/>\n<meta property=\"og:title\" content=\"Das Restaurant Buffet Hotel Riz in Cesenatico: Fr\u00fchst\u00fcck, Beach Restaurant\" \/>\n<meta property=\"og:description\" content=\"Zum Fr\u00fchst\u00fcck erwartet Sie schon ab 07:30 Uhr ein reichhaltiges Buffet mit zahlreichen s\u00fc\u00dfen und pikanten Leckerbissen. Mittag und Abendessen: Vorspeisenbuffet, Das Salat-, und Gem\u00fcsebuffet, K\u00e4se und Aufschnittbuffet, Das Ersteg\u00e4nge- und Zweiteg\u00e4nge-Buffet, Das Obst- und Nachspeisenbuffet. Beach Restaurant am Mittag or Abendessen. Themenabende: Pizza im Hotelgarten, 10 Meter langes Dessertbuffet, Es lebe hoch die Romagna.\" \/>\n<meta property=\"og:url\" content=\"https:\/\/www.rizhotel.com\/de\/restaurant-cesenatico\" \/>\n<meta property=\"og:site_name\" content=\"Hotel Riz Cesenatico, All inclusive con piscina, Centro benessere e spiaggia\" \/>\n<meta property=\"article:modified_time\" content=\"2024-11-21T17:14:33+00:00\" \/>\n<meta name=\"twitter:card\" content=\"summary_large_image\" \/>\n<meta name=\"twitter:label1\" content=\"Gesch\u00e4tzte Lesezeit\" \/>\n\t<meta name=\"twitter:data1\" content=\"3\u00a0Minuten\" \/>\n<script type=\"application\/ld+json\" class=\"yoast-schema-graph\">{\"@context\":\"https:\/\/schema.org\",\"@graph\":[{\"@type\":\"WebPage\",\"@id\":\"https:\/\/www.rizhotel.com\/de\/restaurant-cesenatico\",\"url\":\"https:\/\/www.rizhotel.com\/de\/restaurant-cesenatico\",\"name\":\"Das Restaurant Buffet Hotel Riz in Cesenatico: Fr\u00fchst\u00fcck, Beach Restaurant\",\"isPartOf\":{\"@id\":\"https:\/\/www.rizhotel.com\/de\/#website\"},\"datePublished\":\"2020-01-26T16:19:40+00:00\",\"dateModified\":\"2024-11-21T17:14:33+00:00\",\"description\":\"Zum Fr\u00fchst\u00fcck erwartet Sie schon ab 07:30 Uhr ein reichhaltiges Buffet mit zahlreichen s\u00fc\u00dfen und pikanten Leckerbissen. Mittag und Abendessen: Vorspeisenbuffet, Das Salat-, und Gem\u00fcsebuffet, K\u00e4se und Aufschnittbuffet, Das Ersteg\u00e4nge- und Zweiteg\u00e4nge-Buffet, Das Obst- und Nachspeisenbuffet. Beach Restaurant am Mittag or Abendessen. Themenabende: Pizza im Hotelgarten, 10 Meter langes Dessertbuffet, Es lebe hoch die Romagna.\",\"breadcrumb\":{\"@id\":\"https:\/\/www.rizhotel.com\/de\/restaurant-cesenatico#breadcrumb\"},\"inLanguage\":\"de\",\"potentialAction\":[{\"@type\":\"ReadAction\",\"target\":[\"https:\/\/www.rizhotel.com\/de\/restaurant-cesenatico\"]}]},{\"@type\":\"BreadcrumbList\",\"@id\":\"https:\/\/www.rizhotel.com\/de\/restaurant-cesenatico#breadcrumb\",\"itemListElement\":[{\"@type\":\"ListItem\",\"position\":1,\"name\":\"Home\",\"item\":\"https:\/\/www.rizhotel.com\/de\"},{\"@type\":\"ListItem\",\"position\":2,\"name\":\"Das Restaurant Buffet Hotel Riz in Cesenatico: Fr\u00fchst\u00fcck, Beach Restaurant\"}]},{\"@type\":\"WebSite\",\"@id\":\"https:\/\/www.rizhotel.com\/de\/#website\",\"url\":\"https:\/\/www.rizhotel.com\/de\/\",\"name\":\"Hotel Riz Cesenatico, All inclusive con piscina, Centro benessere e spiaggia\",\"description\":\"Vacanze a Cesenatico\",\"potentialAction\":[{\"@type\":\"SearchAction\",\"target\":{\"@type\":\"EntryPoint\",\"urlTemplate\":\"https:\/\/www.rizhotel.com\/de\/?s={search_term_string}\"},\"query-input\":{\"@type\":\"PropertyValueSpecification\",\"valueRequired\":true,\"valueName\":\"search_term_string\"}}],\"inLanguage\":\"de\"}]}<\/script>\n<!-- \/ Yoast SEO plugin. -->","yoast_head_json":{"title":"Das Restaurant Buffet Hotel Riz in Cesenatico: Fr\u00fchst\u00fcck, Beach Restaurant","description":"Zum Fr\u00fchst\u00fcck erwartet Sie schon ab 07:30 Uhr ein reichhaltiges Buffet mit zahlreichen s\u00fc\u00dfen und pikanten Leckerbissen. Mittag und Abendessen: Vorspeisenbuffet, Das Salat-, und Gem\u00fcsebuffet, K\u00e4se und Aufschnittbuffet, Das Ersteg\u00e4nge- und Zweiteg\u00e4nge-Buffet, Das Obst- und Nachspeisenbuffet. Beach Restaurant am Mittag or Abendessen. Themenabende: Pizza im Hotelgarten, 10 Meter langes Dessertbuffet, Es lebe hoch die Romagna.","robots":{"index":"index","follow":"follow","max-snippet":"max-snippet:-1","max-image-preview":"max-image-preview:large","max-video-preview":"max-video-preview:-1"},"canonical":"https:\/\/www.rizhotel.com\/de\/restaurant-cesenatico","og_locale":"de_DE","og_type":"article","og_title":"Das Restaurant Buffet Hotel Riz in Cesenatico: Fr\u00fchst\u00fcck, Beach Restaurant","og_description":"Zum Fr\u00fchst\u00fcck erwartet Sie schon ab 07:30 Uhr ein reichhaltiges Buffet mit zahlreichen s\u00fc\u00dfen und pikanten Leckerbissen. Mittag und Abendessen: Vorspeisenbuffet, Das Salat-, und Gem\u00fcsebuffet, K\u00e4se und Aufschnittbuffet, Das Ersteg\u00e4nge- und Zweiteg\u00e4nge-Buffet, Das Obst- und Nachspeisenbuffet. Beach Restaurant am Mittag or Abendessen. Themenabende: Pizza im Hotelgarten, 10 Meter langes Dessertbuffet, Es lebe hoch die Romagna.","og_url":"https:\/\/www.rizhotel.com\/de\/restaurant-cesenatico","og_site_name":"Hotel Riz Cesenatico, All inclusive con piscina, Centro benessere e spiaggia","article_modified_time":"2024-11-21T17:14:33+00:00","twitter_card":"summary_large_image","twitter_misc":{"Gesch\u00e4tzte Lesezeit":"3\u00a0Minuten"},"schema":{"@context":"https:\/\/schema.org","@graph":[{"@type":"WebPage","@id":"https:\/\/www.rizhotel.com\/de\/restaurant-cesenatico","url":"https:\/\/www.rizhotel.com\/de\/restaurant-cesenatico","name":"Das Restaurant Buffet Hotel Riz in Cesenatico: Fr\u00fchst\u00fcck, Beach Restaurant","isPartOf":{"@id":"https:\/\/www.rizhotel.com\/de\/#website"},"datePublished":"2020-01-26T16:19:40+00:00","dateModified":"2024-11-21T17:14:33+00:00","description":"Zum Fr\u00fchst\u00fcck erwartet Sie schon ab 07:30 Uhr ein reichhaltiges Buffet mit zahlreichen s\u00fc\u00dfen und pikanten Leckerbissen. Mittag und Abendessen: Vorspeisenbuffet, Das Salat-, und Gem\u00fcsebuffet, K\u00e4se und Aufschnittbuffet, Das Ersteg\u00e4nge- und Zweiteg\u00e4nge-Buffet, Das Obst- und Nachspeisenbuffet. Beach Restaurant am Mittag or Abendessen. Themenabende: Pizza im Hotelgarten, 10 Meter langes Dessertbuffet, Es lebe hoch die Romagna.","breadcrumb":{"@id":"https:\/\/www.rizhotel.com\/de\/restaurant-cesenatico#breadcrumb"},"inLanguage":"de","potentialAction":[{"@type":"ReadAction","target":["https:\/\/www.rizhotel.com\/de\/restaurant-cesenatico"]}]},{"@type":"BreadcrumbList","@id":"https:\/\/www.rizhotel.com\/de\/restaurant-cesenatico#breadcrumb","itemListElement":[{"@type":"ListItem","position":1,"name":"Home","item":"https:\/\/www.rizhotel.com\/de"},{"@type":"ListItem","position":2,"name":"Das Restaurant Buffet Hotel Riz in Cesenatico: Fr\u00fchst\u00fcck, Beach Restaurant"}]},{"@type":"WebSite","@id":"https:\/\/www.rizhotel.com\/de\/#website","url":"https:\/\/www.rizhotel.com\/de\/","name":"Hotel Riz Cesenatico, All inclusive con piscina, Centro benessere e spiaggia","description":"Vacanze a Cesenatico","potentialAction":[{"@type":"SearchAction","target":{"@type":"EntryPoint","urlTemplate":"https:\/\/www.rizhotel.com\/de\/?s={search_term_string}"},"query-input":{"@type":"PropertyValueSpecification","valueRequired":true,"valueName":"search_term_string"}}],"inLanguage":"de"}]}},"_links":{"self":[{"href":"https:\/\/www.rizhotel.com\/de\/wp-json\/wp\/v2\/pages\/6988","targetHints":{"allow":["GET"]}}],"collection":[{"href":"https:\/\/www.rizhotel.com\/de\/wp-json\/wp\/v2\/pages"}],"about":[{"href":"https:\/\/www.rizhotel.com\/de\/wp-json\/wp\/v2\/types\/page"}],"author":[{"embeddable":true,"href":"https:\/\/www.rizhotel.com\/de\/wp-json\/wp\/v2\/users\/1"}],"replies":[{"embeddable":true,"href":"https:\/\/www.rizhotel.com\/de\/wp-json\/wp\/v2\/comments?post=6988"}],"version-history":[{"count":13,"href":"https:\/\/www.rizhotel.com\/de\/wp-json\/wp\/v2\/pages\/6988\/revisions"}],"predecessor-version":[{"id":9359,"href":"https:\/\/www.rizhotel.com\/de\/wp-json\/wp\/v2\/pages\/6988\/revisions\/9359"}],"wp:attachment":[{"href":"https:\/\/www.rizhotel.com\/de\/wp-json\/wp\/v2\/media?parent=6988"}],"curies":[{"name":"wp","href":"https:\/\/api.w.org\/{rel}","templated":true}]}}