{"id":7034,"date":"2020-02-01T13:23:22","date_gmt":"2020-02-01T13:23:22","guid":{"rendered":"https:\/\/ufficio80.xyz\/riz4\/hotel-cesenatico-con-piscina.html"},"modified":"2021-11-22T14:13:06","modified_gmt":"2021-11-22T14:13:06","slug":"hotel-cesenatico-schwimmbad-wasserrutschen","status":"publish","type":"page","link":"https:\/\/www.rizhotel.com\/de\/hotel-cesenatico-schwimmbad-wasserrutschen","title":{"rendered":"Hotel Cesenatico mit 3 Schwimmb\u00e4der, Whirpool und Wasserrutschen"},"content":{"rendered":"<section class=\"l-section wpb_row height_small with_img\"><div class=\"l-section-img\" role=\"img\" aria-label=\"Bild\" data-img-width=\"2000\" data-img-height=\"1300\" style=\"background-image: url(https:\/\/www.rizhotel.com\/wp-content\/uploads\/2020\/02\/bimbispiaggia.jpg);background-position: top center;background-repeat: no-repeat;\"><\/div><div class=\"l-section-h i-cf\"><div class=\"g-cols vc_row via_flex valign_top type_default stacking_default\"><div class=\"vc_col-sm-4 wpb_column vc_column_container\"><div class=\"vc_column-inner\"><div class=\"wpb_wrapper\"><\/div><\/div><\/div><div class=\"vc_col-sm-4 wpb_column vc_column_container\"><div class=\"vc_column-inner\"><div class=\"wpb_wrapper\"><div class=\"w-separator size_custom\" style=\"height:250px\" id=\"bb48\"><style>@media(max-width:600px){ #bb48{height:80px!important}}<\/style><\/div><div class=\"wpb_text_column us_custom_9be22858 has_text_color\"><div class=\"wpb_wrapper\"><h2 style=\"text-align: center;\"><span style=\"font-size: 24pt;\">Spa\u00df\u00a0 <i class=\"fas fa-grin-tears\"><\/i><\/span><\/h2>\n<\/div><\/div><div class=\"w-separator size_custom\" style=\"height:250px\" id=\"ddc2\"><style>@media(max-width:600px){ #ddc2{height:80px!important}}<\/style><\/div><\/div><\/div><\/div><div class=\"vc_col-sm-4 wpb_column vc_column_container\"><div class=\"vc_column-inner\"><div class=\"wpb_wrapper\"><\/div><\/div><\/div><\/div><\/div><\/section><section class=\"l-section wpb_row height_small\"><div class=\"l-section-h i-cf\"><div class=\"g-cols vc_row via_flex valign_middle type_default stacking_default\"><div class=\"vc_col-sm-4 wpb_column vc_column_container\"><div class=\"vc_column-inner\"><div class=\"wpb_wrapper\"><div class=\"w-image align_center\"><a ref=\"magnificPopup\" href=\"https:\/\/www.rizhotel.com\/wp-content\/uploads\/2020\/02\/idromassaggio2.jpg\" aria-label=\"idromassaggio2\" class=\"w-image-h\"><img decoding=\"async\" width=\"1024\" height=\"1024\" src=\"https:\/\/www.rizhotel.com\/wp-content\/uploads\/2020\/02\/idromassaggio2.jpg\" class=\"attachment-large size-large\" alt=\"\" loading=\"lazy\" srcset=\"https:\/\/www.rizhotel.com\/wp-content\/uploads\/2020\/02\/idromassaggio2.jpg 1025w, https:\/\/www.rizhotel.com\/wp-content\/uploads\/2020\/02\/idromassaggio2-300x300.jpg 300w, https:\/\/www.rizhotel.com\/wp-content\/uploads\/2020\/02\/idromassaggio2-150x150.jpg 150w, https:\/\/www.rizhotel.com\/wp-content\/uploads\/2020\/02\/idromassaggio2-600x600.jpg 600w\" sizes=\"auto, (max-width: 1024px) 100vw, 1024px\" \/><\/a><\/div><\/div><\/div><\/div><div class=\"vc_col-sm-4 wpb_column vc_column_container\"><div class=\"vc_column-inner\"><div class=\"wpb_wrapper\"><div class=\"wpb_text_column us_custom_8665cf32\"><div class=\"wpb_wrapper\"><h4 style=\"text-align: center;\">Im Hotel<\/h4>\n<p style=\"text-align: center;\">In <span style=\"font-family: georgia, palatino, serif;\"><em>unserem Garten<\/em><\/span> finden Sie unseren gro\u00dfen und <strong><span style=\"color: #db8f2b;\">warmen Whirlpool<\/span><\/strong> mit einer ruhigen und bequemen Sonnenterasse.<\/p>\n<\/div><\/div><\/div><\/div><\/div><div class=\"vc_col-sm-4 wpb_column vc_column_container\"><div class=\"vc_column-inner\"><div class=\"wpb_wrapper\"><div class=\"w-image align_center\"><a ref=\"magnificPopup\" href=\"https:\/\/www.rizhotel.com\/wp-content\/uploads\/2020\/02\/idromassaggio_riz_.jpg\" aria-label=\"idromassaggio_riz_\" class=\"w-image-h\"><img decoding=\"async\" width=\"1024\" height=\"1024\" src=\"https:\/\/www.rizhotel.com\/wp-content\/uploads\/2020\/02\/idromassaggio_riz_.jpg\" class=\"attachment-large size-large\" alt=\"\" loading=\"lazy\" srcset=\"https:\/\/www.rizhotel.com\/wp-content\/uploads\/2020\/02\/idromassaggio_riz_.jpg 1025w, https:\/\/www.rizhotel.com\/wp-content\/uploads\/2020\/02\/idromassaggio_riz_-300x300.jpg 300w, https:\/\/www.rizhotel.com\/wp-content\/uploads\/2020\/02\/idromassaggio_riz_-150x150.jpg 150w, https:\/\/www.rizhotel.com\/wp-content\/uploads\/2020\/02\/idromassaggio_riz_-600x600.jpg 600w\" sizes=\"auto, (max-width: 1024px) 100vw, 1024px\" \/><\/a><\/div><\/div><\/div><\/div><\/div><\/div><\/section><section class=\"l-section wpb_row us_custom_0bebd569 height_small\"><div class=\"l-section-h i-cf\"><div class=\"g-cols vc_row via_flex valign_middle type_default stacking_default\"><div class=\"vc_col-sm-4 wpb_column vc_column_container\"><div class=\"vc_column-inner\"><div class=\"wpb_wrapper\"><div class=\"w-image align_center\"><a ref=\"magnificPopup\" href=\"https:\/\/www.rizhotel.com\/wp-content\/uploads\/2020\/02\/piscina-olimpionica.jpg\" aria-label=\"piscina olimpionica\" class=\"w-image-h\"><img decoding=\"async\" width=\"1024\" height=\"1024\" src=\"https:\/\/www.rizhotel.com\/wp-content\/uploads\/2020\/02\/piscina-olimpionica.jpg\" class=\"attachment-large size-large\" alt=\"\" loading=\"lazy\" srcset=\"https:\/\/www.rizhotel.com\/wp-content\/uploads\/2020\/02\/piscina-olimpionica.jpg 1025w, https:\/\/www.rizhotel.com\/wp-content\/uploads\/2020\/02\/piscina-olimpionica-300x300.jpg 300w, https:\/\/www.rizhotel.com\/wp-content\/uploads\/2020\/02\/piscina-olimpionica-150x150.jpg 150w, https:\/\/www.rizhotel.com\/wp-content\/uploads\/2020\/02\/piscina-olimpionica-600x600.jpg 600w\" sizes=\"auto, (max-width: 1024px) 100vw, 1024px\" \/><\/a><\/div><\/div><\/div><\/div><div class=\"vc_col-sm-4 wpb_column vc_column_container\"><div class=\"vc_column-inner\"><div class=\"wpb_wrapper\"><div class=\"wpb_text_column us_custom_8665cf32\"><div class=\"wpb_wrapper\"><h4 style=\"text-align: center;\">Am Strand<\/h4>\n<p style=\"text-align: center;\">Direkt am Sandstrand, gegen\u00fcber dem Hotel befindet sich unser \u201e<strong><span style=\"color: #db8f2b;\">S\u00fc\u00dfwasser-Paradies<\/span><\/strong>\u201e:<\/p>\n<p style=\"text-align: center;\">Ein <strong><span style=\"color: #db8f2b;\">halbolympisches Schwimmbad<\/span><\/strong> (25 x 13 m.) f\u00fcr entspannende Bahnen oder das erfrischende Abtauchen nach der \u201eSonnenkur\u201c<\/p>\n<p style=\"text-align: center;\">Ein <strong><span style=\"color: #db8f2b;\">zweites Schwimmbad<\/span><\/strong> mit gro\u00dfen und kleinen <strong><span style=\"color: #db8f2b;\">Rutschen<\/span><\/strong> <em><span style=\"font-family: georgia, palatino, serif;\">garantiert jede Menge Spa\u00df!<\/span> <\/em><span style=\"font-family: georgia, palatino, serif;\">\ud83d\ude09\u00a0<\/span><\/p>\n<\/div><\/div><\/div><\/div><\/div><div class=\"vc_col-sm-4 wpb_column vc_column_container\"><div class=\"vc_column-inner\"><div class=\"wpb_wrapper\"><div class=\"w-image align_center\"><a ref=\"magnificPopup\" href=\"https:\/\/www.rizhotel.com\/wp-content\/uploads\/2020\/02\/acquascivoli.jpg\" aria-label=\"acquascivoli\" class=\"w-image-h\"><img decoding=\"async\" width=\"1024\" height=\"1024\" src=\"https:\/\/www.rizhotel.com\/wp-content\/uploads\/2020\/02\/acquascivoli.jpg\" class=\"attachment-large size-large\" alt=\"\" loading=\"lazy\" srcset=\"https:\/\/www.rizhotel.com\/wp-content\/uploads\/2020\/02\/acquascivoli.jpg 1025w, https:\/\/www.rizhotel.com\/wp-content\/uploads\/2020\/02\/acquascivoli-300x300.jpg 300w, https:\/\/www.rizhotel.com\/wp-content\/uploads\/2020\/02\/acquascivoli-150x150.jpg 150w, https:\/\/www.rizhotel.com\/wp-content\/uploads\/2020\/02\/acquascivoli-600x600.jpg 600w\" sizes=\"auto, (max-width: 1024px) 100vw, 1024px\" \/><\/a><\/div><\/div><\/div><\/div><\/div><\/div><\/section><section class=\"l-section wpb_row us_custom_6df4bc3a has_text_color height_medium with_img\"><div class=\"l-section-img\" role=\"img\" aria-label=\"Bild\" data-img-width=\"1024\" data-img-height=\"681\" style=\"background-image: url(https:\/\/www.rizhotel.com\/wp-content\/uploads\/2020\/02\/a-vostra-disposizione.jpg);background-repeat: no-repeat;\"><\/div><div class=\"l-section-overlay\" style=\"background:rgba(26,26,26,0.35)\"><\/div><div class=\"l-section-h i-cf\"><div class=\"g-cols vc_row via_flex valign_middle type_default stacking_default\"><div class=\"vc_col-sm-6 wpb_column vc_column_container\"><div class=\"vc_column-inner\"><div class=\"wpb_wrapper\"><div class=\"wpb_text_column\"><div class=\"wpb_wrapper\"><h4>Es stehen zur Verf\u00fcgung:<\/h4>\n<p><i class=\"fas fa-check\" style=\"color: #DB8F2B\"><\/i> Liegest\u00fchle<br \/>\n<i class=\"fas fa-check\" style=\"color: #DB8F2B\"><\/i> Bar<br \/>\n<i class=\"fas fa-check\" style=\"color: #DB8F2B\"><\/i> Spielecke f\u00fcr Kinder<br \/>\n<i class=\"fas fa-check\" style=\"color: #DB8F2B\"><\/i> Beach-Volley-Platz<br \/>\n<i class=\"fas fa-check\" style=\"color: #DB8F2B\"><\/i> Beach-Soccer-Platz<br \/>\n<i class=\"fas fa-check\" style=\"color: #DB8F2B\"><\/i> Ping pong<\/p>\n<p><a href=\"https:\/\/www.rizhotel.com\/de\/kinderhotel-cesenatico.html\"><span style=\"background-color: #db8f2b;\">\u00a0<span style=\"color: #ffffff;\">Kinderwelt\u00a0<\/span><\/span><\/a><\/p>\n<\/div><\/div><\/div><\/div><\/div><div class=\"vc_col-sm-6 wpb_column vc_column_container\"><div class=\"vc_column-inner\"><div class=\"wpb_wrapper\"><div class=\"wpb_text_column\"><div class=\"wpb_wrapper\"><h4><span style=\"font-size: 18pt;\">\u2026 Weitere Unterhaltungsm\u00f6glichkeiten:<\/span><\/h4>\n<p><i class=\"fas fa-check\" style=\"color: #DB8F2B\"><\/i> Wassergymnastik<br \/>\n<i class=\"fas fa-check\" style=\"color: #DB8F2B\"><\/i> Gruppent\u00e4nze<br \/>\n<i class=\"fas fa-check\" style=\"color: #DB8F2B\"><\/i> Schwimmkurse<br \/>\n<i class=\"fas fa-check\" style=\"color: #DB8F2B\"><\/i> Turniere<br \/>\n<i class=\"fas fa-check\" style=\"color: #DB8F2B\"><\/i> Spiele<\/p>\n<\/div><\/div><\/div><\/div><\/div><\/div><\/div><\/section>\n","protected":false},"excerpt":{"rendered":"Spa\u00df\u00a0 Im Hotel In unserem Garten finden Sie unseren gro\u00dfen und warmen Whirlpool mit einer ruhigen und bequemen Sonnenterasse. Am Strand Direkt am Sandstrand, gegen\u00fcber dem Hotel befindet sich unser \u201eS\u00fc\u00dfwasser-Paradies\u201e: Ein halbolympisches Schwimmbad (25 x 13 m.) f\u00fcr entspannende Bahnen oder das erfrischende Abtauchen nach der \u201eSonnenkur\u201c Ein zweites Schwimmbad mit gro\u00dfen und kleinen...","protected":false},"author":1,"featured_media":0,"parent":0,"menu_order":0,"comment_status":"closed","ping_status":"closed","template":"","meta":{"footnotes":""},"class_list":["post-7034","page","type-page","status-publish","hentry"],"yoast_head":"<!-- This site is optimized with the Yoast SEO plugin v26.7 - https:\/\/yoast.com\/wordpress\/plugins\/seo\/ -->\n<title>Hotel Cesenatico mit 3 Schwimmb\u00e4der, Whirpool und Wasserrutschen<\/title>\n<meta name=\"description\" content=\"Hotel Riz Cesenatico mit gro\u00dfem Pool, Whirlpool und Liegewiese im Hotel, zwei gro\u00dfe Pools , zwei Wasserrutschen direkt am Strand. Wellness-Center Panorama Hotel am 7\u00b0 Etage.\" \/>\n<meta name=\"robots\" content=\"index, follow, max-snippet:-1, max-image-preview:large, max-video-preview:-1\" \/>\n<link rel=\"canonical\" href=\"https:\/\/www.rizhotel.com\/it\/hotel-cesenatico-piscina-acquascivoli\" \/>\n<meta property=\"og:locale\" content=\"de_DE\" \/>\n<meta property=\"og:type\" content=\"article\" \/>\n<meta property=\"og:title\" content=\"Hotel Cesenatico mit 3 Schwimmb\u00e4der, Whirpool und Wasserrutschen\" \/>\n<meta property=\"og:description\" content=\"Hotel Riz Cesenatico mit gro\u00dfem Pool, Whirlpool und Liegewiese im Hotel, zwei gro\u00dfe Pools , zwei Wasserrutschen direkt am Strand. Wellness-Center Panorama Hotel am 7\u00b0 Etage.\" \/>\n<meta property=\"og:url\" content=\"https:\/\/www.rizhotel.com\/it\/hotel-cesenatico-piscina-acquascivoli\" \/>\n<meta property=\"og:site_name\" content=\"Hotel Riz Cesenatico, All inclusive con piscina, Centro benessere e spiaggia\" \/>\n<meta property=\"article:modified_time\" content=\"2021-11-22T14:13:06+00:00\" \/>\n<meta name=\"twitter:card\" content=\"summary_large_image\" \/>\n<meta name=\"twitter:label1\" content=\"Gesch\u00e4tzte Lesezeit\" \/>\n\t<meta name=\"twitter:data1\" content=\"2\u00a0Minuten\" \/>\n<script type=\"application\/ld+json\" class=\"yoast-schema-graph\">{\"@context\":\"https:\/\/schema.org\",\"@graph\":[{\"@type\":\"WebPage\",\"@id\":\"https:\/\/www.rizhotel.com\/it\/hotel-cesenatico-piscina-acquascivoli\",\"url\":\"https:\/\/www.rizhotel.com\/it\/hotel-cesenatico-piscina-acquascivoli\",\"name\":\"Hotel Cesenatico mit 3 Schwimmb\u00e4der, Whirpool und Wasserrutschen\",\"isPartOf\":{\"@id\":\"https:\/\/www.rizhotel.com\/de\/#website\"},\"datePublished\":\"2020-02-01T13:23:22+00:00\",\"dateModified\":\"2021-11-22T14:13:06+00:00\",\"description\":\"Hotel Riz Cesenatico mit gro\u00dfem Pool, Whirlpool und Liegewiese im Hotel, zwei gro\u00dfe Pools , zwei Wasserrutschen direkt am Strand. Wellness-Center Panorama Hotel am 7\u00b0 Etage.\",\"breadcrumb\":{\"@id\":\"https:\/\/www.rizhotel.com\/it\/hotel-cesenatico-piscina-acquascivoli#breadcrumb\"},\"inLanguage\":\"de\",\"potentialAction\":[{\"@type\":\"ReadAction\",\"target\":[\"https:\/\/www.rizhotel.com\/it\/hotel-cesenatico-piscina-acquascivoli\"]}]},{\"@type\":\"BreadcrumbList\",\"@id\":\"https:\/\/www.rizhotel.com\/it\/hotel-cesenatico-piscina-acquascivoli#breadcrumb\",\"itemListElement\":[{\"@type\":\"ListItem\",\"position\":1,\"name\":\"Home\",\"item\":\"https:\/\/www.rizhotel.com\/de\"},{\"@type\":\"ListItem\",\"position\":2,\"name\":\"Hotel Cesenatico mit 3 Schwimmb\u00e4der, Whirpool und Wasserrutschen\"}]},{\"@type\":\"WebSite\",\"@id\":\"https:\/\/www.rizhotel.com\/de\/#website\",\"url\":\"https:\/\/www.rizhotel.com\/de\/\",\"name\":\"Hotel Riz Cesenatico, All inclusive con piscina, Centro benessere e spiaggia\",\"description\":\"Vacanze a Cesenatico\",\"potentialAction\":[{\"@type\":\"SearchAction\",\"target\":{\"@type\":\"EntryPoint\",\"urlTemplate\":\"https:\/\/www.rizhotel.com\/de\/?s={search_term_string}\"},\"query-input\":{\"@type\":\"PropertyValueSpecification\",\"valueRequired\":true,\"valueName\":\"search_term_string\"}}],\"inLanguage\":\"de\"}]}<\/script>\n<!-- \/ Yoast SEO plugin. -->","yoast_head_json":{"title":"Hotel Cesenatico mit 3 Schwimmb\u00e4der, Whirpool und Wasserrutschen","description":"Hotel Riz Cesenatico mit gro\u00dfem Pool, Whirlpool und Liegewiese im Hotel, zwei gro\u00dfe Pools , zwei Wasserrutschen direkt am Strand. Wellness-Center Panorama Hotel am 7\u00b0 Etage.","robots":{"index":"index","follow":"follow","max-snippet":"max-snippet:-1","max-image-preview":"max-image-preview:large","max-video-preview":"max-video-preview:-1"},"canonical":"https:\/\/www.rizhotel.com\/it\/hotel-cesenatico-piscina-acquascivoli","og_locale":"de_DE","og_type":"article","og_title":"Hotel Cesenatico mit 3 Schwimmb\u00e4der, Whirpool und Wasserrutschen","og_description":"Hotel Riz Cesenatico mit gro\u00dfem Pool, Whirlpool und Liegewiese im Hotel, zwei gro\u00dfe Pools , zwei Wasserrutschen direkt am Strand. Wellness-Center Panorama Hotel am 7\u00b0 Etage.","og_url":"https:\/\/www.rizhotel.com\/it\/hotel-cesenatico-piscina-acquascivoli","og_site_name":"Hotel Riz Cesenatico, All inclusive con piscina, Centro benessere e spiaggia","article_modified_time":"2021-11-22T14:13:06+00:00","twitter_card":"summary_large_image","twitter_misc":{"Gesch\u00e4tzte Lesezeit":"2\u00a0Minuten"},"schema":{"@context":"https:\/\/schema.org","@graph":[{"@type":"WebPage","@id":"https:\/\/www.rizhotel.com\/it\/hotel-cesenatico-piscina-acquascivoli","url":"https:\/\/www.rizhotel.com\/it\/hotel-cesenatico-piscina-acquascivoli","name":"Hotel Cesenatico mit 3 Schwimmb\u00e4der, Whirpool und Wasserrutschen","isPartOf":{"@id":"https:\/\/www.rizhotel.com\/de\/#website"},"datePublished":"2020-02-01T13:23:22+00:00","dateModified":"2021-11-22T14:13:06+00:00","description":"Hotel Riz Cesenatico mit gro\u00dfem Pool, Whirlpool und Liegewiese im Hotel, zwei gro\u00dfe Pools , zwei Wasserrutschen direkt am Strand. Wellness-Center Panorama Hotel am 7\u00b0 Etage.","breadcrumb":{"@id":"https:\/\/www.rizhotel.com\/it\/hotel-cesenatico-piscina-acquascivoli#breadcrumb"},"inLanguage":"de","potentialAction":[{"@type":"ReadAction","target":["https:\/\/www.rizhotel.com\/it\/hotel-cesenatico-piscina-acquascivoli"]}]},{"@type":"BreadcrumbList","@id":"https:\/\/www.rizhotel.com\/it\/hotel-cesenatico-piscina-acquascivoli#breadcrumb","itemListElement":[{"@type":"ListItem","position":1,"name":"Home","item":"https:\/\/www.rizhotel.com\/de"},{"@type":"ListItem","position":2,"name":"Hotel Cesenatico mit 3 Schwimmb\u00e4der, Whirpool und Wasserrutschen"}]},{"@type":"WebSite","@id":"https:\/\/www.rizhotel.com\/de\/#website","url":"https:\/\/www.rizhotel.com\/de\/","name":"Hotel Riz Cesenatico, All inclusive con piscina, Centro benessere e spiaggia","description":"Vacanze a Cesenatico","potentialAction":[{"@type":"SearchAction","target":{"@type":"EntryPoint","urlTemplate":"https:\/\/www.rizhotel.com\/de\/?s={search_term_string}"},"query-input":{"@type":"PropertyValueSpecification","valueRequired":true,"valueName":"search_term_string"}}],"inLanguage":"de"}]}},"_links":{"self":[{"href":"https:\/\/www.rizhotel.com\/de\/wp-json\/wp\/v2\/pages\/7034","targetHints":{"allow":["GET"]}}],"collection":[{"href":"https:\/\/www.rizhotel.com\/de\/wp-json\/wp\/v2\/pages"}],"about":[{"href":"https:\/\/www.rizhotel.com\/de\/wp-json\/wp\/v2\/types\/page"}],"author":[{"embeddable":true,"href":"https:\/\/www.rizhotel.com\/de\/wp-json\/wp\/v2\/users\/1"}],"replies":[{"embeddable":true,"href":"https:\/\/www.rizhotel.com\/de\/wp-json\/wp\/v2\/comments?post=7034"}],"version-history":[{"count":9,"href":"https:\/\/www.rizhotel.com\/de\/wp-json\/wp\/v2\/pages\/7034\/revisions"}],"predecessor-version":[{"id":8860,"href":"https:\/\/www.rizhotel.com\/de\/wp-json\/wp\/v2\/pages\/7034\/revisions\/8860"}],"wp:attachment":[{"href":"https:\/\/www.rizhotel.com\/de\/wp-json\/wp\/v2\/media?parent=7034"}],"curies":[{"name":"wp","href":"https:\/\/api.w.org\/{rel}","templated":true}]}}