{"id":8441,"date":"2021-02-09T15:15:47","date_gmt":"2021-02-09T15:15:47","guid":{"rendered":"https:\/\/www.rizhotel.com\/?page_id=8441"},"modified":"2025-11-30T08:26:18","modified_gmt":"2025-11-30T08:26:18","slug":"zimmer-hotel-riz-cesenatico","status":"publish","type":"page","link":"https:\/\/www.rizhotel.com\/de\/zimmer-hotel-riz-cesenatico","title":{"rendered":"Zimmer Hotel Riz Cesenatico"},"content":{"rendered":"<section class=\"l-section wpb_row us_custom_8535c5f4 height_auto width_full\"><div class=\"l-section-h i-cf\"><div class=\"g-cols vc_row via_flex valign_top type_default stacking_default\"><div class=\"vc_col-sm-12 wpb_column vc_column_container\"><div class=\"vc_column-inner\"><div class=\"wpb_wrapper\"><div class=\"w-image align_center\"><div class=\"w-image-h\"><img decoding=\"async\" width=\"2500\" height=\"1619\" src=\"https:\/\/www.rizhotel.com\/wp-content\/uploads\/2020\/12\/hotel-Riz.jpg\" class=\"attachment-full size-full\" alt=\"\" loading=\"lazy\" srcset=\"https:\/\/www.rizhotel.com\/wp-content\/uploads\/2020\/12\/hotel-Riz.jpg 2500w, https:\/\/www.rizhotel.com\/wp-content\/uploads\/2020\/12\/hotel-Riz-300x194.jpg 300w, https:\/\/www.rizhotel.com\/wp-content\/uploads\/2020\/12\/hotel-Riz-1024x663.jpg 1024w, https:\/\/www.rizhotel.com\/wp-content\/uploads\/2020\/12\/hotel-Riz-1536x995.jpg 1536w, https:\/\/www.rizhotel.com\/wp-content\/uploads\/2020\/12\/hotel-Riz-2048x1326.jpg 2048w\" sizes=\"auto, (max-width: 2500px) 100vw, 2500px\" \/><\/div><\/div><\/div><\/div><\/div><\/div><\/div><\/section><section class=\"l-section wpb_row us_custom_1e3e6054 height_small\"><div class=\"l-section-h i-cf\"><div class=\"g-cols vc_row via_flex valign_top type_default stacking_default\"><div class=\"vc_col-sm-12 wpb_column vc_column_container\"><div class=\"vc_column-inner\"><div class=\"wpb_wrapper\"><div class=\"wpb_text_column us_custom_3eb9e2cd\"><div class=\"wpb_wrapper\"><h5 style=\"text-align: center;\">Zimmer im Hotel<\/h5>\n<\/div><\/div><div class=\"w-separator size_medium\"><\/div><div class=\"wpb_text_column\"><div class=\"wpb_wrapper\"><h4 style=\"text-align: center;\">AUSSTATTUNG<\/h4>\n<p style=\"text-align: center;\"><span style=\"font-family: georgia, palatino, serif;\"><em>Schalldichtes Zimmer mit Duschkabine\/WC, Haartrockner,Telefon, Safe, K\u00fchlschrank, Internetanschluss, Wasserkocher, TV LCD mit Sat-Empfang<\/em><\/span><\/p>\n<\/div><\/div><\/div><\/div><\/div><\/div><\/div><\/section><section class=\"l-section wpb_row us_custom_0bebd569 height_small\"><div class=\"l-section-h i-cf\"><div class=\"g-cols vc_row via_flex valign_middle type_default stacking_default\"><div class=\"vc_col-sm-6 wpb_column vc_column_container\"><div class=\"vc_column-inner\"><div class=\"wpb_wrapper\"><div class=\"w-image align_center\"><a ref=\"magnificPopup\" href=\"https:\/\/www.rizhotel.com\/wp-content\/uploads\/2020\/12\/hotel-Riz.jpg\" aria-label=\"_DSC5876\" class=\"w-image-h\"><img decoding=\"async\" width=\"2500\" height=\"1619\" src=\"https:\/\/www.rizhotel.com\/wp-content\/uploads\/2020\/12\/hotel-Riz.jpg\" class=\"attachment-full size-full\" alt=\"\" loading=\"lazy\" srcset=\"https:\/\/www.rizhotel.com\/wp-content\/uploads\/2020\/12\/hotel-Riz.jpg 2500w, https:\/\/www.rizhotel.com\/wp-content\/uploads\/2020\/12\/hotel-Riz-300x194.jpg 300w, https:\/\/www.rizhotel.com\/wp-content\/uploads\/2020\/12\/hotel-Riz-1024x663.jpg 1024w, https:\/\/www.rizhotel.com\/wp-content\/uploads\/2020\/12\/hotel-Riz-1536x995.jpg 1536w, https:\/\/www.rizhotel.com\/wp-content\/uploads\/2020\/12\/hotel-Riz-2048x1326.jpg 2048w\" sizes=\"auto, (max-width: 2500px) 100vw, 2500px\" \/><\/a><\/div><\/div><\/div><\/div><div class=\"vc_col-sm-6 wpb_column vc_column_container\"><div class=\"vc_column-inner\"><div class=\"wpb_wrapper\"><div class=\"wpb_text_column\"><div class=\"wpb_wrapper\"><hr \/>\n<p style=\"text-align: center;\"><span style=\"font-size: 18pt; color: #db8f2b;\">Zimmer <strong>&#8222;Classic&#8220;<br \/>\n<\/strong> <\/span>mit Fenster<br \/>\n<a href=\"https:\/\/www.rizhotel.com\/de\/anfrage.html\"><span style=\"background-color: #db8f2b; color: #ffffff;\">\u00a0 Anfrage\u00a0\u00a0<\/span><\/a><\/p>\n<hr \/>\n<p style=\"text-align: center;\"><span style=\"font-size: 18pt; color: #db8f2b;\">Zimmer<strong> &#8222;Superior&#8220;<br \/>\n<\/strong><\/span>mit Balkon<br \/>\n<a href=\"https:\/\/www.rizhotel.com\/de\/anfrage.html\"><span style=\"background-color: #db8f2b; color: #ffffff;\">\u00a0 Anfrage\u00a0\u00a0<\/span><\/a><\/p>\n<hr \/>\n<p style=\"text-align: center;\"><span style=\"color: #db8f2b; font-size: 18pt;\">Zimmer<strong> &#8222;Superior mare&#8220;<br \/>\n<\/strong><\/span>mit Balkon Meerseite<br \/>\n<a href=\"https:\/\/www.rizhotel.com\/de\/anfrage.html\"><span style=\"background-color: #db8f2b; color: #ffffff;\">\u00a0 Anfrage\u00a0\u00a0<\/span><\/a><\/p>\n<\/div><\/div><\/div><\/div><\/div><\/div><\/div><\/section><section class=\"l-section wpb_row us_custom_2c7fcaf2 height_small\"><div class=\"l-section-h i-cf\"><div class=\"g-cols vc_row via_flex valign_top type_default stacking_default\"><div class=\"vc_col-sm-4 wpb_column vc_column_container\"><div class=\"vc_column-inner\"><div class=\"wpb_wrapper\"><div class=\"wpb_text_column us_custom_3eb9e2cd\"><div class=\"wpb_wrapper\"><h4 style=\"text-align: center;\"><span style=\"font-size: 24pt;\">Preisliste<br \/>\n<strong>&#8222;2026&#8220;<\/strong><\/span><\/h4>\n<\/div><\/div><div class=\"wpb_text_column\"><div class=\"wpb_wrapper\"><p style=\"text-align: center;\"><em><span style=\"font-size: 12pt; font-family: georgia, palatino, serif;\"><strong>Vollpensionspreis<\/strong> pro Tag und Person f\u00fcr mind. 3 Tage und inkludiert:<br \/>\n\u00dcbernachtung, Fr\u00fchst\u00fcck, Mittagessen und Abendessen, <strong>Tischgetr\u00e4nke<\/strong>, <strong>1 Sonnenschirm<\/strong> und 2 <strong>Liegest\u00fchle<\/strong> am <strong>Strand<\/strong>, <strong>Klimaanlage<\/strong> im Zimmer, <strong>Fitnessraum<\/strong> und <strong>Wellness Bereich<\/strong>, <strong>Schwimmbad<\/strong>.<br \/>\nKurtaxe nicht inkludiert<br \/>\n<\/span><\/em><\/p>\n<\/div><\/div><\/div><\/div><\/div><div class=\"vc_col-sm-4 wpb_column vc_column_container\"><div class=\"vc_column-inner\"><div class=\"wpb_wrapper\"><div class=\"wpb_text_column\"><div class=\"wpb_wrapper\"><p style=\"text-align: center;\"><span style=\"font-size: 18pt; color: #db8f2b;\">Zimmer <strong>&#8222;Classic&#8220;<br \/>\n<\/strong> <\/span>mit\u00a0 Fenster<\/p>\n<p style=\"text-align: center;\">\n<table id=\"tablepress-8\" class=\"tablepress tablepress-id-8\">\n<tbody class=\"row-striping\">\n<tr class=\"row-1\">\n\t<td class=\"column-1\">16.05-12.06<\/td><td class=\"column-2\">\u20ac <strong>83,00<\/strong><\/td>\n<\/tr>\n<tr class=\"row-2\">\n\t<td class=\"column-1\">13.06-03.07<\/td><td class=\"column-2\">\u20ac <strong>99,00<\/strong><\/td>\n<\/tr>\n<tr class=\"row-3\">\n\t<td class=\"column-1\">04.07-05.08<\/td><td class=\"column-2\">\u20ac <strong>111,00<\/strong><\/td>\n<\/tr>\n<tr class=\"row-4\">\n\t<td class=\"column-1\">06.08-22.08<\/td><td class=\"column-2\">\u20ac <strong>123,00<\/strong><\/td>\n<\/tr>\n<tr class=\"row-5\">\n\t<td class=\"column-1\">23.08-04.09<\/td><td class=\"column-2\">\u20ac <strong>102,00<\/strong><\/td>\n<\/tr>\n<tr class=\"row-6\">\n\t<td class=\"column-1\">05.09-30.09<\/td><td class=\"column-2\">\u20ac <strong>83,00<\/strong><\/td>\n<\/tr>\n<\/tbody>\n<\/table>\n<!-- #tablepress-8 from cache --><\/p>\n<\/div><\/div><div class=\"w-btn-wrapper align_center\"><a class=\"w-btn us-btn-style_1\" href=\"https:\/\/www.rizhotel.com\/de\/anfrage.html\"><span class=\"w-btn-label\">Anfrage<\/span><\/a><\/div><\/div><\/div><\/div><div class=\"vc_col-sm-4 wpb_column vc_column_container\"><div class=\"vc_column-inner\"><div class=\"wpb_wrapper\"><div class=\"wpb_text_column\"><div class=\"wpb_wrapper\"><p style=\"text-align: center;\"><span style=\"font-size: 18pt; color: #db8f2b;\">Zimmer <strong>&#8222;Superior Mare&#8220;<br \/>\n<\/strong> <\/span>mit Balkon<\/p>\n<p style=\"text-align: center;\">\n<table id=\"tablepress-9\" class=\"tablepress tablepress-id-9\">\n<tbody class=\"row-striping\">\n<tr class=\"row-1\">\n\t<td class=\"column-1\">16.05-12.06<\/td><td class=\"column-2\">\u20ac <strong>93,00<\/strong><\/td>\n<\/tr>\n<tr class=\"row-2\">\n\t<td class=\"column-1\">13.06-03.07<\/td><td class=\"column-2\">\u20ac <strong>109,00<\/strong><\/td>\n<\/tr>\n<tr class=\"row-3\">\n\t<td class=\"column-1\">04.07-05.08<\/td><td class=\"column-2\">\u20ac <strong>121,00<\/strong><\/td>\n<\/tr>\n<tr class=\"row-4\">\n\t<td class=\"column-1\">06.08-22.08<\/td><td class=\"column-2\">\u20ac <strong>133,00<\/strong><\/td>\n<\/tr>\n<tr class=\"row-5\">\n\t<td class=\"column-1\">23.08-04.09<\/td><td class=\"column-2\">\u20ac <strong>112,00<\/strong><\/td>\n<\/tr>\n<tr class=\"row-6\">\n\t<td class=\"column-1\">05.09-30.09<\/td><td class=\"column-2\">\u20ac <strong>93,00<\/strong><\/td>\n<\/tr>\n<\/tbody>\n<\/table>\n<!-- #tablepress-9 from cache --><\/p>\n<\/div><\/div><div class=\"w-btn-wrapper align_center\"><a class=\"w-btn us-btn-style_1\" href=\"https:\/\/www.rizhotel.com\/de\/anfrage.html\"><span class=\"w-btn-label\">Anfrage<\/span><\/a><\/div><\/div><\/div><\/div><\/div><\/div><\/section><section class=\"l-section wpb_row us_custom_b7a68ffe height_small\"><div class=\"l-section-h i-cf\"><div class=\"g-cols vc_row via_flex valign_top type_default stacking_default\"><div class=\"vc_col-sm-12 wpb_column vc_column_container\"><div class=\"vc_column-inner\"><div class=\"wpb_wrapper\"><div class=\"wpb_text_column us_custom_3eb9e2cd\"><div class=\"wpb_wrapper\"><h5 style=\"text-align: center;\">Die Suiten in Villa Riz<\/h5>\n<\/div><\/div><\/div><\/div><\/div><\/div><\/div><\/section><section class=\"l-section wpb_row us_custom_b7a68ffe height_small\"><div class=\"l-section-h i-cf\"><div class=\"g-cols vc_row via_flex valign_middle type_default stacking_default\"><div class=\"vc_col-sm-6 wpb_column vc_column_container\"><div class=\"vc_column-inner\"><div class=\"wpb_wrapper\"><div class=\"w-image align_center\"><a ref=\"magnificPopup\" href=\"https:\/\/www.rizhotel.com\/wp-content\/uploads\/2020\/01\/suite.jpg\" aria-label=\"suite\" class=\"w-image-h\"><img decoding=\"async\" width=\"2000\" height=\"1333\" src=\"https:\/\/www.rizhotel.com\/wp-content\/uploads\/2020\/01\/suite.jpg\" class=\"attachment-full size-full\" alt=\"\" loading=\"lazy\" srcset=\"https:\/\/www.rizhotel.com\/wp-content\/uploads\/2020\/01\/suite.jpg 2000w, https:\/\/www.rizhotel.com\/wp-content\/uploads\/2020\/01\/suite-300x200.jpg 300w, https:\/\/www.rizhotel.com\/wp-content\/uploads\/2020\/01\/suite-1024x682.jpg 1024w, https:\/\/www.rizhotel.com\/wp-content\/uploads\/2020\/01\/suite-1536x1024.jpg 1536w\" sizes=\"auto, (max-width: 2000px) 100vw, 2000px\" \/><\/a><\/div><div class=\"w-separator size_medium\"><\/div><div class=\"w-image align_center\"><a ref=\"magnificPopup\" href=\"https:\/\/www.rizhotel.com\/wp-content\/uploads\/2020\/01\/villa-riz-camenra.jpg\" aria-label=\"villa riz camenra\" class=\"w-image-h\"><img decoding=\"async\" width=\"2000\" height=\"1333\" src=\"https:\/\/www.rizhotel.com\/wp-content\/uploads\/2020\/01\/villa-riz-camenra.jpg\" class=\"attachment-full size-full\" alt=\"Villa Riz Suite\" loading=\"lazy\" srcset=\"https:\/\/www.rizhotel.com\/wp-content\/uploads\/2020\/01\/villa-riz-camenra.jpg 2000w, https:\/\/www.rizhotel.com\/wp-content\/uploads\/2020\/01\/villa-riz-camenra-300x200.jpg 300w, https:\/\/www.rizhotel.com\/wp-content\/uploads\/2020\/01\/villa-riz-camenra-1024x682.jpg 1024w, https:\/\/www.rizhotel.com\/wp-content\/uploads\/2020\/01\/villa-riz-camenra-1536x1024.jpg 1536w\" sizes=\"auto, (max-width: 2000px) 100vw, 2000px\" \/><\/a><\/div><\/div><\/div><\/div><div class=\"vc_col-sm-6 wpb_column vc_column_container\"><div class=\"vc_column-inner\"><div class=\"wpb_wrapper\"><div class=\"wpb_text_column\"><div class=\"wpb_wrapper\"><h4 style=\"text-align: center;\">AUSSTATTUNG<\/h4>\n<p style=\"text-align: center;\"><span style=\"font-family: georgia, palatino, serif;\"><em><span style=\"color: #e8e8e8;\">Jedes Zimmer verf\u00fcgt \u00fcber:<br \/>\nPlasma-TV 32\u201c, Stereo\/CD, DVD-Player, Safe, Waage, Ger\u00e4umiges und modernes Bad (4,5\/6 qm), Klimaanlage, zus\u00e4tzliches Aufr\u00e4umen des Zimmers am Nachmittag, Pflegeset im Bad, Bademantel, Internet Wi-Fi, Strandt\u00fccher f\u00fcr die ganze Familie.<\/span><\/em><\/span><\/p>\n<\/div><\/div><div class=\"w-separator size_medium\"><\/div><div class=\"g-cols wpb_row via_flex valign_top type_default stacking_default\"><div class=\"vc_col-sm-6 wpb_column vc_column_container\"><div class=\"vc_column-inner us_custom_d4657226\"><div class=\"wpb_wrapper\"><div class=\"wpb_text_column\"><div class=\"wpb_wrapper\"><p style=\"text-align: center;\"><span style=\"font-size: 18pt;\"><span style=\"font-family: georgia, palatino, serif; color: #c93c5b;\"><em>Prestige <\/em><\/span><span style=\"color: #db8f2b; font-size: 14pt;\">(17 mq)<\/span><\/span><br \/>\n<span style=\"font-family: georgia, palatino, serif;\"><em><span style=\"color: #db8f2b;\">mit Fenster<br \/>\n<\/span><\/em><\/span><a href=\"https:\/\/www.rizhotel.com\/de\/anfrage.html\"><span style=\"background-color: #db8f2b; color: #ffffff;\">\u00a0 Anfrage\u00a0\u00a0<\/span><\/a><\/p>\n<\/div><\/div><\/div><\/div><\/div><div class=\"vc_col-sm-6 wpb_column vc_column_container\"><div class=\"vc_column-inner us_custom_d4657226\"><div class=\"wpb_wrapper\"><div class=\"wpb_text_column\"><div class=\"wpb_wrapper\"><p style=\"text-align: center;\"><span style=\"font-size: 18pt;\"><span style=\"font-family: georgia, palatino, serif; color: #c93c5b;\"><em>Prestige Balcony <\/em><\/span><span style=\"color: #db8f2b; font-size: 14pt;\">(17 mq)<\/span><\/span><br \/>\n<span style=\"font-family: georgia, palatino, serif;\"><em><span style=\"color: #db8f2b;\">mit Balkon<br \/>\n<\/span><\/em><\/span><a href=\"https:\/\/www.rizhotel.com\/de\/anfrage.html\"><span style=\"background-color: #db8f2b; color: #ffffff;\">\u00a0 Anfrage\u00a0\u00a0<\/span><\/a><\/p>\n<\/div><\/div><\/div><\/div><\/div><\/div><div class=\"w-separator size_medium\"><\/div><div class=\"g-cols wpb_row via_flex valign_top type_default stacking_default\"><div class=\"vc_col-sm-6 wpb_column vc_column_container\"><div class=\"vc_column-inner us_custom_d4657226\"><div class=\"wpb_wrapper\"><div class=\"wpb_text_column\"><div class=\"wpb_wrapper\"><p style=\"text-align: center;\"><span style=\"font-size: 18pt;\"><span style=\"font-family: georgia, palatino, serif; color: #c93c5b;\"><em>Family Suite <\/em><\/span><span style=\"color: #db8f2b; font-size: 14pt;\">(26 mq)<\/span><\/span><br \/>\n<span style=\"font-family: georgia, palatino, serif;\"><em><span style=\"color: #db8f2b;\">mit Balkon<br \/>\n<\/span><\/em><\/span><a href=\"https:\/\/www.rizhotel.com\/de\/anfrage.html\"><span style=\"background-color: #db8f2b; color: #ffffff;\">\u00a0 Anfrage\u00a0\u00a0<\/span><\/a><\/p>\n<\/div><\/div><\/div><\/div><\/div><div class=\"vc_col-sm-6 wpb_column vc_column_container\"><div class=\"vc_column-inner us_custom_d4657226\"><div class=\"wpb_wrapper\"><div class=\"wpb_text_column\"><div class=\"wpb_wrapper\"><p style=\"text-align: center;\"><span style=\"font-size: 18pt;\"><span style=\"font-family: georgia, palatino, serif; color: #c93c5b;\"><em>Family Suite Garden <\/em><\/span><span style=\"color: #db8f2b; font-size: 14pt;\">(26 mq)<\/span><\/span><br \/>\n<span style=\"font-family: georgia, palatino, serif;\"><em><span style=\"color: #db8f2b;\">mit Garten<br \/>\n<\/span><\/em><\/span><a href=\"https:\/\/www.rizhotel.com\/de\/anfrage.html\"><span style=\"background-color: #db8f2b; color: #ffffff;\">\u00a0 Anfrage\u00a0\u00a0<\/span><\/a><\/p>\n<\/div><\/div><\/div><\/div><\/div><\/div><div class=\"w-separator size_medium\"><\/div><div class=\"g-cols wpb_row via_flex valign_top type_default stacking_default\"><div class=\"vc_col-sm-6 wpb_column vc_column_container\"><div class=\"vc_column-inner us_custom_d4657226\"><div class=\"wpb_wrapper\"><div class=\"wpb_text_column\"><div class=\"wpb_wrapper\"><p style=\"text-align: center;\"><span style=\"font-size: 18pt;\"><span style=\"font-family: georgia, palatino, serif; color: #c93c5b;\"><em>Family Suite Twin <\/em><\/span><span style=\"color: #db8f2b; font-size: 14pt;\">(30 mq)<\/span><\/span><br \/>\n<span style=\"font-family: georgia, palatino, serif;\"><em><span style=\"color: #db8f2b;\">mit 2 Zimmern und 2 Balkonen<br \/>\n<\/span><\/em><\/span><a href=\"https:\/\/www.rizhotel.com\/de\/anfrage.html\"><span style=\"background-color: #db8f2b; color: #ffffff;\">\u00a0 Anfrage\u00a0\u00a0<\/span><\/a><\/p>\n<\/div><\/div><\/div><\/div><\/div><div class=\"vc_col-sm-6 wpb_column vc_column_container\"><div class=\"vc_column-inner us_custom_d4657226\"><div class=\"wpb_wrapper\"><div class=\"wpb_text_column\"><div class=\"wpb_wrapper\"><p style=\"text-align: center;\"><span style=\"font-size: 18pt;\"><span style=\"font-family: georgia, palatino, serif; color: #c93c5b;\"><em>Family Suite Twin Gold<br \/>\n<\/em><\/span><span style=\"color: #db8f2b; font-size: 14pt;\">(32 mq)<\/span><\/span><br \/>\n<span style=\"font-family: georgia, palatino, serif;\"><em><span style=\"color: #db8f2b;\">mit 2 Zimmern, 2 B\u00e4der\/WC und 2 Balkonen<br \/>\n<\/span><\/em><\/span><a href=\"https:\/\/www.rizhotel.com\/de\/anfrage.html\"><span style=\"background-color: #db8f2b; color: #ffffff;\">\u00a0 Anfrage\u00a0\u00a0<\/span><\/a><\/p>\n<\/div><\/div><\/div><\/div><\/div><\/div><\/div><\/div><\/div><\/div><\/div><\/section>\n","protected":false},"excerpt":{"rendered":"Zimmer im Hotel AUSSTATTUNG Schalldichtes Zimmer mit Duschkabine\/WC, Haartrockner,Telefon, Safe, K\u00fchlschrank, Internetanschluss, Wasserkocher, TV LCD mit Sat-Empfang Zimmer &#8222;Classic&#8220; mit Fenster \u00a0 Anfrage\u00a0\u00a0 Zimmer &#8222;Superior&#8220; mit Balkon \u00a0 Anfrage\u00a0\u00a0 Zimmer &#8222;Superior mare&#8220; mit Balkon Meerseite \u00a0 Anfrage\u00a0\u00a0 Preisliste &#8222;2026&#8220; Vollpensionspreis pro Tag und Person f\u00fcr mind. 3 Tage und inkludiert: \u00dcbernachtung, Fr\u00fchst\u00fcck, Mittagessen und Abendessen,...","protected":false},"author":2,"featured_media":0,"parent":0,"menu_order":0,"comment_status":"closed","ping_status":"closed","template":"","meta":{"footnotes":""},"class_list":["post-8441","page","type-page","status-publish","hentry"],"yoast_head":"<!-- This site is optimized with the Yoast SEO plugin v26.7 - https:\/\/yoast.com\/wordpress\/plugins\/seo\/ -->\n<title>Zimmer Hotel Riz Cesenatico<\/title>\n<meta name=\"description\" content=\"Zimmer Hotel Riz Cesenatico\" \/>\n<meta name=\"robots\" content=\"index, follow, max-snippet:-1, max-image-preview:large, max-video-preview:-1\" \/>\n<link rel=\"canonical\" href=\"https:\/\/www.rizhotel.com\/de\/zimmer-hotel-riz-cesenatico\" \/>\n<meta property=\"og:locale\" content=\"de_DE\" \/>\n<meta property=\"og:type\" content=\"article\" \/>\n<meta property=\"og:title\" content=\"Zimmer Hotel Riz Cesenatico\" \/>\n<meta property=\"og:description\" content=\"Zimmer Hotel Riz Cesenatico\" \/>\n<meta property=\"og:url\" content=\"https:\/\/www.rizhotel.com\/de\/zimmer-hotel-riz-cesenatico\" \/>\n<meta property=\"og:site_name\" content=\"Hotel Riz Cesenatico, All inclusive con piscina, Centro benessere e spiaggia\" \/>\n<meta property=\"article:modified_time\" content=\"2025-11-30T08:26:18+00:00\" \/>\n<meta name=\"twitter:card\" content=\"summary_large_image\" \/>\n<meta name=\"twitter:label1\" content=\"Gesch\u00e4tzte Lesezeit\" \/>\n\t<meta name=\"twitter:data1\" content=\"2\u00a0Minuten\" \/>\n<script type=\"application\/ld+json\" class=\"yoast-schema-graph\">{\"@context\":\"https:\/\/schema.org\",\"@graph\":[{\"@type\":\"WebPage\",\"@id\":\"https:\/\/www.rizhotel.com\/de\/zimmer-hotel-riz-cesenatico\",\"url\":\"https:\/\/www.rizhotel.com\/de\/zimmer-hotel-riz-cesenatico\",\"name\":\"Zimmer Hotel Riz Cesenatico\",\"isPartOf\":{\"@id\":\"https:\/\/www.rizhotel.com\/de\/#website\"},\"datePublished\":\"2021-02-09T15:15:47+00:00\",\"dateModified\":\"2025-11-30T08:26:18+00:00\",\"description\":\"Zimmer Hotel Riz Cesenatico\",\"breadcrumb\":{\"@id\":\"https:\/\/www.rizhotel.com\/de\/zimmer-hotel-riz-cesenatico#breadcrumb\"},\"inLanguage\":\"de\",\"potentialAction\":[{\"@type\":\"ReadAction\",\"target\":[\"https:\/\/www.rizhotel.com\/de\/zimmer-hotel-riz-cesenatico\"]}]},{\"@type\":\"BreadcrumbList\",\"@id\":\"https:\/\/www.rizhotel.com\/de\/zimmer-hotel-riz-cesenatico#breadcrumb\",\"itemListElement\":[{\"@type\":\"ListItem\",\"position\":1,\"name\":\"Home\",\"item\":\"https:\/\/www.rizhotel.com\/de\"},{\"@type\":\"ListItem\",\"position\":2,\"name\":\"Zimmer Hotel Riz Cesenatico\"}]},{\"@type\":\"WebSite\",\"@id\":\"https:\/\/www.rizhotel.com\/de\/#website\",\"url\":\"https:\/\/www.rizhotel.com\/de\/\",\"name\":\"Hotel Riz Cesenatico, All inclusive con piscina, Centro benessere e spiaggia\",\"description\":\"Vacanze a Cesenatico\",\"potentialAction\":[{\"@type\":\"SearchAction\",\"target\":{\"@type\":\"EntryPoint\",\"urlTemplate\":\"https:\/\/www.rizhotel.com\/de\/?s={search_term_string}\"},\"query-input\":{\"@type\":\"PropertyValueSpecification\",\"valueRequired\":true,\"valueName\":\"search_term_string\"}}],\"inLanguage\":\"de\"}]}<\/script>\n<!-- \/ Yoast SEO plugin. -->","yoast_head_json":{"title":"Zimmer Hotel Riz Cesenatico","description":"Zimmer Hotel Riz Cesenatico","robots":{"index":"index","follow":"follow","max-snippet":"max-snippet:-1","max-image-preview":"max-image-preview:large","max-video-preview":"max-video-preview:-1"},"canonical":"https:\/\/www.rizhotel.com\/de\/zimmer-hotel-riz-cesenatico","og_locale":"de_DE","og_type":"article","og_title":"Zimmer Hotel Riz Cesenatico","og_description":"Zimmer Hotel Riz Cesenatico","og_url":"https:\/\/www.rizhotel.com\/de\/zimmer-hotel-riz-cesenatico","og_site_name":"Hotel Riz Cesenatico, All inclusive con piscina, Centro benessere e spiaggia","article_modified_time":"2025-11-30T08:26:18+00:00","twitter_card":"summary_large_image","twitter_misc":{"Gesch\u00e4tzte Lesezeit":"2\u00a0Minuten"},"schema":{"@context":"https:\/\/schema.org","@graph":[{"@type":"WebPage","@id":"https:\/\/www.rizhotel.com\/de\/zimmer-hotel-riz-cesenatico","url":"https:\/\/www.rizhotel.com\/de\/zimmer-hotel-riz-cesenatico","name":"Zimmer Hotel Riz Cesenatico","isPartOf":{"@id":"https:\/\/www.rizhotel.com\/de\/#website"},"datePublished":"2021-02-09T15:15:47+00:00","dateModified":"2025-11-30T08:26:18+00:00","description":"Zimmer Hotel Riz Cesenatico","breadcrumb":{"@id":"https:\/\/www.rizhotel.com\/de\/zimmer-hotel-riz-cesenatico#breadcrumb"},"inLanguage":"de","potentialAction":[{"@type":"ReadAction","target":["https:\/\/www.rizhotel.com\/de\/zimmer-hotel-riz-cesenatico"]}]},{"@type":"BreadcrumbList","@id":"https:\/\/www.rizhotel.com\/de\/zimmer-hotel-riz-cesenatico#breadcrumb","itemListElement":[{"@type":"ListItem","position":1,"name":"Home","item":"https:\/\/www.rizhotel.com\/de"},{"@type":"ListItem","position":2,"name":"Zimmer Hotel Riz Cesenatico"}]},{"@type":"WebSite","@id":"https:\/\/www.rizhotel.com\/de\/#website","url":"https:\/\/www.rizhotel.com\/de\/","name":"Hotel Riz Cesenatico, All inclusive con piscina, Centro benessere e spiaggia","description":"Vacanze a Cesenatico","potentialAction":[{"@type":"SearchAction","target":{"@type":"EntryPoint","urlTemplate":"https:\/\/www.rizhotel.com\/de\/?s={search_term_string}"},"query-input":{"@type":"PropertyValueSpecification","valueRequired":true,"valueName":"search_term_string"}}],"inLanguage":"de"}]}},"_links":{"self":[{"href":"https:\/\/www.rizhotel.com\/de\/wp-json\/wp\/v2\/pages\/8441","targetHints":{"allow":["GET"]}}],"collection":[{"href":"https:\/\/www.rizhotel.com\/de\/wp-json\/wp\/v2\/pages"}],"about":[{"href":"https:\/\/www.rizhotel.com\/de\/wp-json\/wp\/v2\/types\/page"}],"author":[{"embeddable":true,"href":"https:\/\/www.rizhotel.com\/de\/wp-json\/wp\/v2\/users\/2"}],"replies":[{"embeddable":true,"href":"https:\/\/www.rizhotel.com\/de\/wp-json\/wp\/v2\/comments?post=8441"}],"version-history":[{"count":13,"href":"https:\/\/www.rizhotel.com\/de\/wp-json\/wp\/v2\/pages\/8441\/revisions"}],"predecessor-version":[{"id":9801,"href":"https:\/\/www.rizhotel.com\/de\/wp-json\/wp\/v2\/pages\/8441\/revisions\/9801"}],"wp:attachment":[{"href":"https:\/\/www.rizhotel.com\/de\/wp-json\/wp\/v2\/media?parent=8441"}],"curies":[{"name":"wp","href":"https:\/\/api.w.org\/{rel}","templated":true}]}}