{"id":9589,"date":"2025-01-12T10:41:06","date_gmt":"2025-01-12T10:41:06","guid":{"rendered":"https:\/\/www.rizhotel.com\/?page_id=9589"},"modified":"2025-01-12T10:43:27","modified_gmt":"2025-01-12T10:43:27","slug":"pet-friendly-hotel-cesenatico","status":"publish","type":"page","link":"https:\/\/www.rizhotel.com\/de\/pet-friendly-hotel-cesenatico","title":{"rendered":"Pet Friendly Hotel Cesenatico"},"content":{"rendered":"<section class=\"l-section wpb_row height_auto width_full\"><div class=\"l-section-h i-cf\"><div class=\"g-cols vc_row via_flex valign_top type_default stacking_default\"><div class=\"vc_col-sm-12 wpb_column vc_column_container\"><div class=\"vc_column-inner\"><div class=\"wpb_wrapper\"><div class=\"w-image align_center\"><div class=\"w-image-h\"><img decoding=\"async\" width=\"2000\" height=\"772\" src=\"https:\/\/www.rizhotel.com\/wp-content\/uploads\/2020\/11\/testata_.jpg\" class=\"attachment-full size-full\" alt=\"\" loading=\"lazy\" srcset=\"https:\/\/www.rizhotel.com\/wp-content\/uploads\/2020\/11\/testata_.jpg 2000w, https:\/\/www.rizhotel.com\/wp-content\/uploads\/2020\/11\/testata_-300x116.jpg 300w, https:\/\/www.rizhotel.com\/wp-content\/uploads\/2020\/11\/testata_-1024x395.jpg 1024w, https:\/\/www.rizhotel.com\/wp-content\/uploads\/2020\/11\/testata_-1536x593.jpg 1536w\" sizes=\"auto, (max-width: 2000px) 100vw, 2000px\" \/><\/div><\/div><div class=\"w-separator size_medium\"><\/div><div class=\"wpb_text_column\"><div class=\"wpb_wrapper\"><h5 style=\"text-align: center;\">Wir sind ein haustierfreundliches Hotel!<\/h5>\n<\/div><\/div><div class=\"w-separator size_medium\"><\/div><\/div><\/div><\/div><\/div><\/div><\/section><section class=\"l-section wpb_row us_custom_0bebd569 height_auto width_full\"><div class=\"l-section-h i-cf\"><div class=\"g-cols vc_row via_flex valign_middle type_default stacking_default\"><div class=\"vc_col-sm-6 wpb_column vc_column_container\"><div class=\"vc_column-inner\"><div class=\"wpb_wrapper\"><div class=\"w-image align_center\"><div class=\"w-image-h\"><img decoding=\"async\" width=\"1024\" height=\"1024\" src=\"https:\/\/www.rizhotel.com\/wp-content\/uploads\/2018\/02\/3-1-1024x1024.jpg\" class=\"attachment-large size-large\" alt=\"\" loading=\"lazy\" srcset=\"https:\/\/www.rizhotel.com\/wp-content\/uploads\/2018\/02\/3-1-1024x1024.jpg 1024w, https:\/\/www.rizhotel.com\/wp-content\/uploads\/2018\/02\/3-1-300x300.jpg 300w, https:\/\/www.rizhotel.com\/wp-content\/uploads\/2018\/02\/3-1-150x150.jpg 150w, https:\/\/www.rizhotel.com\/wp-content\/uploads\/2018\/02\/3-1-600x600.jpg 600w, https:\/\/www.rizhotel.com\/wp-content\/uploads\/2018\/02\/3-1.jpg 1400w\" sizes=\"auto, (max-width: 1024px) 100vw, 1024px\" \/><\/div><\/div><\/div><\/div><\/div><div class=\"vc_col-sm-6 wpb_column vc_column_container\"><div class=\"vc_column-inner\"><div class=\"wpb_wrapper\"><div class=\"w-separator size_medium\"><\/div><div class=\"wpb_text_column us_custom_8665cf32\"><div class=\"wpb_wrapper\"><h4>Gegen einen Zuschlag von \u20ac 6,00 pro Tag, bieten wir die folgenden Leistungen an:<\/h4>\n<ul>\n<li>Extra Reinigung und Hygiene des Zimmers<\/li>\n<li>Zimmer mit sicherem Balkon<\/li>\n<li>M\u00f6glichkeit einer \u201eDusche\u201c im Freien<\/li>\n<li>Fr\u00fchst\u00fcck, Mittag- und Abendessen im Garten, falls der Hund nicht gewohnt ist, w\u00e4hrend der Mahlzeiten allein im Zimmer zu bleiben.<\/li>\n<\/ul>\n<p>&nbsp;<\/p>\n<\/div><\/div><div class=\"w-grid us_grid type_masonry layout_gallery_default cols_4 preload_style_spinner with_isotope\" id=\"us_grid_1\" style=\"--columns:4;--gap:5px;\" data-filterable=\"true\"><style>@media (max-width:1024px){#us_grid_1{--columns:2!important}}@media (max-width:600px){#us_grid_1{--columns:2!important}}.layout_gallery_default .w-grid-item-h{}<\/style><div class=\"w-grid-list\">\t<article class=\"w-grid-item size_1x1 post-8266 attachment type-attachment status-inherit hentry\" data-id=\"8266\">\r\n\t\t<div class=\"w-grid-item-h\">\r\n\t\t\t\t\t\t<div class=\"w-post-elm post_image usg_post_image_1 stretched\"><img loading=\"lazy\" decoding=\"async\" width=\"735\" height=\"400\" src=\"https:\/\/www.rizhotel.com\/wp-content\/uploads\/2020\/11\/pet-2.jpg\" class=\"attachment-large size-large\" alt=\"\" srcset=\"https:\/\/www.rizhotel.com\/wp-content\/uploads\/2020\/11\/pet-2.jpg 735w, https:\/\/www.rizhotel.com\/wp-content\/uploads\/2020\/11\/pet-2-300x163.jpg 300w\" sizes=\"auto, (max-width: 735px) 100vw, 735px\" \/><\/div>\t\t<\/div>\r\n\t\t\t<\/article>\r\n\t<article class=\"w-grid-item size_1x1 post-8270 attachment type-attachment status-inherit hentry\" data-id=\"8270\">\r\n\t\t<div class=\"w-grid-item-h\">\r\n\t\t\t\t\t\t<div class=\"w-post-elm post_image usg_post_image_1 stretched\"><img loading=\"lazy\" decoding=\"async\" width=\"600\" height=\"450\" src=\"https:\/\/www.rizhotel.com\/wp-content\/uploads\/2020\/11\/pet-3.jpg\" class=\"attachment-large size-large\" alt=\"\" srcset=\"https:\/\/www.rizhotel.com\/wp-content\/uploads\/2020\/11\/pet-3.jpg 600w, https:\/\/www.rizhotel.com\/wp-content\/uploads\/2020\/11\/pet-3-300x225.jpg 300w\" sizes=\"auto, (max-width: 600px) 100vw, 600px\" \/><\/div>\t\t<\/div>\r\n\t\t\t<\/article>\r\n\t<article class=\"w-grid-item size_1x1 post-8262 attachment type-attachment status-inherit hentry\" data-id=\"8262\">\r\n\t\t<div class=\"w-grid-item-h\">\r\n\t\t\t\t\t\t<div class=\"w-post-elm post_image usg_post_image_1 stretched\"><img loading=\"lazy\" decoding=\"async\" width=\"472\" height=\"315\" src=\"https:\/\/www.rizhotel.com\/wp-content\/uploads\/2020\/11\/pet-1.jpg\" class=\"attachment-large size-large\" alt=\"\" srcset=\"https:\/\/www.rizhotel.com\/wp-content\/uploads\/2020\/11\/pet-1.jpg 472w, https:\/\/www.rizhotel.com\/wp-content\/uploads\/2020\/11\/pet-1-300x200.jpg 300w\" sizes=\"auto, (max-width: 472px) 100vw, 472px\" \/><\/div>\t\t<\/div>\r\n\t\t\t<\/article>\r\n\t<article class=\"w-grid-item size_1x1 post-8258 attachment type-attachment status-inherit hentry\" data-id=\"8258\">\r\n\t\t<div class=\"w-grid-item-h\">\r\n\t\t\t\t\t\t<div class=\"w-post-elm post_image usg_post_image_1 stretched\"><img loading=\"lazy\" decoding=\"async\" width=\"600\" height=\"450\" src=\"https:\/\/www.rizhotel.com\/wp-content\/uploads\/2020\/11\/pet-4.jpg\" class=\"attachment-large size-large\" alt=\"\" srcset=\"https:\/\/www.rizhotel.com\/wp-content\/uploads\/2020\/11\/pet-4.jpg 600w, https:\/\/www.rizhotel.com\/wp-content\/uploads\/2020\/11\/pet-4-300x225.jpg 300w\" sizes=\"auto, (max-width: 600px) 100vw, 600px\" \/><\/div>\t\t<\/div>\r\n\t\t\t<\/article>\r\n<\/div>\t<div class=\"w-grid-preloader\">\r\n\t\t<div class=\"g-preloader type_3\">\r\n\t\t\t<div><\/div>\r\n\t\t<\/div>\r\n\t<\/div>\r\n\t\t<div class=\"w-grid-json hidden\" onclick='return {&quot;action&quot;:&quot;us_ajax_grid&quot;,&quot;infinite_scroll&quot;:0,&quot;max_num_pages&quot;:1,&quot;pagination&quot;:&quot;none&quot;,&quot;template_vars&quot;:{&quot;columns&quot;:&quot;4&quot;,&quot;exclude_items&quot;:&quot;none&quot;,&quot;img_size&quot;:&quot;default&quot;,&quot;ignore_items_size&quot;:0,&quot;items_layout&quot;:&quot;gallery_default&quot;,&quot;items_offset&quot;:&quot;1&quot;,&quot;load_animation&quot;:&quot;none&quot;,&quot;overriding_link&quot;:&quot;{\\&quot;url\\&quot;:\\&quot;\\&quot;}&quot;,&quot;post_id&quot;:0,&quot;query_args&quot;:{&quot;post_type&quot;:[&quot;attachment&quot;],&quot;post__in&quot;:[&quot;8255&quot;,&quot;8259&quot;,&quot;8263&quot;,&quot;8267&quot;],&quot;post_status&quot;:&quot;inherit&quot;,&quot;post_mime_type&quot;:&quot;image&quot;,&quot;posts_per_page&quot;:&quot;10&quot;},&quot;orderby_query_args&quot;:{&quot;orderby&quot;:{&quot;date&quot;:&quot;DESC&quot;}},&quot;type&quot;:&quot;masonry&quot;,&quot;us_grid_post_type&quot;:&quot;attachment&quot;,&quot;us_grid_ajax_index&quot;:1,&quot;us_grid_filter_query_string&quot;:null,&quot;us_grid_index&quot;:1,&quot;page_args&quot;:[],&quot;lang&quot;:&quot;de&quot;}}'><\/div>\r\n\t<\/div><\/div><\/div><\/div><\/div><\/div><\/section>\n","protected":false},"excerpt":{"rendered":"","protected":false},"author":1,"featured_media":0,"parent":0,"menu_order":0,"comment_status":"closed","ping_status":"closed","template":"","meta":{"footnotes":""},"class_list":["post-9589","page","type-page","status-publish","hentry"],"yoast_head":"<!-- This site is optimized with the Yoast SEO plugin v26.7 - https:\/\/yoast.com\/wordpress\/plugins\/seo\/ -->\n<title>Pet Friendly Hotel Cesenatico - Hotel Riz Cesenatico, All inclusive con piscina, Centro benessere e spiaggia<\/title>\n<meta name=\"robots\" content=\"index, follow, max-snippet:-1, max-image-preview:large, max-video-preview:-1\" \/>\n<link rel=\"canonical\" href=\"https:\/\/www.rizhotel.com\/de\/pet-friendly-hotel-cesenatico\" \/>\n<meta property=\"og:locale\" content=\"de_DE\" \/>\n<meta property=\"og:type\" content=\"article\" \/>\n<meta property=\"og:title\" content=\"Pet Friendly Hotel Cesenatico - Hotel Riz Cesenatico, All inclusive con piscina, Centro benessere e spiaggia\" \/>\n<meta property=\"og:url\" content=\"https:\/\/www.rizhotel.com\/de\/pet-friendly-hotel-cesenatico\" \/>\n<meta property=\"og:site_name\" content=\"Hotel Riz Cesenatico, All inclusive con piscina, Centro benessere e spiaggia\" \/>\n<meta property=\"article:modified_time\" content=\"2025-01-12T10:43:27+00:00\" \/>\n<meta name=\"twitter:card\" content=\"summary_large_image\" \/>\n<meta name=\"twitter:label1\" content=\"Gesch\u00e4tzte Lesezeit\" \/>\n\t<meta name=\"twitter:data1\" content=\"1\u00a0Minute\" \/>\n<script type=\"application\/ld+json\" class=\"yoast-schema-graph\">{\"@context\":\"https:\/\/schema.org\",\"@graph\":[{\"@type\":\"WebPage\",\"@id\":\"https:\/\/www.rizhotel.com\/de\/pet-friendly-hotel-cesenatico\",\"url\":\"https:\/\/www.rizhotel.com\/de\/pet-friendly-hotel-cesenatico\",\"name\":\"Pet Friendly Hotel Cesenatico - Hotel Riz Cesenatico, All inclusive con piscina, Centro benessere e spiaggia\",\"isPartOf\":{\"@id\":\"https:\/\/www.rizhotel.com\/de\/#website\"},\"datePublished\":\"2025-01-12T10:41:06+00:00\",\"dateModified\":\"2025-01-12T10:43:27+00:00\",\"breadcrumb\":{\"@id\":\"https:\/\/www.rizhotel.com\/de\/pet-friendly-hotel-cesenatico#breadcrumb\"},\"inLanguage\":\"de\",\"potentialAction\":[{\"@type\":\"ReadAction\",\"target\":[\"https:\/\/www.rizhotel.com\/de\/pet-friendly-hotel-cesenatico\"]}]},{\"@type\":\"BreadcrumbList\",\"@id\":\"https:\/\/www.rizhotel.com\/de\/pet-friendly-hotel-cesenatico#breadcrumb\",\"itemListElement\":[{\"@type\":\"ListItem\",\"position\":1,\"name\":\"Home\",\"item\":\"https:\/\/www.rizhotel.com\/de\"},{\"@type\":\"ListItem\",\"position\":2,\"name\":\"Pet Friendly Hotel Cesenatico\"}]},{\"@type\":\"WebSite\",\"@id\":\"https:\/\/www.rizhotel.com\/de\/#website\",\"url\":\"https:\/\/www.rizhotel.com\/de\/\",\"name\":\"Hotel Riz Cesenatico, All inclusive con piscina, Centro benessere e spiaggia\",\"description\":\"Vacanze a Cesenatico\",\"potentialAction\":[{\"@type\":\"SearchAction\",\"target\":{\"@type\":\"EntryPoint\",\"urlTemplate\":\"https:\/\/www.rizhotel.com\/de\/?s={search_term_string}\"},\"query-input\":{\"@type\":\"PropertyValueSpecification\",\"valueRequired\":true,\"valueName\":\"search_term_string\"}}],\"inLanguage\":\"de\"}]}<\/script>\n<!-- \/ Yoast SEO plugin. -->","yoast_head_json":{"title":"Pet Friendly Hotel Cesenatico - Hotel Riz Cesenatico, All inclusive con piscina, Centro benessere e spiaggia","robots":{"index":"index","follow":"follow","max-snippet":"max-snippet:-1","max-image-preview":"max-image-preview:large","max-video-preview":"max-video-preview:-1"},"canonical":"https:\/\/www.rizhotel.com\/de\/pet-friendly-hotel-cesenatico","og_locale":"de_DE","og_type":"article","og_title":"Pet Friendly Hotel Cesenatico - Hotel Riz Cesenatico, All inclusive con piscina, Centro benessere e spiaggia","og_url":"https:\/\/www.rizhotel.com\/de\/pet-friendly-hotel-cesenatico","og_site_name":"Hotel Riz Cesenatico, All inclusive con piscina, Centro benessere e spiaggia","article_modified_time":"2025-01-12T10:43:27+00:00","twitter_card":"summary_large_image","twitter_misc":{"Gesch\u00e4tzte Lesezeit":"1\u00a0Minute"},"schema":{"@context":"https:\/\/schema.org","@graph":[{"@type":"WebPage","@id":"https:\/\/www.rizhotel.com\/de\/pet-friendly-hotel-cesenatico","url":"https:\/\/www.rizhotel.com\/de\/pet-friendly-hotel-cesenatico","name":"Pet Friendly Hotel Cesenatico - Hotel Riz Cesenatico, All inclusive con piscina, Centro benessere e spiaggia","isPartOf":{"@id":"https:\/\/www.rizhotel.com\/de\/#website"},"datePublished":"2025-01-12T10:41:06+00:00","dateModified":"2025-01-12T10:43:27+00:00","breadcrumb":{"@id":"https:\/\/www.rizhotel.com\/de\/pet-friendly-hotel-cesenatico#breadcrumb"},"inLanguage":"de","potentialAction":[{"@type":"ReadAction","target":["https:\/\/www.rizhotel.com\/de\/pet-friendly-hotel-cesenatico"]}]},{"@type":"BreadcrumbList","@id":"https:\/\/www.rizhotel.com\/de\/pet-friendly-hotel-cesenatico#breadcrumb","itemListElement":[{"@type":"ListItem","position":1,"name":"Home","item":"https:\/\/www.rizhotel.com\/de"},{"@type":"ListItem","position":2,"name":"Pet Friendly Hotel Cesenatico"}]},{"@type":"WebSite","@id":"https:\/\/www.rizhotel.com\/de\/#website","url":"https:\/\/www.rizhotel.com\/de\/","name":"Hotel Riz Cesenatico, All inclusive con piscina, Centro benessere e spiaggia","description":"Vacanze a Cesenatico","potentialAction":[{"@type":"SearchAction","target":{"@type":"EntryPoint","urlTemplate":"https:\/\/www.rizhotel.com\/de\/?s={search_term_string}"},"query-input":{"@type":"PropertyValueSpecification","valueRequired":true,"valueName":"search_term_string"}}],"inLanguage":"de"}]}},"_links":{"self":[{"href":"https:\/\/www.rizhotel.com\/de\/wp-json\/wp\/v2\/pages\/9589","targetHints":{"allow":["GET"]}}],"collection":[{"href":"https:\/\/www.rizhotel.com\/de\/wp-json\/wp\/v2\/pages"}],"about":[{"href":"https:\/\/www.rizhotel.com\/de\/wp-json\/wp\/v2\/types\/page"}],"author":[{"embeddable":true,"href":"https:\/\/www.rizhotel.com\/de\/wp-json\/wp\/v2\/users\/1"}],"replies":[{"embeddable":true,"href":"https:\/\/www.rizhotel.com\/de\/wp-json\/wp\/v2\/comments?post=9589"}],"version-history":[{"count":3,"href":"https:\/\/www.rizhotel.com\/de\/wp-json\/wp\/v2\/pages\/9589\/revisions"}],"predecessor-version":[{"id":9592,"href":"https:\/\/www.rizhotel.com\/de\/wp-json\/wp\/v2\/pages\/9589\/revisions\/9592"}],"wp:attachment":[{"href":"https:\/\/www.rizhotel.com\/de\/wp-json\/wp\/v2\/media?parent=9589"}],"curies":[{"name":"wp","href":"https:\/\/api.w.org\/{rel}","templated":true}]}}