{"id":7333,"date":"2020-03-09T08:40:44","date_gmt":"2020-03-09T08:40:44","guid":{"rendered":"https:\/\/ufficio80.xyz\/riz4?page_id=7333"},"modified":"2026-03-04T07:31:03","modified_gmt":"2026-03-04T07:31:03","slug":"acces-hotel-riz-cesenatico","status":"publish","type":"page","link":"https:\/\/www.rizhotel.com\/fr\/acces-hotel-riz-cesenatico","title":{"rendered":"Acc\u00e8s H\u00f4tel Riz Cesenatico, Come arriver"},"content":{"rendered":"<section class=\"l-section wpb_row height_small\"><div class=\"l-section-h i-cf\"><div class=\"g-cols vc_row via_flex valign_top type_default stacking_default\"><div class=\"vc_col-sm-12 wpb_column vc_column_container\"><div class=\"vc_column-inner\"><div class=\"wpb_wrapper\"><div class=\"wpb_text_column\"><div class=\"wpb_wrapper\"><h5 style=\"text-align: center;\">\u00a0Comme arriver<\/h5>\n<\/div><\/div><\/div><\/div><\/div><\/div><\/div><\/section><section class=\"l-section wpb_row us_custom_0bebd569 height_auto width_full\"><div class=\"l-section-h i-cf\"><div class=\"g-cols vc_row via_flex valign_middle type_default stacking_default\"><div class=\"vc_col-sm-6 wpb_column vc_column_container\"><div class=\"vc_column-inner\"><div class=\"wpb_wrapper\"><div class=\"w-image align_center\"><div class=\"w-image-h\"><img decoding=\"async\" width=\"1024\" height=\"1024\" src=\"https:\/\/www.rizhotel.com\/wp-content\/uploads\/2024\/12\/dove-siamo.jpg\" class=\"attachment-full size-full\" alt=\"\" loading=\"lazy\" srcset=\"https:\/\/www.rizhotel.com\/wp-content\/uploads\/2024\/12\/dove-siamo.jpg 1024w, https:\/\/www.rizhotel.com\/wp-content\/uploads\/2024\/12\/dove-siamo-300x300.jpg 300w, https:\/\/www.rizhotel.com\/wp-content\/uploads\/2024\/12\/dove-siamo-150x150.jpg 150w, https:\/\/www.rizhotel.com\/wp-content\/uploads\/2024\/12\/dove-siamo-600x600.jpg 600w\" sizes=\"auto, (max-width: 1024px) 100vw, 1024px\" \/><\/div><\/div><\/div><\/div><\/div><div class=\"vc_col-sm-6 wpb_column vc_column_container\"><div class=\"vc_column-inner\"><div class=\"wpb_wrapper\"><div class=\"wpb_text_column us_custom_8665cf32\"><div class=\"wpb_wrapper\"><h4>TRAIN<\/h4>\n<div>\n<p>De la France\/Belgique: il existe des trains directs depuis Paris, Lyon et Bruxelles pour Milan. Ici vous pourrez changer et<span>\u00a0<\/span><span>prendre un train rapide \u00e0 destination de Cesena, Cesenatico ou Rimini.\u00a0<\/span><\/p>\n<div><\/div>\n<\/div>\n<div>De la Suisse: des trains directs au d\u00e9part de Zurich offrent d&rsquo;excellentes liaisons entre la Suisse et la c\u00f4te adriatique, gr\u00e2ce aux arr\u00eats \u00e0 Cesena (14 km) et Rimini (20 km).<\/div>\n<div><\/div>\n<div>Nous proposons des transferts depuis et vers Cesena et Rimini avec notre minibus de 9 places.<\/div>\n<h4>AVION<\/h4>\n<p>Plusieurs compagnies assurent des liaisons journali\u00e8res depuis les a\u00e9roports francais (Paris, Lyon, Marseille), belges (Bruxelles) et suisses (B\u00e2le) vers les a\u00e9roports de Rimini et Bologne.<\/p>\n<p>Nous proposons des transferts depuis et vers Rimini et Bologne avec notre minibus de 9 places.<\/p>\n<h4>VOITURE<\/h4>\n<p>En provenance du nord prendre l\u2019Autoroute \u201cMare\u201d A 14 Bologne-Bari et sortir \u00e0 Cesena (Attention! NE PAS SORTIR \u00e0 Cesena Nord). Prendre la direction de la mer \u00e0 droite et suivre le panneau Cesenatico centro.<\/p>\n<\/div><\/div><\/div><\/div><\/div><\/div><\/div><\/section><section class=\"l-section wpb_row height_auto width_full\"><div class=\"l-section-h i-cf\"><div class=\"g-cols vc_row via_flex valign_top type_default stacking_default\"><div class=\"vc_col-sm-12 wpb_column vc_column_container\"><div class=\"vc_column-inner\"><div class=\"wpb_wrapper\"><div class=\"w-map provider_osm\" id=\"us_map_1\"><div class=\"w-map-inner\"><div class=\"w-map-json\" onclick='return {&quot;address&quot;:&quot;44.193934, 12.411446&quot;,&quot;disableDragging&quot;:1,&quot;disableZoom&quot;:1,&quot;hideControls&quot;:0,&quot;zoom&quot;:17,&quot;markers&quot;:[{&quot;address&quot;:&quot;44.193934, 12.411446&quot;,&quot;html&quot;:&quot;&lt;h6&gt;Hotel Riz&lt;\\\/h6&gt;&lt;p&gt;Cesenatico&lt;\\\/p&gt;&quot;,&quot;infowindow&quot;:0}],&quot;icon&quot;:{&quot;url&quot;:&quot;https:\\\/\\\/www.rizhotel.com\\\/wp-content\\\/uploads\\\/2020\\\/02\\\/marcatore-Riz-1-150x150.png&quot;,&quot;size&quot;:[60,60]},&quot;style&quot;:&quot;https:\\\/\\\/{s}.tile.openstreetmap.org\\\/{z}\\\/{x}\\\/{y}.png&quot;}'><\/div><\/div><\/div><\/div><\/div><\/div><\/div><\/div><\/section>\n","protected":false},"excerpt":{"rendered":"\u00a0Comme arriver TRAIN De la France\/Belgique: il existe des trains directs depuis Paris, Lyon et Bruxelles pour Milan. Ici vous pourrez changer et\u00a0prendre un train rapide \u00e0 destination de Cesena, Cesenatico ou Rimini.\u00a0 De la Suisse: des trains directs au d\u00e9part de Zurich offrent d&rsquo;excellentes liaisons entre la Suisse et la c\u00f4te adriatique, gr\u00e2ce aux...","protected":false},"author":1,"featured_media":0,"parent":0,"menu_order":0,"comment_status":"closed","ping_status":"closed","template":"","meta":{"footnotes":""},"class_list":["post-7333","page","type-page","status-publish","hentry"],"yoast_head":"<!-- This site is optimized with the Yoast SEO plugin v26.7 - https:\/\/yoast.com\/wordpress\/plugins\/seo\/ -->\n<title>Acc\u00e8s H\u00f4tel Riz Cesenatico, Come arriver<\/title>\n<meta name=\"description\" content=\"Acc\u00e8s H\u00f4tel Riz Cesenatico, Come arriver avec voiture, train ou avion.\" \/>\n<meta name=\"robots\" content=\"index, follow, max-snippet:-1, max-image-preview:large, max-video-preview:-1\" \/>\n<link rel=\"canonical\" href=\"https:\/\/www.rizhotel.com\/fr\/acces-hotel-riz-cesenatico\" \/>\n<meta property=\"og:locale\" content=\"fr_FR\" \/>\n<meta property=\"og:type\" content=\"article\" \/>\n<meta property=\"og:title\" content=\"Acc\u00e8s H\u00f4tel Riz Cesenatico, Come arriver\" \/>\n<meta property=\"og:description\" content=\"Acc\u00e8s H\u00f4tel Riz Cesenatico, Come arriver avec voiture, train ou avion.\" \/>\n<meta property=\"og:url\" content=\"https:\/\/www.rizhotel.com\/fr\/acces-hotel-riz-cesenatico\" \/>\n<meta property=\"og:site_name\" content=\"Hotel Riz Cesenatico, All inclusive con piscina, Centro benessere e spiaggia\" \/>\n<meta property=\"article:modified_time\" content=\"2026-03-04T07:31:03+00:00\" \/>\n<meta name=\"twitter:card\" content=\"summary_large_image\" \/>\n<meta name=\"twitter:label1\" content=\"Dur\u00e9e de lecture estim\u00e9e\" \/>\n\t<meta name=\"twitter:data1\" content=\"1 minute\" \/>\n<script type=\"application\/ld+json\" class=\"yoast-schema-graph\">{\"@context\":\"https:\/\/schema.org\",\"@graph\":[{\"@type\":\"WebPage\",\"@id\":\"https:\/\/www.rizhotel.com\/fr\/acces-hotel-riz-cesenatico\",\"url\":\"https:\/\/www.rizhotel.com\/fr\/acces-hotel-riz-cesenatico\",\"name\":\"Acc\u00e8s H\u00f4tel Riz Cesenatico, Come arriver\",\"isPartOf\":{\"@id\":\"https:\/\/www.rizhotel.com\/de\/#website\"},\"datePublished\":\"2020-03-09T08:40:44+00:00\",\"dateModified\":\"2026-03-04T07:31:03+00:00\",\"description\":\"Acc\u00e8s H\u00f4tel Riz Cesenatico, Come arriver avec voiture, train ou avion.\",\"breadcrumb\":{\"@id\":\"https:\/\/www.rizhotel.com\/fr\/acces-hotel-riz-cesenatico#breadcrumb\"},\"inLanguage\":\"fr-FR\",\"potentialAction\":[{\"@type\":\"ReadAction\",\"target\":[\"https:\/\/www.rizhotel.com\/fr\/acces-hotel-riz-cesenatico\"]}]},{\"@type\":\"BreadcrumbList\",\"@id\":\"https:\/\/www.rizhotel.com\/fr\/acces-hotel-riz-cesenatico#breadcrumb\",\"itemListElement\":[{\"@type\":\"ListItem\",\"position\":1,\"name\":\"Home\",\"item\":\"https:\/\/www.rizhotel.com\/fr\"},{\"@type\":\"ListItem\",\"position\":2,\"name\":\"Acc\u00e8s H\u00f4tel Riz Cesenatico, Come arriver\"}]},{\"@type\":\"WebSite\",\"@id\":\"https:\/\/www.rizhotel.com\/de\/#website\",\"url\":\"https:\/\/www.rizhotel.com\/de\/\",\"name\":\"Hotel Riz Cesenatico, All inclusive con piscina, Centro benessere e spiaggia\",\"description\":\"Vacanze a Cesenatico\",\"potentialAction\":[{\"@type\":\"SearchAction\",\"target\":{\"@type\":\"EntryPoint\",\"urlTemplate\":\"https:\/\/www.rizhotel.com\/de\/?s={search_term_string}\"},\"query-input\":{\"@type\":\"PropertyValueSpecification\",\"valueRequired\":true,\"valueName\":\"search_term_string\"}}],\"inLanguage\":\"fr-FR\"}]}<\/script>\n<!-- \/ Yoast SEO plugin. -->","yoast_head_json":{"title":"Acc\u00e8s H\u00f4tel Riz Cesenatico, Come arriver","description":"Acc\u00e8s H\u00f4tel Riz Cesenatico, Come arriver avec voiture, train ou avion.","robots":{"index":"index","follow":"follow","max-snippet":"max-snippet:-1","max-image-preview":"max-image-preview:large","max-video-preview":"max-video-preview:-1"},"canonical":"https:\/\/www.rizhotel.com\/fr\/acces-hotel-riz-cesenatico","og_locale":"fr_FR","og_type":"article","og_title":"Acc\u00e8s H\u00f4tel Riz Cesenatico, Come arriver","og_description":"Acc\u00e8s H\u00f4tel Riz Cesenatico, Come arriver avec voiture, train ou avion.","og_url":"https:\/\/www.rizhotel.com\/fr\/acces-hotel-riz-cesenatico","og_site_name":"Hotel Riz Cesenatico, All inclusive con piscina, Centro benessere e spiaggia","article_modified_time":"2026-03-04T07:31:03+00:00","twitter_card":"summary_large_image","twitter_misc":{"Dur\u00e9e de lecture estim\u00e9e":"1 minute"},"schema":{"@context":"https:\/\/schema.org","@graph":[{"@type":"WebPage","@id":"https:\/\/www.rizhotel.com\/fr\/acces-hotel-riz-cesenatico","url":"https:\/\/www.rizhotel.com\/fr\/acces-hotel-riz-cesenatico","name":"Acc\u00e8s H\u00f4tel Riz Cesenatico, Come arriver","isPartOf":{"@id":"https:\/\/www.rizhotel.com\/de\/#website"},"datePublished":"2020-03-09T08:40:44+00:00","dateModified":"2026-03-04T07:31:03+00:00","description":"Acc\u00e8s H\u00f4tel Riz Cesenatico, Come arriver avec voiture, train ou avion.","breadcrumb":{"@id":"https:\/\/www.rizhotel.com\/fr\/acces-hotel-riz-cesenatico#breadcrumb"},"inLanguage":"fr-FR","potentialAction":[{"@type":"ReadAction","target":["https:\/\/www.rizhotel.com\/fr\/acces-hotel-riz-cesenatico"]}]},{"@type":"BreadcrumbList","@id":"https:\/\/www.rizhotel.com\/fr\/acces-hotel-riz-cesenatico#breadcrumb","itemListElement":[{"@type":"ListItem","position":1,"name":"Home","item":"https:\/\/www.rizhotel.com\/fr"},{"@type":"ListItem","position":2,"name":"Acc\u00e8s H\u00f4tel Riz Cesenatico, Come arriver"}]},{"@type":"WebSite","@id":"https:\/\/www.rizhotel.com\/de\/#website","url":"https:\/\/www.rizhotel.com\/de\/","name":"Hotel Riz Cesenatico, All inclusive con piscina, Centro benessere e spiaggia","description":"Vacanze a Cesenatico","potentialAction":[{"@type":"SearchAction","target":{"@type":"EntryPoint","urlTemplate":"https:\/\/www.rizhotel.com\/de\/?s={search_term_string}"},"query-input":{"@type":"PropertyValueSpecification","valueRequired":true,"valueName":"search_term_string"}}],"inLanguage":"fr-FR"}]}},"_links":{"self":[{"href":"https:\/\/www.rizhotel.com\/fr\/wp-json\/wp\/v2\/pages\/7333","targetHints":{"allow":["GET"]}}],"collection":[{"href":"https:\/\/www.rizhotel.com\/fr\/wp-json\/wp\/v2\/pages"}],"about":[{"href":"https:\/\/www.rizhotel.com\/fr\/wp-json\/wp\/v2\/types\/page"}],"author":[{"embeddable":true,"href":"https:\/\/www.rizhotel.com\/fr\/wp-json\/wp\/v2\/users\/1"}],"replies":[{"embeddable":true,"href":"https:\/\/www.rizhotel.com\/fr\/wp-json\/wp\/v2\/comments?post=7333"}],"version-history":[{"count":7,"href":"https:\/\/www.rizhotel.com\/fr\/wp-json\/wp\/v2\/pages\/7333\/revisions"}],"predecessor-version":[{"id":10099,"href":"https:\/\/www.rizhotel.com\/fr\/wp-json\/wp\/v2\/pages\/7333\/revisions\/10099"}],"wp:attachment":[{"href":"https:\/\/www.rizhotel.com\/fr\/wp-json\/wp\/v2\/media?parent=7333"}],"curies":[{"name":"wp","href":"https:\/\/api.w.org\/{rel}","templated":true}]}}