{"id":7346,"date":"2020-03-09T09:01:36","date_gmt":"2020-03-09T09:01:36","guid":{"rendered":"https:\/\/ufficio80.xyz\/riz4?page_id=7346"},"modified":"2024-11-21T17:13:53","modified_gmt":"2024-11-21T17:13:53","slug":"restaurant-buffet-cesenatico","status":"publish","type":"page","link":"https:\/\/www.rizhotel.com\/fr\/restaurant-buffet-cesenatico","title":{"rendered":"H\u00f4tel Cesenatico avec Restaurant Buffet Tout compris"},"content":{"rendered":"<section class=\"l-section wpb_row height_auto width_full\"><div class=\"l-section-h i-cf\"><div class=\"g-cols vc_row via_flex valign_top type_default stacking_default\"><div class=\"vc_col-sm-12 wpb_column vc_column_container has_text_color\"><div class=\"vc_column-inner us_custom_6df4bc3a\"><div class=\"wpb_wrapper\"><div class=\"w-image align_center\"><div class=\"w-image-h\"><img decoding=\"async\" width=\"1920\" height=\"1201\" src=\"https:\/\/www.rizhotel.com\/wp-content\/uploads\/2020\/01\/ristorante-riz.jpg\" class=\"attachment-full size-full\" alt=\"\" loading=\"lazy\" srcset=\"https:\/\/www.rizhotel.com\/wp-content\/uploads\/2020\/01\/ristorante-riz.jpg 1920w, https:\/\/www.rizhotel.com\/wp-content\/uploads\/2020\/01\/ristorante-riz-300x188.jpg 300w, https:\/\/www.rizhotel.com\/wp-content\/uploads\/2020\/01\/ristorante-riz-1024x641.jpg 1024w, https:\/\/www.rizhotel.com\/wp-content\/uploads\/2020\/01\/ristorante-riz-1536x961.jpg 1536w\" sizes=\"auto, (max-width: 1920px) 100vw, 1920px\" \/><\/div><\/div><div class=\"wpb_text_column us_custom_c3f07d27\"><div class=\"wpb_wrapper\"><h2 style=\"text-align: center;\">Restaurant Buffet<\/h2>\n<p style=\"text-align: center;\"><em><span style=\"font-family: georgia, palatino, serif;\">Au bonheur des papilles du matin au soir. Offrez-vous le plaisir d\u2019un s\u00e9jour gourmand!<\/span><\/em><\/p>\n<\/div><\/div><\/div><\/div><\/div><\/div><\/div><\/section><section class=\"l-section wpb_row height_small\"><div class=\"l-section-h i-cf\"><div class=\"g-cols vc_row via_flex valign_middle type_default stacking_default\"><div class=\"vc_col-sm-4 wpb_column vc_column_container\"><div class=\"vc_column-inner\"><div class=\"wpb_wrapper\"><div class=\"wpb_text_column\"><div class=\"wpb_wrapper\"><h4>Petit dejeuner:<\/h4>\n<p><em><span style=\"font-family: georgia, palatino, serif;\">Nous vous proposons d\u00e8s 7h30 <strong>un buffet de sp\u00e9cialit\u00e9s sal\u00e9es et sucr\u00e9es qui \u00e9veillera vos sens et vos papilles<\/strong>. Vous n\u2019aurez que l\u2019embarras du choix: cornflakes et c\u00e9r\u00e9ales, confitures fra\u00eeches, miel et nutella, p\u00e2tisseries maison et croissants, charcuteries et fromages, oeufs durs, \u00e0 la coque et sur le plat, bacon chaud, jus de fruits, yaourts et fruits frais, petits pains, pain toscan et pain complet<\/span><\/em><\/p>\n<\/div><\/div><\/div><\/div><\/div><div class=\"vc_col-sm-4 wpb_column vc_column_container\"><div class=\"vc_column-inner\"><div class=\"wpb_wrapper\"><div class=\"w-image align_center\"><a ref=\"magnificPopup\" href=\"https:\/\/www.rizhotel.com\/wp-content\/uploads\/2020\/01\/colazione-continentale.jpg\" aria-label=\"colazione continentale\" class=\"w-image-h\"><img decoding=\"async\" width=\"1024\" height=\"1024\" src=\"https:\/\/www.rizhotel.com\/wp-content\/uploads\/2020\/01\/colazione-continentale.jpg\" class=\"attachment-large size-large\" alt=\"\" loading=\"lazy\" srcset=\"https:\/\/www.rizhotel.com\/wp-content\/uploads\/2020\/01\/colazione-continentale.jpg 1025w, https:\/\/www.rizhotel.com\/wp-content\/uploads\/2020\/01\/colazione-continentale-300x300.jpg 300w, https:\/\/www.rizhotel.com\/wp-content\/uploads\/2020\/01\/colazione-continentale-150x150.jpg 150w, https:\/\/www.rizhotel.com\/wp-content\/uploads\/2020\/01\/colazione-continentale-600x600.jpg 600w\" sizes=\"auto, (max-width: 1024px) 100vw, 1024px\" \/><\/a><\/div><\/div><\/div><\/div><div class=\"vc_col-sm-4 wpb_column vc_column_container\"><div class=\"vc_column-inner\"><div class=\"wpb_wrapper\"><div class=\"wpb_text_column\"><div class=\"wpb_wrapper\"><p><i class=\"fas fa-check\" style=\"color: #DB8F2B\"><\/i> caf\u00e9 am\u00e9ricain<br \/>\n<i class=\"fas fa-check\" style=\"color: #DB8F2B\"><\/i> caf\u00e9 d\u2019orge<br \/>\n<i class=\"fas fa-check\" style=\"color: #DB8F2B\"><\/i> caf\u00e9 moka<br \/>\n<i class=\"fas fa-check\" style=\"color: #DB8F2B\"><\/i> caf\u00e9 espresso<br \/>\n<i class=\"fas fa-check\" style=\"color: #DB8F2B\"><\/i> moka<br \/>\n<i class=\"fas fa-check\" style=\"color: #DB8F2B\"><\/i> cappuccino et chocolat<br \/>\n<i class=\"fas fa-check\" style=\"color: #DB8F2B\"><\/i> assortiment de th\u00e9s<\/p>\n<\/div><\/div><\/div><\/div><\/div><\/div><\/div><\/section><section class=\"l-section wpb_row us_custom_77338566 height_small with_shape\"><div class=\"l-section-shape type_tilt pos_bottom\" style=\"height:15vmin;\"><svg xmlns=\"http:\/\/www.w3.org\/2000\/svg\" viewBox=\"0 0 64 8\" preserveAspectRatio=\"none\" width=\"100%\" height=\"100%\">\r\n\t<path fill=\"currentColor\" d=\"M64 7.9 L64 10 L0 10 L0 0 Z\"\/>\r\n<\/svg><\/div><div class=\"l-section-h i-cf\"><div class=\"g-cols vc_row via_flex valign_top type_default stacking_default\"><div class=\"vc_col-sm-4 wpb_column vc_column_container\"><div class=\"vc_column-inner\"><div class=\"wpb_wrapper\"><div class=\"wpb_text_column\"><div class=\"wpb_wrapper\"><h4>Notre Service:<\/h4>\n<p><em><span style=\"font-family: georgia, palatino, serif;\">Le restaurant est ouvert \u00e0 midi de 12h00 \u00e0 13h30 et le soir de 19h15 \u00e0 20h30, et propose des <strong>buffets superbes<\/strong> et <strong>vari\u00e9s pr\u00e9par\u00e9s par notre Chef.<\/strong><\/span><\/em><\/p>\n<\/div><\/div><div class=\"w-separator size_small\"><\/div><div class=\"w-image align_center\"><a ref=\"magnificPopup\" href=\"https:\/\/www.rizhotel.com\/wp-content\/uploads\/2020\/01\/RIZ_RISTORANTE.jpg\" aria-label=\"RIZ_RISTORANTE\" class=\"w-image-h\"><img decoding=\"async\" width=\"1024\" height=\"1024\" src=\"https:\/\/www.rizhotel.com\/wp-content\/uploads\/2020\/01\/RIZ_RISTORANTE.jpg\" class=\"attachment-large size-large\" alt=\"\" loading=\"lazy\" srcset=\"https:\/\/www.rizhotel.com\/wp-content\/uploads\/2020\/01\/RIZ_RISTORANTE.jpg 1025w, https:\/\/www.rizhotel.com\/wp-content\/uploads\/2020\/01\/RIZ_RISTORANTE-300x300.jpg 300w, https:\/\/www.rizhotel.com\/wp-content\/uploads\/2020\/01\/RIZ_RISTORANTE-150x150.jpg 150w, https:\/\/www.rizhotel.com\/wp-content\/uploads\/2020\/01\/RIZ_RISTORANTE-600x600.jpg 600w\" sizes=\"auto, (max-width: 1024px) 100vw, 1024px\" \/><\/a><\/div><\/div><\/div><\/div><div class=\"vc_col-sm-4 wpb_column vc_column_container\"><div class=\"vc_column-inner\"><div class=\"wpb_wrapper\"><div class=\"wpb_text_column\"><div class=\"wpb_wrapper\"><p><i class=\"fas fa-check\" style=\"color: #DB8F2B\"><\/i> Le <span style=\"color: #db8f2b;\"><strong>buffet de hors-d\u2019oeuvre<\/strong><\/span>, avec des sp\u00e9cialit\u00e9s chaudes et froides! Pizzas, bruschettas, quiches.<br \/>\n<i class=\"fas fa-check\" style=\"color: #DB8F2B\"><\/i> Le <strong><span style=\"color: #db8f2b;\">buffet de l\u00e9gumes<\/span><\/strong>: une longue table ovale orn\u00e9e de l\u00e9gumes frais, de salades compos\u00e9es et d\u2019accompagnements chauds.<\/p>\n<\/div><\/div><div class=\"w-separator size_small\"><\/div><div class=\"w-image align_center\"><a ref=\"magnificPopup\" href=\"https:\/\/www.rizhotel.com\/wp-content\/uploads\/2020\/02\/buffet-hotelriz.jpg\" aria-label=\"buffet hotelriz\" class=\"w-image-h\"><img decoding=\"async\" width=\"1024\" height=\"1024\" src=\"https:\/\/www.rizhotel.com\/wp-content\/uploads\/2020\/02\/buffet-hotelriz.jpg\" class=\"attachment-large size-large\" alt=\"\" loading=\"lazy\" srcset=\"https:\/\/www.rizhotel.com\/wp-content\/uploads\/2020\/02\/buffet-hotelriz.jpg 1025w, https:\/\/www.rizhotel.com\/wp-content\/uploads\/2020\/02\/buffet-hotelriz-300x300.jpg 300w, https:\/\/www.rizhotel.com\/wp-content\/uploads\/2020\/02\/buffet-hotelriz-150x150.jpg 150w, https:\/\/www.rizhotel.com\/wp-content\/uploads\/2020\/02\/buffet-hotelriz-600x600.jpg 600w\" sizes=\"auto, (max-width: 1024px) 100vw, 1024px\" \/><\/a><\/div><\/div><\/div><\/div><div class=\"vc_col-sm-4 wpb_column vc_column_container\"><div class=\"vc_column-inner\"><div class=\"wpb_wrapper\"><div class=\"wpb_text_column\"><div class=\"wpb_wrapper\"><p><i class=\"fas fa-check\" style=\"color: #DB8F2B\"><\/i> Le <span style=\"color: #db8f2b;\"><strong>buffet de fromages<\/strong><\/span> et de charcuteries notre personnel en salle vous propose tous les jours des fromages nationaux et r\u00e9gionaux ainsi qu\u2019un vaste assortiment de charcuteries locales.<br \/>\n<i class=\"fas fa-check\" style=\"color: #DB8F2B\"><\/i> Le <strong><span style=\"color: #db8f2b;\">buffet d\u2019entr\u00e9es<\/span><\/strong> et de <strong><span style=\"color: #db8f2b;\">plats principaux<\/span><\/strong> est pr\u00e9sent\u00e9 selon les r\u00e8gles de la gastronomie la plus fine. Notre Chef pr\u00e9pare le plat de p\u00e2tes sous vos yeux.<br \/>\n<i class=\"fas fa-check\" style=\"color: #DB8F2B\"><\/i> le <strong><span style=\"color: #db8f2b;\">buffet de fruits frais<\/span><\/strong> et de <strong><span style=\"color: #db8f2b;\">desserts<\/span><\/strong>: un vaste assortiment de g\u00e2teaux vous invite \u00e0 faire une entorse \u00e0 la r\u00e8gle durant vos vacances et \u00e0 vous d\u00e9lecter les papilles.<\/p>\n<\/div><\/div><div class=\"w-separator size_small\"><\/div><div class=\"w-image align_center\"><a ref=\"magnificPopup\" href=\"https:\/\/www.rizhotel.com\/wp-content\/uploads\/2020\/01\/buffet-formaggi.jpg\" aria-label=\"buffet formaggi\" class=\"w-image-h\"><img decoding=\"async\" width=\"1024\" height=\"1024\" src=\"https:\/\/www.rizhotel.com\/wp-content\/uploads\/2020\/01\/buffet-formaggi.jpg\" class=\"attachment-large size-large\" alt=\"\" loading=\"lazy\" srcset=\"https:\/\/www.rizhotel.com\/wp-content\/uploads\/2020\/01\/buffet-formaggi.jpg 1025w, https:\/\/www.rizhotel.com\/wp-content\/uploads\/2020\/01\/buffet-formaggi-300x300.jpg 300w, https:\/\/www.rizhotel.com\/wp-content\/uploads\/2020\/01\/buffet-formaggi-150x150.jpg 150w, https:\/\/www.rizhotel.com\/wp-content\/uploads\/2020\/01\/buffet-formaggi-600x600.jpg 600w\" sizes=\"auto, (max-width: 1024px) 100vw, 1024px\" \/><\/a><\/div><\/div><\/div><\/div><\/div><\/div><\/section><section class=\"l-section wpb_row height_small\"><div class=\"l-section-h i-cf\"><div class=\"g-cols vc_row via_flex valign_top type_default stacking_default\"><div class=\"vc_col-sm-12 wpb_column vc_column_container\"><div class=\"vc_column-inner\"><div class=\"wpb_wrapper\"><div class=\"wpb_text_column\"><div class=\"wpb_wrapper\"><div class=\"wpb_text_column vc_custom_1484382163441\">\n<div class=\"wpb_wrapper\">\n<p style=\"text-align: center;\">Nous appr\u00eatons \u00e9galement des menus personnalis\u00e9s pour vos r\u00e9gimes sp\u00e9ciaux: -menus v\u00e9g\u00e9tariens -menus pour diab\u00e9tiques -menus pour malades coeliaques<\/p>\n<\/div>\n<\/div>\n<div class=\"w-image align_center\" style=\"text-align: center;\"><\/div>\n<\/div><\/div><\/div><\/div><\/div><\/div><\/div><\/section><section class=\"l-section wpb_row height_small width_full\" id=\"pizza\"><div class=\"l-section-h i-cf\"><div class=\"g-cols vc_row via_flex valign_top type_default stacking_default\"><div class=\"vc_col-sm-12 wpb_column vc_column_container has_text_color\"><div class=\"vc_column-inner us_custom_6df4bc3a\"><div class=\"wpb_wrapper\"><div class=\"wpb_text_column us_custom_c3f07d27\"><div class=\"wpb_wrapper\"><h2 style=\"text-align: center;\">Nos soir\u00e9es \u00e0 th\u00e8me<\/h2>\n<\/div><\/div><\/div><\/div><\/div><\/div><\/div><\/section><section class=\"l-section wpb_row us_custom_77338566 height_small\"><div class=\"l-section-h i-cf\"><div class=\"g-cols vc_row via_flex valign_top type_default stacking_default\"><div class=\"vc_col-sm-4 wpb_column vc_column_container\"><div class=\"vc_column-inner\"><div class=\"wpb_wrapper\"><div class=\"wpb_text_column us_custom_b7708f97\"><div class=\"wpb_wrapper\"><h3 class=\"vc_custom_heading vc_custom_1483638115378\" style=\"text-align: center;\"><span style=\"color: #c93c5b;\">Pizza dans le jardin<\/span><\/h3>\n<\/div><\/div><div class=\"w-image us_custom_9cf479d2 align_center\"><a ref=\"magnificPopup\" href=\"https:\/\/www.rizhotel.com\/wp-content\/uploads\/2020\/01\/pizza-in-giardino.jpg\" aria-label=\"pizza in giardino\" class=\"w-image-h\"><img decoding=\"async\" width=\"1024\" height=\"1024\" src=\"https:\/\/www.rizhotel.com\/wp-content\/uploads\/2020\/01\/pizza-in-giardino.jpg\" class=\"attachment-large size-large\" alt=\"\" loading=\"lazy\" srcset=\"https:\/\/www.rizhotel.com\/wp-content\/uploads\/2020\/01\/pizza-in-giardino.jpg 1025w, https:\/\/www.rizhotel.com\/wp-content\/uploads\/2020\/01\/pizza-in-giardino-300x300.jpg 300w, https:\/\/www.rizhotel.com\/wp-content\/uploads\/2020\/01\/pizza-in-giardino-150x150.jpg 150w, https:\/\/www.rizhotel.com\/wp-content\/uploads\/2020\/01\/pizza-in-giardino-600x600.jpg 600w\" sizes=\"auto, (max-width: 1024px) 100vw, 1024px\" \/><\/a><\/div><\/div><\/div><\/div><div class=\"vc_col-sm-4 wpb_column vc_column_container\"><div class=\"vc_column-inner\"><div class=\"wpb_wrapper\"><div class=\"wpb_text_column us_custom_b7708f97\"><div class=\"wpb_wrapper\"><h3 class=\"vc_custom_heading vc_custom_1483638115378\" style=\"text-align: center;\"><span style=\"color: #c93c5b;\">Hourra la Romagne!<\/span><\/h3>\n<\/div><\/div><div class=\"w-image us_custom_9cf479d2 align_center\"><a ref=\"magnificPopup\" href=\"https:\/\/www.rizhotel.com\/wp-content\/uploads\/2020\/01\/viva-la-romagna.jpg\" aria-label=\"viva la romagna\" class=\"w-image-h\"><img decoding=\"async\" width=\"1024\" height=\"1024\" src=\"https:\/\/www.rizhotel.com\/wp-content\/uploads\/2020\/01\/viva-la-romagna.jpg\" class=\"attachment-large size-large\" alt=\"\" loading=\"lazy\" srcset=\"https:\/\/www.rizhotel.com\/wp-content\/uploads\/2020\/01\/viva-la-romagna.jpg 1025w, https:\/\/www.rizhotel.com\/wp-content\/uploads\/2020\/01\/viva-la-romagna-300x300.jpg 300w, https:\/\/www.rizhotel.com\/wp-content\/uploads\/2020\/01\/viva-la-romagna-150x150.jpg 150w, https:\/\/www.rizhotel.com\/wp-content\/uploads\/2020\/01\/viva-la-romagna-600x600.jpg 600w\" sizes=\"auto, (max-width: 1024px) 100vw, 1024px\" \/><\/a><\/div><\/div><\/div><\/div><div class=\"vc_col-sm-4 wpb_column vc_column_container\"><div class=\"vc_column-inner\"><div class=\"wpb_wrapper\"><div class=\"wpb_text_column us_custom_b7708f97\"><div class=\"wpb_wrapper\"><h3 class=\"vc_custom_heading vc_custom_1483638115378\" style=\"text-align: center;\"><span style=\"color: #c93c5b;\">10mt de Buffet des dessert<\/span><\/h3>\n<\/div><\/div><div class=\"w-image us_custom_9cf479d2 align_center\"><a ref=\"magnificPopup\" href=\"https:\/\/www.rizhotel.com\/wp-content\/uploads\/2020\/01\/dolci.jpg\" aria-label=\"dolci\" class=\"w-image-h\"><img decoding=\"async\" width=\"1024\" height=\"1024\" src=\"https:\/\/www.rizhotel.com\/wp-content\/uploads\/2020\/01\/dolci.jpg\" class=\"attachment-large size-large\" alt=\"\" loading=\"lazy\" srcset=\"https:\/\/www.rizhotel.com\/wp-content\/uploads\/2020\/01\/dolci.jpg 1025w, https:\/\/www.rizhotel.com\/wp-content\/uploads\/2020\/01\/dolci-300x300.jpg 300w, https:\/\/www.rizhotel.com\/wp-content\/uploads\/2020\/01\/dolci-150x150.jpg 150w, https:\/\/www.rizhotel.com\/wp-content\/uploads\/2020\/01\/dolci-600x600.jpg 600w\" sizes=\"auto, (max-width: 1024px) 100vw, 1024px\" \/><\/a><\/div><\/div><\/div><\/div><\/div><\/div><\/section>\n","protected":false},"excerpt":{"rendered":"Restaurant Buffet Au bonheur des papilles du matin au soir. Offrez-vous le plaisir d\u2019un s\u00e9jour gourmand! Petit dejeuner: Nous vous proposons d\u00e8s 7h30 un buffet de sp\u00e9cialit\u00e9s sal\u00e9es et sucr\u00e9es qui \u00e9veillera vos sens et vos papilles. Vous n\u2019aurez que l\u2019embarras du choix: cornflakes et c\u00e9r\u00e9ales, confitures fra\u00eeches, miel et nutella, p\u00e2tisseries maison et croissants,...","protected":false},"author":1,"featured_media":0,"parent":0,"menu_order":0,"comment_status":"closed","ping_status":"closed","template":"","meta":{"footnotes":""},"class_list":["post-7346","page","type-page","status-publish","hentry"],"yoast_head":"<!-- This site is optimized with the Yoast SEO plugin v26.7 - https:\/\/yoast.com\/wordpress\/plugins\/seo\/ -->\n<title>H\u00f4tel Cesenatico avec Restaurant Buffet Tout compris<\/title>\n<meta name=\"description\" content=\"H\u00f4tel Cesenatico avec Restaurant Buffet Tout compris: Petit dejeuner, notre service de buffet au midi et soir dans dans l&#039;hotel ou beach restaurant, Possibilit\u00e9 de manger directement sur notre plage priv\u00e9e. Soir\u00e9es \u00e0 th\u00e8me avec Pizza dans le jardin, Hourra la Romagne, 10mt de buffet des dessert.\" \/>\n<meta name=\"robots\" content=\"index, follow, max-snippet:-1, max-image-preview:large, max-video-preview:-1\" \/>\n<link rel=\"canonical\" href=\"https:\/\/www.rizhotel.com\/fr\/restaurant-buffet-cesenatico\" \/>\n<meta property=\"og:locale\" content=\"fr_FR\" \/>\n<meta property=\"og:type\" content=\"article\" \/>\n<meta property=\"og:title\" content=\"H\u00f4tel Cesenatico avec Restaurant Buffet Tout compris\" \/>\n<meta property=\"og:description\" content=\"H\u00f4tel Cesenatico avec Restaurant Buffet Tout compris: Petit dejeuner, notre service de buffet au midi et soir dans dans l&#039;hotel ou beach restaurant, Possibilit\u00e9 de manger directement sur notre plage priv\u00e9e. Soir\u00e9es \u00e0 th\u00e8me avec Pizza dans le jardin, Hourra la Romagne, 10mt de buffet des dessert.\" \/>\n<meta property=\"og:url\" content=\"https:\/\/www.rizhotel.com\/fr\/restaurant-buffet-cesenatico\" \/>\n<meta property=\"og:site_name\" content=\"Hotel Riz Cesenatico, All inclusive con piscina, Centro benessere e spiaggia\" \/>\n<meta property=\"article:modified_time\" content=\"2024-11-21T17:13:53+00:00\" \/>\n<meta name=\"twitter:card\" content=\"summary_large_image\" \/>\n<meta name=\"twitter:label1\" content=\"Dur\u00e9e de lecture estim\u00e9e\" \/>\n\t<meta name=\"twitter:data1\" content=\"3 minutes\" \/>\n<script type=\"application\/ld+json\" class=\"yoast-schema-graph\">{\"@context\":\"https:\/\/schema.org\",\"@graph\":[{\"@type\":\"WebPage\",\"@id\":\"https:\/\/www.rizhotel.com\/fr\/restaurant-buffet-cesenatico\",\"url\":\"https:\/\/www.rizhotel.com\/fr\/restaurant-buffet-cesenatico\",\"name\":\"H\u00f4tel Cesenatico avec Restaurant Buffet Tout compris\",\"isPartOf\":{\"@id\":\"https:\/\/www.rizhotel.com\/de\/#website\"},\"datePublished\":\"2020-03-09T09:01:36+00:00\",\"dateModified\":\"2024-11-21T17:13:53+00:00\",\"description\":\"H\u00f4tel Cesenatico avec Restaurant Buffet Tout compris: Petit dejeuner, notre service de buffet au midi et soir dans dans l'hotel ou beach restaurant, Possibilit\u00e9 de manger directement sur notre plage priv\u00e9e. Soir\u00e9es \u00e0 th\u00e8me avec Pizza dans le jardin, Hourra la Romagne, 10mt de buffet des dessert.\",\"breadcrumb\":{\"@id\":\"https:\/\/www.rizhotel.com\/fr\/restaurant-buffet-cesenatico#breadcrumb\"},\"inLanguage\":\"fr-FR\",\"potentialAction\":[{\"@type\":\"ReadAction\",\"target\":[\"https:\/\/www.rizhotel.com\/fr\/restaurant-buffet-cesenatico\"]}]},{\"@type\":\"BreadcrumbList\",\"@id\":\"https:\/\/www.rizhotel.com\/fr\/restaurant-buffet-cesenatico#breadcrumb\",\"itemListElement\":[{\"@type\":\"ListItem\",\"position\":1,\"name\":\"Home\",\"item\":\"https:\/\/www.rizhotel.com\/fr\"},{\"@type\":\"ListItem\",\"position\":2,\"name\":\"H\u00f4tel Cesenatico avec Restaurant Buffet Tout compris\"}]},{\"@type\":\"WebSite\",\"@id\":\"https:\/\/www.rizhotel.com\/de\/#website\",\"url\":\"https:\/\/www.rizhotel.com\/de\/\",\"name\":\"Hotel Riz Cesenatico, All inclusive con piscina, Centro benessere e spiaggia\",\"description\":\"Vacanze a Cesenatico\",\"potentialAction\":[{\"@type\":\"SearchAction\",\"target\":{\"@type\":\"EntryPoint\",\"urlTemplate\":\"https:\/\/www.rizhotel.com\/de\/?s={search_term_string}\"},\"query-input\":{\"@type\":\"PropertyValueSpecification\",\"valueRequired\":true,\"valueName\":\"search_term_string\"}}],\"inLanguage\":\"fr-FR\"}]}<\/script>\n<!-- \/ Yoast SEO plugin. -->","yoast_head_json":{"title":"H\u00f4tel Cesenatico avec Restaurant Buffet Tout compris","description":"H\u00f4tel Cesenatico avec Restaurant Buffet Tout compris: Petit dejeuner, notre service de buffet au midi et soir dans dans l'hotel ou beach restaurant, Possibilit\u00e9 de manger directement sur notre plage priv\u00e9e. Soir\u00e9es \u00e0 th\u00e8me avec Pizza dans le jardin, Hourra la Romagne, 10mt de buffet des dessert.","robots":{"index":"index","follow":"follow","max-snippet":"max-snippet:-1","max-image-preview":"max-image-preview:large","max-video-preview":"max-video-preview:-1"},"canonical":"https:\/\/www.rizhotel.com\/fr\/restaurant-buffet-cesenatico","og_locale":"fr_FR","og_type":"article","og_title":"H\u00f4tel Cesenatico avec Restaurant Buffet Tout compris","og_description":"H\u00f4tel Cesenatico avec Restaurant Buffet Tout compris: Petit dejeuner, notre service de buffet au midi et soir dans dans l'hotel ou beach restaurant, Possibilit\u00e9 de manger directement sur notre plage priv\u00e9e. Soir\u00e9es \u00e0 th\u00e8me avec Pizza dans le jardin, Hourra la Romagne, 10mt de buffet des dessert.","og_url":"https:\/\/www.rizhotel.com\/fr\/restaurant-buffet-cesenatico","og_site_name":"Hotel Riz Cesenatico, All inclusive con piscina, Centro benessere e spiaggia","article_modified_time":"2024-11-21T17:13:53+00:00","twitter_card":"summary_large_image","twitter_misc":{"Dur\u00e9e de lecture estim\u00e9e":"3 minutes"},"schema":{"@context":"https:\/\/schema.org","@graph":[{"@type":"WebPage","@id":"https:\/\/www.rizhotel.com\/fr\/restaurant-buffet-cesenatico","url":"https:\/\/www.rizhotel.com\/fr\/restaurant-buffet-cesenatico","name":"H\u00f4tel Cesenatico avec Restaurant Buffet Tout compris","isPartOf":{"@id":"https:\/\/www.rizhotel.com\/de\/#website"},"datePublished":"2020-03-09T09:01:36+00:00","dateModified":"2024-11-21T17:13:53+00:00","description":"H\u00f4tel Cesenatico avec Restaurant Buffet Tout compris: Petit dejeuner, notre service de buffet au midi et soir dans dans l'hotel ou beach restaurant, Possibilit\u00e9 de manger directement sur notre plage priv\u00e9e. Soir\u00e9es \u00e0 th\u00e8me avec Pizza dans le jardin, Hourra la Romagne, 10mt de buffet des dessert.","breadcrumb":{"@id":"https:\/\/www.rizhotel.com\/fr\/restaurant-buffet-cesenatico#breadcrumb"},"inLanguage":"fr-FR","potentialAction":[{"@type":"ReadAction","target":["https:\/\/www.rizhotel.com\/fr\/restaurant-buffet-cesenatico"]}]},{"@type":"BreadcrumbList","@id":"https:\/\/www.rizhotel.com\/fr\/restaurant-buffet-cesenatico#breadcrumb","itemListElement":[{"@type":"ListItem","position":1,"name":"Home","item":"https:\/\/www.rizhotel.com\/fr"},{"@type":"ListItem","position":2,"name":"H\u00f4tel Cesenatico avec Restaurant Buffet Tout compris"}]},{"@type":"WebSite","@id":"https:\/\/www.rizhotel.com\/de\/#website","url":"https:\/\/www.rizhotel.com\/de\/","name":"Hotel Riz Cesenatico, All inclusive con piscina, Centro benessere e spiaggia","description":"Vacanze a Cesenatico","potentialAction":[{"@type":"SearchAction","target":{"@type":"EntryPoint","urlTemplate":"https:\/\/www.rizhotel.com\/de\/?s={search_term_string}"},"query-input":{"@type":"PropertyValueSpecification","valueRequired":true,"valueName":"search_term_string"}}],"inLanguage":"fr-FR"}]}},"_links":{"self":[{"href":"https:\/\/www.rizhotel.com\/fr\/wp-json\/wp\/v2\/pages\/7346","targetHints":{"allow":["GET"]}}],"collection":[{"href":"https:\/\/www.rizhotel.com\/fr\/wp-json\/wp\/v2\/pages"}],"about":[{"href":"https:\/\/www.rizhotel.com\/fr\/wp-json\/wp\/v2\/types\/page"}],"author":[{"embeddable":true,"href":"https:\/\/www.rizhotel.com\/fr\/wp-json\/wp\/v2\/users\/1"}],"replies":[{"embeddable":true,"href":"https:\/\/www.rizhotel.com\/fr\/wp-json\/wp\/v2\/comments?post=7346"}],"version-history":[{"count":11,"href":"https:\/\/www.rizhotel.com\/fr\/wp-json\/wp\/v2\/pages\/7346\/revisions"}],"predecessor-version":[{"id":9358,"href":"https:\/\/www.rizhotel.com\/fr\/wp-json\/wp\/v2\/pages\/7346\/revisions\/9358"}],"wp:attachment":[{"href":"https:\/\/www.rizhotel.com\/fr\/wp-json\/wp\/v2\/media?parent=7346"}],"curies":[{"name":"wp","href":"https:\/\/api.w.org\/{rel}","templated":true}]}}