{"id":7364,"date":"2020-03-09T09:27:59","date_gmt":"2020-03-09T09:27:59","guid":{"rendered":"https:\/\/ufficio80.xyz\/riz4?page_id=7364"},"modified":"2025-11-21T11:33:29","modified_gmt":"2025-11-21T11:33:29","slug":"hotel-cesenatico-avec-plage","status":"publish","type":"page","link":"https:\/\/www.rizhotel.com\/fr\/hotel-cesenatico-avec-plage","title":{"rendered":"H\u00f4tel Cesenatico avec plage"},"content":{"rendered":"<section class=\"l-section wpb_row us_custom_0bebd569 height_small\"><div class=\"l-section-h i-cf\"><div class=\"g-cols vc_row via_flex valign_top type_default stacking_default\"><div class=\"vc_col-sm-12 wpb_column vc_column_container\"><div class=\"vc_column-inner\"><div class=\"wpb_wrapper\"><div class=\"wpb_text_column\"><div class=\"wpb_wrapper\"><h6 style=\"text-align: center;\"><span style=\"color: #db8f2b; font-size: 24pt;\">Plage<\/span><\/h6>\n<\/div><\/div><\/div><\/div><\/div><\/div><\/div><\/section><section class=\"l-section wpb_row height_auto width_full\"><div class=\"l-section-h i-cf\"><div class=\"g-cols vc_row via_flex valign_middle type_default stacking_default\"><div class=\"vc_col-sm-12 wpb_column vc_column_container\"><div class=\"vc_column-inner\"><div class=\"wpb_wrapper\"><div class=\"w-image align_center\"><div class=\"w-image-h\"><img decoding=\"async\" width=\"2000\" height=\"948\" src=\"https:\/\/www.rizhotel.com\/wp-content\/uploads\/2024\/11\/spiaggia.jpg\" class=\"attachment-full size-full\" alt=\"\" loading=\"lazy\" srcset=\"https:\/\/www.rizhotel.com\/wp-content\/uploads\/2024\/11\/spiaggia.jpg 2000w, https:\/\/www.rizhotel.com\/wp-content\/uploads\/2024\/11\/spiaggia-300x142.jpg 300w, https:\/\/www.rizhotel.com\/wp-content\/uploads\/2024\/11\/spiaggia-1024x485.jpg 1024w\" sizes=\"auto, (max-width: 2000px) 100vw, 2000px\" \/><\/div><\/div><\/div><\/div><\/div><\/div><\/div><\/section><section class=\"l-section wpb_row height_small\"><div class=\"l-section-h i-cf\"><div class=\"g-cols vc_row via_flex valign_top type_default stacking_default\"><div class=\"vc_col-sm-12 wpb_column vc_column_container has_bg_color\"><div class=\"vc_column-inner us_custom_286ac388\"><div class=\"wpb_wrapper\"><div class=\"g-cols wpb_row via_flex valign_top type_default stacking_default\"><div class=\"vc_col-sm-12 wpb_column vc_column_container\"><div class=\"vc_column-inner\"><div class=\"wpb_wrapper\"><div class=\"wpb_text_column\"><div class=\"wpb_wrapper\"><h3 style=\"text-align: center;\">\u00c0 la plage, juste en face de l\u2019H\u00f4tel, vous aurez toujours un parasol et deux transats inclus.<\/h3>\n<p style=\"text-align: center;\">En face du Riz s\u2019\u00e9tend la c\u00e9l\u00e8bre plage de Cesenatico, avec son sable fin et ses charmants \u00e9tablissements baln\u00e9aires color\u00e9s. Ici vous trouverez notre \u00ab Bagno \u00bb de confiance, \u00e9quip\u00e9 d\u2019un bar, un snack-bar avec petite restauration, aussi bien que des parasols les plus spacieux de notre localit\u00e9.<\/p>\n<\/div><\/div><\/div><\/div><\/div><\/div><\/div><\/div><\/div><\/div><\/div><\/section><section class=\"l-section wpb_row us_custom_0741ea35 height_small width_full\"><div class=\"l-section-h i-cf\"><div class=\"g-cols vc_row via_flex valign_top type_default stacking_default\"><div class=\"vc_col-sm-12 wpb_column vc_column_container\"><div class=\"vc_column-inner\"><div class=\"wpb_wrapper\"><div class=\"w-actionbox color_secondary controls_right\"><div class=\"w-actionbox-text\"><h2 class=\"w-actionbox-title\">Demandez un devis maintenant<\/h2><\/div><div class=\"w-actionbox-controls\"><a class=\"w-btn us-btn-style_1\" href=\"https:\/\/my.rizhotel.com\/forms\/fr-FR\/reservation\"><span class=\"w-btn-label\">Demandez un devis avec plage incluse<\/span><\/a><\/div><\/div><\/div><\/div><\/div><\/div><\/div><\/section><section class=\"l-section wpb_row height_small\"><div class=\"l-section-h i-cf\"><div class=\"g-cols vc_row via_flex valign_middle type_default stacking_default\"><div class=\"vc_col-sm-6 wpb_column vc_column_container\"><div class=\"vc_column-inner\"><div class=\"wpb_wrapper\"><div class=\"wpb_text_column\"><div class=\"wpb_wrapper\"><h4>L\u2019Hotel Riz a d\u00e9j\u00e0 pens\u00e9 a tout! \u00c0 la plage vous trouverez \u00e0 votre disposition les services suivants, compris dans le prix:<\/h4>\n<\/div><\/div><\/div><\/div><\/div><div class=\"vc_col-sm-6 wpb_column vc_column_container\"><div class=\"vc_column-inner\"><div class=\"wpb_wrapper\"><div class=\"wpb_text_column\"><div class=\"wpb_wrapper\"><ul>\n<li>Un parasol et deux transats par chambre<\/li>\n<li>Terrain de p\u00e9tanque<\/li>\n<li>T\u00e9l\u00e9 avec chaines satellites<\/li>\n<li>Petite biblioth\u00e8que<\/li>\n<li>D\u00e9p\u00f4t pour jouet de plage et matelas gonflables<\/li>\n<li>Jeux pour enfants<\/li>\n<\/ul>\n<\/div><\/div><\/div><\/div><\/div><\/div><\/div><\/section><section class=\"l-section wpb_row us_custom_4fb9e5a3 height_auto with_img parallax_ver\"><div class=\"l-section-img\" role=\"img\" aria-label=\"Image\" data-img-width=\"2500\" data-img-height=\"1593\" style=\"background-image: url(https:\/\/www.rizhotel.com\/wp-content\/uploads\/2025\/11\/Bagno-Zara-Cesenatico.jpg);background-repeat: no-repeat;\"><\/div><div class=\"l-section-h i-cf\"><div class=\"g-cols vc_row via_flex valign_middle type_default stacking_default\"><div class=\"vc_col-sm-4 wpb_column vc_column_container\"><div class=\"vc_column-inner\"><div class=\"wpb_wrapper\"><\/div><\/div><\/div><div class=\"vc_col-sm-4 wpb_column vc_column_container\"><div class=\"vc_column-inner\"><div class=\"wpb_wrapper\"><div class=\"w-separator size_custom\" style=\"height:800px\" id=\"b12a\"><style>@media(max-width:600px){ #b12a{height:150px!important}}<\/style><\/div><\/div><\/div><\/div><div class=\"vc_col-sm-4 wpb_column vc_column_container\"><div class=\"vc_column-inner\"><div class=\"wpb_wrapper\"><\/div><\/div><\/div><\/div><\/div><\/section><section class=\"l-section wpb_row height_small\"><div class=\"l-section-h i-cf\"><div class=\"g-cols vc_row via_flex valign_top type_default stacking_default\"><div class=\"vc_col-sm-12 wpb_column vc_column_container\"><div class=\"vc_column-inner\"><div class=\"wpb_wrapper\"><div class=\"w-gallery fit_cover type_grid action_popup_image ratio_1x1 count_2\" style=\"--columns:2;--items-gap:10px;\"><div class=\"w-gallery-list\"><div class=\"w-gallery-item\"><div class=\"w-gallery-item-img\"><img loading=\"lazy\" decoding=\"async\" width=\"744\" height=\"992\" src=\"https:\/\/www.rizhotel.com\/wp-content\/uploads\/2025\/11\/Bagno-Zara-cesenatico-Ingresso.jpg\" class=\"attachment-large size-large\" alt=\"\" srcset=\"https:\/\/www.rizhotel.com\/wp-content\/uploads\/2025\/11\/Bagno-Zara-cesenatico-Ingresso.jpg 744w, https:\/\/www.rizhotel.com\/wp-content\/uploads\/2025\/11\/Bagno-Zara-cesenatico-Ingresso-225x300.jpg 225w\" sizes=\"auto, (max-width: 744px) 100vw, 744px\" \/><\/div><a class=\"w-gallery-item-link\" aria-label=\"Bagno Zara cesenatico Ingresso\" href=\"https:\/\/www.rizhotel.com\/wp-content\/uploads\/2025\/11\/Bagno-Zara-cesenatico-Ingresso.jpg\"><\/a><\/div><div class=\"w-gallery-item\"><div class=\"w-gallery-item-img\"><img loading=\"lazy\" decoding=\"async\" width=\"1024\" height=\"461\" src=\"https:\/\/www.rizhotel.com\/wp-content\/uploads\/2025\/11\/Bagno-Zara-Cesenatico-Spiaggia-1024x461.jpg\" class=\"attachment-large size-large\" alt=\"\" srcset=\"https:\/\/www.rizhotel.com\/wp-content\/uploads\/2025\/11\/Bagno-Zara-Cesenatico-Spiaggia-1024x461.jpg 1024w, https:\/\/www.rizhotel.com\/wp-content\/uploads\/2025\/11\/Bagno-Zara-Cesenatico-Spiaggia-300x135.jpg 300w\" sizes=\"auto, (max-width: 1024px) 100vw, 1024px\" \/><\/div><a class=\"w-gallery-item-link\" aria-label=\"Bagno Zara Cesenatico Spiaggia\" href=\"https:\/\/www.rizhotel.com\/wp-content\/uploads\/2025\/11\/Bagno-Zara-Cesenatico-Spiaggia.jpg\"><\/a><\/div><\/div><\/div><\/div><\/div><\/div><\/div><\/div><\/section><section class=\"l-section wpb_row us_custom_4fb9e5a3 height_auto with_img\"><div class=\"l-section-img\" role=\"img\" aria-label=\"Image\" data-img-width=\"2000\" data-img-height=\"1300\" style=\"background-image: url(https:\/\/www.rizhotel.com\/wp-content\/uploads\/2020\/02\/bimbispiaggia.jpg);background-position: top center;background-repeat: no-repeat;\"><\/div><div class=\"l-section-overlay\" style=\"background:rgba(26,26,26,0.4)\"><\/div><div class=\"l-section-h i-cf\"><div class=\"g-cols vc_row via_flex valign_middle type_default stacking_default\"><div class=\"vc_col-sm-4 wpb_column vc_column_container\"><div class=\"vc_column-inner\"><div class=\"wpb_wrapper\"><\/div><\/div><\/div><div class=\"vc_col-sm-4 wpb_column vc_column_container\"><div class=\"vc_column-inner\"><div class=\"wpb_wrapper\"><div class=\"w-separator size_custom\" style=\"height:150px\" id=\"h7e7\"><style>@media(max-width:600px){ #h7e7{height:60px!important}}<\/style><\/div><div class=\"w-btn-wrapper align_center\"><a class=\"w-btn us-btn-style_1\" href=\"https:\/\/www.rizhotel.com\/fr\/hotel-avec-piscine-jacuzzi-cesenatico.html\"><span class=\"w-btn-label\">Les Piscines<\/span><\/a><\/div><div class=\"w-separator size_custom\" style=\"height:150px\" id=\"ub10\"><style>@media(max-width:600px){ #ub10{height:60px!important}}<\/style><\/div><\/div><\/div><\/div><div class=\"vc_col-sm-4 wpb_column vc_column_container\"><div class=\"vc_column-inner\"><div class=\"wpb_wrapper\"><\/div><\/div><\/div><\/div><\/div><\/section>\n","protected":false},"excerpt":{"rendered":"Plage \u00c0 la plage, juste en face de l\u2019H\u00f4tel, vous aurez toujours un parasol et deux transats inclus. En face du Riz s\u2019\u00e9tend la c\u00e9l\u00e8bre plage de Cesenatico, avec son sable fin et ses charmants \u00e9tablissements baln\u00e9aires color\u00e9s. Ici vous trouverez notre \u00ab Bagno \u00bb de confiance, \u00e9quip\u00e9 d\u2019un bar, un snack-bar avec petite restauration,...","protected":false},"author":1,"featured_media":0,"parent":0,"menu_order":0,"comment_status":"closed","ping_status":"closed","template":"","meta":{"footnotes":""},"class_list":["post-7364","page","type-page","status-publish","hentry"],"yoast_head":"<!-- This site is optimized with the Yoast SEO plugin v26.7 - https:\/\/yoast.com\/wordpress\/plugins\/seo\/ -->\n<title>H\u00f4tel Cesenatico avec plage<\/title>\n<meta name=\"description\" content=\"H\u00f4tel Cesenatico avec plage: Parasoleils spacieux, 1 beach volley, wi-fi. Beach Restaurant: petit d\u00e9jeuner, le d\u00e9jeuner, le d\u00eener sur la plage ou \u00e0 l\u2019h\u00f4tel. Boissons au Bar de la plage.Toutes les matins gymnastique duoce, Animation sur la plage.\" \/>\n<meta name=\"robots\" content=\"index, follow, max-snippet:-1, max-image-preview:large, max-video-preview:-1\" \/>\n<link rel=\"canonical\" href=\"https:\/\/www.rizhotel.com\/fr\/hotel-cesenatico-avec-plage\" \/>\n<meta property=\"og:locale\" content=\"fr_FR\" \/>\n<meta property=\"og:type\" content=\"article\" \/>\n<meta property=\"og:title\" content=\"H\u00f4tel Cesenatico avec plage\" \/>\n<meta property=\"og:description\" content=\"H\u00f4tel Cesenatico avec plage: Parasoleils spacieux, 1 beach volley, wi-fi. Beach Restaurant: petit d\u00e9jeuner, le d\u00e9jeuner, le d\u00eener sur la plage ou \u00e0 l\u2019h\u00f4tel. Boissons au Bar de la plage.Toutes les matins gymnastique duoce, Animation sur la plage.\" \/>\n<meta property=\"og:url\" content=\"https:\/\/www.rizhotel.com\/fr\/hotel-cesenatico-avec-plage\" \/>\n<meta property=\"og:site_name\" content=\"Hotel Riz Cesenatico, All inclusive con piscina, Centro benessere e spiaggia\" \/>\n<meta property=\"article:modified_time\" content=\"2025-11-21T11:33:29+00:00\" \/>\n<meta name=\"twitter:card\" content=\"summary_large_image\" \/>\n<meta name=\"twitter:label1\" content=\"Dur\u00e9e de lecture estim\u00e9e\" \/>\n\t<meta name=\"twitter:data1\" content=\"1 minute\" \/>\n<script type=\"application\/ld+json\" class=\"yoast-schema-graph\">{\"@context\":\"https:\/\/schema.org\",\"@graph\":[{\"@type\":\"WebPage\",\"@id\":\"https:\/\/www.rizhotel.com\/fr\/hotel-cesenatico-avec-plage\",\"url\":\"https:\/\/www.rizhotel.com\/fr\/hotel-cesenatico-avec-plage\",\"name\":\"H\u00f4tel Cesenatico avec plage\",\"isPartOf\":{\"@id\":\"https:\/\/www.rizhotel.com\/de\/#website\"},\"datePublished\":\"2020-03-09T09:27:59+00:00\",\"dateModified\":\"2025-11-21T11:33:29+00:00\",\"description\":\"H\u00f4tel Cesenatico avec plage: Parasoleils spacieux, 1 beach volley, wi-fi. Beach Restaurant: petit d\u00e9jeuner, le d\u00e9jeuner, le d\u00eener sur la plage ou \u00e0 l\u2019h\u00f4tel. Boissons au Bar de la plage.Toutes les matins gymnastique duoce, Animation sur la plage.\",\"breadcrumb\":{\"@id\":\"https:\/\/www.rizhotel.com\/fr\/hotel-cesenatico-avec-plage#breadcrumb\"},\"inLanguage\":\"fr-FR\",\"potentialAction\":[{\"@type\":\"ReadAction\",\"target\":[\"https:\/\/www.rizhotel.com\/fr\/hotel-cesenatico-avec-plage\"]}]},{\"@type\":\"BreadcrumbList\",\"@id\":\"https:\/\/www.rizhotel.com\/fr\/hotel-cesenatico-avec-plage#breadcrumb\",\"itemListElement\":[{\"@type\":\"ListItem\",\"position\":1,\"name\":\"Home\",\"item\":\"https:\/\/www.rizhotel.com\/fr\"},{\"@type\":\"ListItem\",\"position\":2,\"name\":\"H\u00f4tel Cesenatico avec plage\"}]},{\"@type\":\"WebSite\",\"@id\":\"https:\/\/www.rizhotel.com\/de\/#website\",\"url\":\"https:\/\/www.rizhotel.com\/de\/\",\"name\":\"Hotel Riz Cesenatico, All inclusive con piscina, Centro benessere e spiaggia\",\"description\":\"Vacanze a Cesenatico\",\"potentialAction\":[{\"@type\":\"SearchAction\",\"target\":{\"@type\":\"EntryPoint\",\"urlTemplate\":\"https:\/\/www.rizhotel.com\/de\/?s={search_term_string}\"},\"query-input\":{\"@type\":\"PropertyValueSpecification\",\"valueRequired\":true,\"valueName\":\"search_term_string\"}}],\"inLanguage\":\"fr-FR\"}]}<\/script>\n<!-- \/ Yoast SEO plugin. -->","yoast_head_json":{"title":"H\u00f4tel Cesenatico avec plage","description":"H\u00f4tel Cesenatico avec plage: Parasoleils spacieux, 1 beach volley, wi-fi. Beach Restaurant: petit d\u00e9jeuner, le d\u00e9jeuner, le d\u00eener sur la plage ou \u00e0 l\u2019h\u00f4tel. Boissons au Bar de la plage.Toutes les matins gymnastique duoce, Animation sur la plage.","robots":{"index":"index","follow":"follow","max-snippet":"max-snippet:-1","max-image-preview":"max-image-preview:large","max-video-preview":"max-video-preview:-1"},"canonical":"https:\/\/www.rizhotel.com\/fr\/hotel-cesenatico-avec-plage","og_locale":"fr_FR","og_type":"article","og_title":"H\u00f4tel Cesenatico avec plage","og_description":"H\u00f4tel Cesenatico avec plage: Parasoleils spacieux, 1 beach volley, wi-fi. Beach Restaurant: petit d\u00e9jeuner, le d\u00e9jeuner, le d\u00eener sur la plage ou \u00e0 l\u2019h\u00f4tel. Boissons au Bar de la plage.Toutes les matins gymnastique duoce, Animation sur la plage.","og_url":"https:\/\/www.rizhotel.com\/fr\/hotel-cesenatico-avec-plage","og_site_name":"Hotel Riz Cesenatico, All inclusive con piscina, Centro benessere e spiaggia","article_modified_time":"2025-11-21T11:33:29+00:00","twitter_card":"summary_large_image","twitter_misc":{"Dur\u00e9e de lecture estim\u00e9e":"1 minute"},"schema":{"@context":"https:\/\/schema.org","@graph":[{"@type":"WebPage","@id":"https:\/\/www.rizhotel.com\/fr\/hotel-cesenatico-avec-plage","url":"https:\/\/www.rizhotel.com\/fr\/hotel-cesenatico-avec-plage","name":"H\u00f4tel Cesenatico avec plage","isPartOf":{"@id":"https:\/\/www.rizhotel.com\/de\/#website"},"datePublished":"2020-03-09T09:27:59+00:00","dateModified":"2025-11-21T11:33:29+00:00","description":"H\u00f4tel Cesenatico avec plage: Parasoleils spacieux, 1 beach volley, wi-fi. Beach Restaurant: petit d\u00e9jeuner, le d\u00e9jeuner, le d\u00eener sur la plage ou \u00e0 l\u2019h\u00f4tel. Boissons au Bar de la plage.Toutes les matins gymnastique duoce, Animation sur la plage.","breadcrumb":{"@id":"https:\/\/www.rizhotel.com\/fr\/hotel-cesenatico-avec-plage#breadcrumb"},"inLanguage":"fr-FR","potentialAction":[{"@type":"ReadAction","target":["https:\/\/www.rizhotel.com\/fr\/hotel-cesenatico-avec-plage"]}]},{"@type":"BreadcrumbList","@id":"https:\/\/www.rizhotel.com\/fr\/hotel-cesenatico-avec-plage#breadcrumb","itemListElement":[{"@type":"ListItem","position":1,"name":"Home","item":"https:\/\/www.rizhotel.com\/fr"},{"@type":"ListItem","position":2,"name":"H\u00f4tel Cesenatico avec plage"}]},{"@type":"WebSite","@id":"https:\/\/www.rizhotel.com\/de\/#website","url":"https:\/\/www.rizhotel.com\/de\/","name":"Hotel Riz Cesenatico, All inclusive con piscina, Centro benessere e spiaggia","description":"Vacanze a Cesenatico","potentialAction":[{"@type":"SearchAction","target":{"@type":"EntryPoint","urlTemplate":"https:\/\/www.rizhotel.com\/de\/?s={search_term_string}"},"query-input":{"@type":"PropertyValueSpecification","valueRequired":true,"valueName":"search_term_string"}}],"inLanguage":"fr-FR"}]}},"_links":{"self":[{"href":"https:\/\/www.rizhotel.com\/fr\/wp-json\/wp\/v2\/pages\/7364","targetHints":{"allow":["GET"]}}],"collection":[{"href":"https:\/\/www.rizhotel.com\/fr\/wp-json\/wp\/v2\/pages"}],"about":[{"href":"https:\/\/www.rizhotel.com\/fr\/wp-json\/wp\/v2\/types\/page"}],"author":[{"embeddable":true,"href":"https:\/\/www.rizhotel.com\/fr\/wp-json\/wp\/v2\/users\/1"}],"replies":[{"embeddable":true,"href":"https:\/\/www.rizhotel.com\/fr\/wp-json\/wp\/v2\/comments?post=7364"}],"version-history":[{"count":18,"href":"https:\/\/www.rizhotel.com\/fr\/wp-json\/wp\/v2\/pages\/7364\/revisions"}],"predecessor-version":[{"id":9794,"href":"https:\/\/www.rizhotel.com\/fr\/wp-json\/wp\/v2\/pages\/7364\/revisions\/9794"}],"wp:attachment":[{"href":"https:\/\/www.rizhotel.com\/fr\/wp-json\/wp\/v2\/media?parent=7364"}],"curies":[{"name":"wp","href":"https:\/\/api.w.org\/{rel}","templated":true}]}}