{"id":7395,"date":"2020-03-12T16:20:54","date_gmt":"2020-03-12T16:20:54","guid":{"rendered":"https:\/\/ufficio80.xyz\/riz4?page_id=7395"},"modified":"2021-11-22T14:13:33","modified_gmt":"2021-11-22T14:13:33","slug":"hotel-avec-piscine-jacuzzi-cesenatico","status":"publish","type":"page","link":"https:\/\/www.rizhotel.com\/fr\/hotel-avec-piscine-jacuzzi-cesenatico","title":{"rendered":"Hotel Cesenatico avec 3 piscines, jacuzzi et toboggans"},"content":{"rendered":"<section class=\"l-section wpb_row height_small with_img\"><div class=\"l-section-img\" role=\"img\" aria-label=\"Image\" data-img-width=\"2000\" data-img-height=\"1300\" style=\"background-image: url(https:\/\/www.rizhotel.com\/wp-content\/uploads\/2020\/02\/bimbispiaggia.jpg);background-position: top center;background-repeat: no-repeat;\"><\/div><div class=\"l-section-h i-cf\"><div class=\"g-cols vc_row via_flex valign_top type_default stacking_default\"><div class=\"vc_col-sm-4 wpb_column vc_column_container\"><div class=\"vc_column-inner\"><div class=\"wpb_wrapper\"><\/div><\/div><\/div><div class=\"vc_col-sm-4 wpb_column vc_column_container\"><div class=\"vc_column-inner\"><div class=\"wpb_wrapper\"><div class=\"w-separator size_custom\" style=\"height:250px\" id=\"e57d\"><style>@media(max-width:600px){ #e57d{height:80px!important}}<\/style><\/div><div class=\"wpb_text_column us_custom_9be22858 has_text_color\"><div class=\"wpb_wrapper\"><h2 style=\"text-align: center;\"><span style=\"font-size: 24pt;\">Amusement<i class=\"fas fa-grin-tears\"><\/i><\/span><\/h2>\n<\/div><\/div><div class=\"w-separator size_custom\" style=\"height:250px\" id=\"v768\"><style>@media(max-width:600px){ #v768{height:80px!important}}<\/style><\/div><\/div><\/div><\/div><div class=\"vc_col-sm-4 wpb_column vc_column_container\"><div class=\"vc_column-inner\"><div class=\"wpb_wrapper\"><\/div><\/div><\/div><\/div><\/div><\/section><section class=\"l-section wpb_row height_small\"><div class=\"l-section-h i-cf\"><div class=\"g-cols vc_row via_flex valign_middle type_default stacking_default\"><div class=\"vc_col-sm-4 wpb_column vc_column_container\"><div class=\"vc_column-inner\"><div class=\"wpb_wrapper\"><div class=\"w-image align_center\"><a ref=\"magnificPopup\" href=\"https:\/\/www.rizhotel.com\/wp-content\/uploads\/2020\/02\/idromassaggio2.jpg\" aria-label=\"idromassaggio2\" class=\"w-image-h\"><img decoding=\"async\" width=\"1024\" height=\"1024\" src=\"https:\/\/www.rizhotel.com\/wp-content\/uploads\/2020\/02\/idromassaggio2.jpg\" class=\"attachment-large size-large\" alt=\"\" loading=\"lazy\" srcset=\"https:\/\/www.rizhotel.com\/wp-content\/uploads\/2020\/02\/idromassaggio2.jpg 1025w, https:\/\/www.rizhotel.com\/wp-content\/uploads\/2020\/02\/idromassaggio2-300x300.jpg 300w, https:\/\/www.rizhotel.com\/wp-content\/uploads\/2020\/02\/idromassaggio2-150x150.jpg 150w, https:\/\/www.rizhotel.com\/wp-content\/uploads\/2020\/02\/idromassaggio2-600x600.jpg 600w\" sizes=\"auto, (max-width: 1024px) 100vw, 1024px\" \/><\/a><\/div><\/div><\/div><\/div><div class=\"vc_col-sm-4 wpb_column vc_column_container\"><div class=\"vc_column-inner\"><div class=\"wpb_wrapper\"><div class=\"wpb_text_column us_custom_8665cf32\"><div class=\"wpb_wrapper\"><h4 style=\"text-align: center;\">En Hotel<\/h4>\n<p style=\"text-align: center;\">Dans le jardin de l\u2019Hotel vous trouverez une tr\u00e8s grand chaude <strong><span style=\"color: #db8f2b;\">piscine hydromassage<\/span><\/strong> <span style=\"font-family: georgia, palatino, serif;\"><em>\u00e0 c\u00f2t\u00e9 d\u2019une terrasse ensoleill\u00e9e.<\/em><\/span><\/p>\n<\/div><\/div><\/div><\/div><\/div><div class=\"vc_col-sm-4 wpb_column vc_column_container\"><div class=\"vc_column-inner\"><div class=\"wpb_wrapper\"><div class=\"w-image align_center\"><a ref=\"magnificPopup\" href=\"https:\/\/www.rizhotel.com\/wp-content\/uploads\/2020\/02\/idromassaggio_riz_.jpg\" aria-label=\"idromassaggio_riz_\" class=\"w-image-h\"><img decoding=\"async\" width=\"1024\" height=\"1024\" src=\"https:\/\/www.rizhotel.com\/wp-content\/uploads\/2020\/02\/idromassaggio_riz_.jpg\" class=\"attachment-large size-large\" alt=\"\" loading=\"lazy\" srcset=\"https:\/\/www.rizhotel.com\/wp-content\/uploads\/2020\/02\/idromassaggio_riz_.jpg 1025w, https:\/\/www.rizhotel.com\/wp-content\/uploads\/2020\/02\/idromassaggio_riz_-300x300.jpg 300w, https:\/\/www.rizhotel.com\/wp-content\/uploads\/2020\/02\/idromassaggio_riz_-150x150.jpg 150w, https:\/\/www.rizhotel.com\/wp-content\/uploads\/2020\/02\/idromassaggio_riz_-600x600.jpg 600w\" sizes=\"auto, (max-width: 1024px) 100vw, 1024px\" \/><\/a><\/div><\/div><\/div><\/div><\/div><\/div><\/section><section class=\"l-section wpb_row us_custom_0bebd569 height_small\"><div class=\"l-section-h i-cf\"><div class=\"g-cols vc_row via_flex valign_middle type_default stacking_default\"><div class=\"vc_col-sm-4 wpb_column vc_column_container\"><div class=\"vc_column-inner\"><div class=\"wpb_wrapper\"><div class=\"w-image align_center\"><a ref=\"magnificPopup\" href=\"https:\/\/www.rizhotel.com\/wp-content\/uploads\/2020\/02\/piscina-olimpionica.jpg\" aria-label=\"piscina olimpionica\" class=\"w-image-h\"><img decoding=\"async\" width=\"1024\" height=\"1024\" src=\"https:\/\/www.rizhotel.com\/wp-content\/uploads\/2020\/02\/piscina-olimpionica.jpg\" class=\"attachment-large size-large\" alt=\"\" loading=\"lazy\" srcset=\"https:\/\/www.rizhotel.com\/wp-content\/uploads\/2020\/02\/piscina-olimpionica.jpg 1025w, https:\/\/www.rizhotel.com\/wp-content\/uploads\/2020\/02\/piscina-olimpionica-300x300.jpg 300w, https:\/\/www.rizhotel.com\/wp-content\/uploads\/2020\/02\/piscina-olimpionica-150x150.jpg 150w, https:\/\/www.rizhotel.com\/wp-content\/uploads\/2020\/02\/piscina-olimpionica-600x600.jpg 600w\" sizes=\"auto, (max-width: 1024px) 100vw, 1024px\" \/><\/a><\/div><\/div><\/div><\/div><div class=\"vc_col-sm-4 wpb_column vc_column_container\"><div class=\"vc_column-inner\"><div class=\"wpb_wrapper\"><div class=\"wpb_text_column us_custom_8665cf32\"><div class=\"wpb_wrapper\"><h4 style=\"text-align: center;\">Chez la plage<\/h4>\n<p style=\"text-align: center;\">Directement sur la plage, face \u00e0 l\u2019H\u00f4tel, notre \u201c<strong><span style=\"color: #db8f2b;\">paradis d\u2019eau douce<\/span><\/strong>\u201c:<\/p>\n<p style=\"text-align: center;\">Une <strong><span style=\"color: #db8f2b;\">piscine semi-olympique<\/span><\/strong> (m 25 x 13) pour une <span style=\"font-family: georgia, palatino, serif;\"><em>baignade relaxante<\/em><\/span> ou un <em><span style=\"font-family: georgia, palatino, serif;\">plongeon rafra\u00eechissant<\/span><\/em><br \/>\nUne deuxi\u00e8me <strong><span style=\"color: #db8f2b;\">piscine \u00e9quip\u00e9e de toboggans<\/span><\/strong> pour un <em><span style=\"font-family: georgia, palatino, serif;\">divertissement total <\/span><\/em><span style=\"font-family: georgia, palatino, serif;\">\ud83d\ude09\u00a0<\/span><\/p>\n<\/div><\/div><\/div><\/div><\/div><div class=\"vc_col-sm-4 wpb_column vc_column_container\"><div class=\"vc_column-inner\"><div class=\"wpb_wrapper\"><div class=\"w-image align_center\"><a ref=\"magnificPopup\" href=\"https:\/\/www.rizhotel.com\/wp-content\/uploads\/2020\/02\/acquascivoli.jpg\" aria-label=\"acquascivoli\" class=\"w-image-h\"><img decoding=\"async\" width=\"1024\" height=\"1024\" src=\"https:\/\/www.rizhotel.com\/wp-content\/uploads\/2020\/02\/acquascivoli.jpg\" class=\"attachment-large size-large\" alt=\"\" loading=\"lazy\" srcset=\"https:\/\/www.rizhotel.com\/wp-content\/uploads\/2020\/02\/acquascivoli.jpg 1025w, https:\/\/www.rizhotel.com\/wp-content\/uploads\/2020\/02\/acquascivoli-300x300.jpg 300w, https:\/\/www.rizhotel.com\/wp-content\/uploads\/2020\/02\/acquascivoli-150x150.jpg 150w, https:\/\/www.rizhotel.com\/wp-content\/uploads\/2020\/02\/acquascivoli-600x600.jpg 600w\" sizes=\"auto, (max-width: 1024px) 100vw, 1024px\" \/><\/a><\/div><\/div><\/div><\/div><\/div><\/div><\/section><section class=\"l-section wpb_row us_custom_6df4bc3a has_text_color height_medium with_img\"><div class=\"l-section-img\" role=\"img\" aria-label=\"Image\" data-img-width=\"1024\" data-img-height=\"681\" style=\"background-image: url(https:\/\/www.rizhotel.com\/wp-content\/uploads\/2020\/02\/a-vostra-disposizione.jpg);background-repeat: no-repeat;\"><\/div><div class=\"l-section-overlay\" style=\"background:rgba(26,26,26,0.35)\"><\/div><div class=\"l-section-h i-cf\"><div class=\"g-cols vc_row via_flex valign_middle type_default stacking_default\"><div class=\"vc_col-sm-6 wpb_column vc_column_container\"><div class=\"vc_column-inner\"><div class=\"wpb_wrapper\"><div class=\"wpb_text_column\"><div class=\"wpb_wrapper\"><h4>Service:<\/h4>\n<p><i class=\"fas fa-check\" style=\"color: #DB8F2B\"><\/i> Bar<br \/>\n<i class=\"fas fa-check\" style=\"color: #DB8F2B\"><\/i> Chaises longues<br \/>\n<i class=\"fas fa-check\" style=\"color: #DB8F2B\"><\/i> Espace de jeux pour enfants<\/p>\n<p><a href=\"https:\/\/www.rizhotel.com\/fr\/hotel-cesenatico-avec-enfants-gratuits.html\"><span style=\"background-color: #db8f2b;\">\u00a0<span style=\"color: #ffffff;\">Plan\u00e8te enfants<\/span>\u00a0<\/span><\/a><\/p>\n<\/div><\/div><\/div><\/div><\/div><div class=\"vc_col-sm-6 wpb_column vc_column_container\"><div class=\"vc_column-inner\"><div class=\"wpb_wrapper\"><div class=\"wpb_text_column\"><div class=\"wpb_wrapper\"><h4>\u2026et pour ne pas laisser place \u00e0 l\u2019ennui:<\/h4>\n<p><i class=\"fas fa-check\" style=\"color: #DB8F2B\"><\/i> Cours de natation<br \/>\n<i class=\"fas fa-check\" style=\"color: #DB8F2B\"><\/i> Aquagym<br \/>\n<i class=\"fas fa-check\" style=\"color: #DB8F2B\"><\/i> Danses de groupe<br \/>\n<i class=\"fas fa-check\" style=\"color: #DB8F2B\"><\/i> Tournois<br \/>\n<i class=\"fas fa-check\" style=\"color: #DB8F2B\"><\/i> Jeux<\/p>\n<\/div><\/div><\/div><\/div><\/div><\/div><\/div><\/section>\n","protected":false},"excerpt":{"rendered":"Amusement En Hotel Dans le jardin de l\u2019Hotel vous trouverez une tr\u00e8s grand chaude piscine hydromassage \u00e0 c\u00f2t\u00e9 d\u2019une terrasse ensoleill\u00e9e. Chez la plage Directement sur la plage, face \u00e0 l\u2019H\u00f4tel, notre \u201cparadis d\u2019eau douce\u201c: Une piscine semi-olympique (m 25 x 13) pour une baignade relaxante ou un plongeon rafra\u00eechissant Une deuxi\u00e8me piscine \u00e9quip\u00e9e de...","protected":false},"author":1,"featured_media":0,"parent":0,"menu_order":0,"comment_status":"closed","ping_status":"closed","template":"","meta":{"footnotes":""},"class_list":["post-7395","page","type-page","status-publish","hentry"],"yoast_head":"<!-- This site is optimized with the Yoast SEO plugin v26.7 - https:\/\/yoast.com\/wordpress\/plugins\/seo\/ -->\n<title>Hotel Cesenatico avec 3 piscines, jacuzzi et toboggans<\/title>\n<meta name=\"description\" content=\"Hotel Riz Cesenatico avec 3 piscines, jacuzzi et toboggans. En Hotel, piscine hydromassage \u00e0 c\u00f2t\u00e9 d\u2019une terrasse ensoleill\u00e9e. Chez la plage, 1 piscine semi-olympique et 1 piscine \u00e9quip\u00e9e de toboggans.\" \/>\n<meta name=\"robots\" content=\"index, follow, max-snippet:-1, max-image-preview:large, max-video-preview:-1\" \/>\n<link rel=\"canonical\" href=\"https:\/\/www.rizhotel.com\/it\/hotel-cesenatico-piscina-acquascivoli\" \/>\n<meta property=\"og:locale\" content=\"fr_FR\" \/>\n<meta property=\"og:type\" content=\"article\" \/>\n<meta property=\"og:title\" content=\"Hotel Cesenatico avec 3 piscines, jacuzzi et toboggans\" \/>\n<meta property=\"og:description\" content=\"Hotel Riz Cesenatico avec 3 piscines, jacuzzi et toboggans. En Hotel, piscine hydromassage \u00e0 c\u00f2t\u00e9 d\u2019une terrasse ensoleill\u00e9e. Chez la plage, 1 piscine semi-olympique et 1 piscine \u00e9quip\u00e9e de toboggans.\" \/>\n<meta property=\"og:url\" content=\"https:\/\/www.rizhotel.com\/it\/hotel-cesenatico-piscina-acquascivoli\" \/>\n<meta property=\"og:site_name\" content=\"Hotel Riz Cesenatico, All inclusive con piscina, Centro benessere e spiaggia\" \/>\n<meta property=\"article:modified_time\" content=\"2021-11-22T14:13:33+00:00\" \/>\n<meta name=\"twitter:card\" content=\"summary_large_image\" \/>\n<meta name=\"twitter:label1\" content=\"Dur\u00e9e de lecture estim\u00e9e\" \/>\n\t<meta name=\"twitter:data1\" content=\"2 minutes\" \/>\n<script type=\"application\/ld+json\" class=\"yoast-schema-graph\">{\"@context\":\"https:\/\/schema.org\",\"@graph\":[{\"@type\":\"WebPage\",\"@id\":\"https:\/\/www.rizhotel.com\/it\/hotel-cesenatico-piscina-acquascivoli\",\"url\":\"https:\/\/www.rizhotel.com\/it\/hotel-cesenatico-piscina-acquascivoli\",\"name\":\"Hotel Cesenatico avec 3 piscines, jacuzzi et toboggans\",\"isPartOf\":{\"@id\":\"https:\/\/www.rizhotel.com\/de\/#website\"},\"datePublished\":\"2020-03-12T16:20:54+00:00\",\"dateModified\":\"2021-11-22T14:13:33+00:00\",\"description\":\"Hotel Riz Cesenatico avec 3 piscines, jacuzzi et toboggans. En Hotel, piscine hydromassage \u00e0 c\u00f2t\u00e9 d\u2019une terrasse ensoleill\u00e9e. Chez la plage, 1 piscine semi-olympique et 1 piscine \u00e9quip\u00e9e de toboggans.\",\"breadcrumb\":{\"@id\":\"https:\/\/www.rizhotel.com\/it\/hotel-cesenatico-piscina-acquascivoli#breadcrumb\"},\"inLanguage\":\"fr-FR\",\"potentialAction\":[{\"@type\":\"ReadAction\",\"target\":[\"https:\/\/www.rizhotel.com\/it\/hotel-cesenatico-piscina-acquascivoli\"]}]},{\"@type\":\"BreadcrumbList\",\"@id\":\"https:\/\/www.rizhotel.com\/it\/hotel-cesenatico-piscina-acquascivoli#breadcrumb\",\"itemListElement\":[{\"@type\":\"ListItem\",\"position\":1,\"name\":\"Home\",\"item\":\"https:\/\/www.rizhotel.com\/fr\"},{\"@type\":\"ListItem\",\"position\":2,\"name\":\"Hotel Cesenatico avec 3 piscines, jacuzzi et toboggans\"}]},{\"@type\":\"WebSite\",\"@id\":\"https:\/\/www.rizhotel.com\/de\/#website\",\"url\":\"https:\/\/www.rizhotel.com\/de\/\",\"name\":\"Hotel Riz Cesenatico, All inclusive con piscina, Centro benessere e spiaggia\",\"description\":\"Vacanze a Cesenatico\",\"potentialAction\":[{\"@type\":\"SearchAction\",\"target\":{\"@type\":\"EntryPoint\",\"urlTemplate\":\"https:\/\/www.rizhotel.com\/de\/?s={search_term_string}\"},\"query-input\":{\"@type\":\"PropertyValueSpecification\",\"valueRequired\":true,\"valueName\":\"search_term_string\"}}],\"inLanguage\":\"fr-FR\"}]}<\/script>\n<!-- \/ Yoast SEO plugin. -->","yoast_head_json":{"title":"Hotel Cesenatico avec 3 piscines, jacuzzi et toboggans","description":"Hotel Riz Cesenatico avec 3 piscines, jacuzzi et toboggans. En Hotel, piscine hydromassage \u00e0 c\u00f2t\u00e9 d\u2019une terrasse ensoleill\u00e9e. Chez la plage, 1 piscine semi-olympique et 1 piscine \u00e9quip\u00e9e de toboggans.","robots":{"index":"index","follow":"follow","max-snippet":"max-snippet:-1","max-image-preview":"max-image-preview:large","max-video-preview":"max-video-preview:-1"},"canonical":"https:\/\/www.rizhotel.com\/it\/hotel-cesenatico-piscina-acquascivoli","og_locale":"fr_FR","og_type":"article","og_title":"Hotel Cesenatico avec 3 piscines, jacuzzi et toboggans","og_description":"Hotel Riz Cesenatico avec 3 piscines, jacuzzi et toboggans. En Hotel, piscine hydromassage \u00e0 c\u00f2t\u00e9 d\u2019une terrasse ensoleill\u00e9e. Chez la plage, 1 piscine semi-olympique et 1 piscine \u00e9quip\u00e9e de toboggans.","og_url":"https:\/\/www.rizhotel.com\/it\/hotel-cesenatico-piscina-acquascivoli","og_site_name":"Hotel Riz Cesenatico, All inclusive con piscina, Centro benessere e spiaggia","article_modified_time":"2021-11-22T14:13:33+00:00","twitter_card":"summary_large_image","twitter_misc":{"Dur\u00e9e de lecture estim\u00e9e":"2 minutes"},"schema":{"@context":"https:\/\/schema.org","@graph":[{"@type":"WebPage","@id":"https:\/\/www.rizhotel.com\/it\/hotel-cesenatico-piscina-acquascivoli","url":"https:\/\/www.rizhotel.com\/it\/hotel-cesenatico-piscina-acquascivoli","name":"Hotel Cesenatico avec 3 piscines, jacuzzi et toboggans","isPartOf":{"@id":"https:\/\/www.rizhotel.com\/de\/#website"},"datePublished":"2020-03-12T16:20:54+00:00","dateModified":"2021-11-22T14:13:33+00:00","description":"Hotel Riz Cesenatico avec 3 piscines, jacuzzi et toboggans. En Hotel, piscine hydromassage \u00e0 c\u00f2t\u00e9 d\u2019une terrasse ensoleill\u00e9e. Chez la plage, 1 piscine semi-olympique et 1 piscine \u00e9quip\u00e9e de toboggans.","breadcrumb":{"@id":"https:\/\/www.rizhotel.com\/it\/hotel-cesenatico-piscina-acquascivoli#breadcrumb"},"inLanguage":"fr-FR","potentialAction":[{"@type":"ReadAction","target":["https:\/\/www.rizhotel.com\/it\/hotel-cesenatico-piscina-acquascivoli"]}]},{"@type":"BreadcrumbList","@id":"https:\/\/www.rizhotel.com\/it\/hotel-cesenatico-piscina-acquascivoli#breadcrumb","itemListElement":[{"@type":"ListItem","position":1,"name":"Home","item":"https:\/\/www.rizhotel.com\/fr"},{"@type":"ListItem","position":2,"name":"Hotel Cesenatico avec 3 piscines, jacuzzi et toboggans"}]},{"@type":"WebSite","@id":"https:\/\/www.rizhotel.com\/de\/#website","url":"https:\/\/www.rizhotel.com\/de\/","name":"Hotel Riz Cesenatico, All inclusive con piscina, Centro benessere e spiaggia","description":"Vacanze a Cesenatico","potentialAction":[{"@type":"SearchAction","target":{"@type":"EntryPoint","urlTemplate":"https:\/\/www.rizhotel.com\/de\/?s={search_term_string}"},"query-input":{"@type":"PropertyValueSpecification","valueRequired":true,"valueName":"search_term_string"}}],"inLanguage":"fr-FR"}]}},"_links":{"self":[{"href":"https:\/\/www.rizhotel.com\/fr\/wp-json\/wp\/v2\/pages\/7395","targetHints":{"allow":["GET"]}}],"collection":[{"href":"https:\/\/www.rizhotel.com\/fr\/wp-json\/wp\/v2\/pages"}],"about":[{"href":"https:\/\/www.rizhotel.com\/fr\/wp-json\/wp\/v2\/types\/page"}],"author":[{"embeddable":true,"href":"https:\/\/www.rizhotel.com\/fr\/wp-json\/wp\/v2\/users\/1"}],"replies":[{"embeddable":true,"href":"https:\/\/www.rizhotel.com\/fr\/wp-json\/wp\/v2\/comments?post=7395"}],"version-history":[{"count":6,"href":"https:\/\/www.rizhotel.com\/fr\/wp-json\/wp\/v2\/pages\/7395\/revisions"}],"predecessor-version":[{"id":8861,"href":"https:\/\/www.rizhotel.com\/fr\/wp-json\/wp\/v2\/pages\/7395\/revisions\/8861"}],"wp:attachment":[{"href":"https:\/\/www.rizhotel.com\/fr\/wp-json\/wp\/v2\/media?parent=7395"}],"curies":[{"name":"wp","href":"https:\/\/api.w.org\/{rel}","templated":true}]}}