{"id":7405,"date":"2020-03-12T16:35:30","date_gmt":"2020-03-12T16:35:30","guid":{"rendered":"https:\/\/ufficio80.xyz\/riz4?page_id=7405"},"modified":"2021-02-28T08:13:30","modified_gmt":"2021-02-28T08:13:30","slug":"hotel-avec-centre-de-bien-etre-cesenatico","status":"publish","type":"page","link":"https:\/\/www.rizhotel.com\/fr\/hotel-avec-centre-de-bien-etre-cesenatico","title":{"rendered":"Spa H\u00f4tel Cesenatico, Centre de Bien-Etre au 7\u00e8me \u00e9tage"},"content":{"rendered":"<section class=\"l-section wpb_row height_auto with_slider\"><div class=\"l-section-slider\"><div class=\"w-slider style_none fit_cover nav_none count_1\"><div class=\"w-slider-h\" aria-hidden=\"true\"><div class=\"royalSlider\"><div class=\"rsContent\"><a class=\"rsImg\" data-rsw=\"1024\" data-rsh=\"1025\" href=\"https:\/\/www.rizhotel.com\/wp-content\/uploads\/2015\/06\/wellness.jpg\"><span data-alt=\"\"><\/span><\/a><\/div><\/div><img decoding=\"async\" src=\"https:\/\/www.rizhotel.com\/wp-content\/uploads\/2015\/06\/wellness.jpg\" width=\"1024\" height=\"1025\" alt loading=\"lazy\"><\/div><div class=\"w-slider-json\" onclick='return {&quot;autoScaleSlider&quot;:true,&quot;addActiveClass&quot;:true,&quot;loop&quot;:true,&quot;fadeInLoadedSlide&quot;:false,&quot;slidesSpacing&quot;:0,&quot;imageScalePadding&quot;:0,&quot;numImagesToPreload&quot;:2,&quot;arrowsNav&quot;:false,&quot;arrowsNavAutoHide&quot;:false,&quot;transitionType&quot;:&quot;move&quot;,&quot;transitionSpeed&quot;:1000,&quot;block&quot;:{&quot;moveEffect&quot;:&quot;none&quot;,&quot;speed&quot;:300},&quot;thumbs&quot;:{&quot;fitInViewport&quot;:false,&quot;firstMargin&quot;:false,&quot;spacing&quot;:4},&quot;controlNavigation&quot;:&quot;none&quot;,&quot;autoplay&quot;:{&quot;enabled&quot;:true,&quot;pauseOnHover&quot;:false,&quot;delay&quot;:3000},&quot;autoScaleSliderWidth&quot;:1024,&quot;autoScaleSliderHeight&quot;:1025}'><\/div><\/div><\/div><div class=\"l-section-h i-cf\"><div class=\"g-cols vc_row via_flex valign_middle type_default stacking_default\"><div class=\"vc_col-sm-4 wpb_column vc_column_container has_text_color\"><div class=\"vc_column-inner us_custom_6df4bc3a\"><div class=\"wpb_wrapper\"><\/div><\/div><\/div><div class=\"vc_col-sm-4 wpb_column vc_column_container has_text_color\"><div class=\"vc_column-inner us_custom_6df4bc3a\"><div class=\"wpb_wrapper\"><div class=\"w-separator size_custom\" style=\"height:200px\" id=\"jab9\"><style>@media(max-width:1024px){ #jab9{height:50px!important}}@media(max-width:600px){ #jab9{height:50px!important}}<\/style><\/div><div class=\"wpb_text_column us_custom_ed795d83\"><div class=\"wpb_wrapper\"><h5 class=\"vc_custom_heading\" style=\"text-align: center;\"><span style=\"font-size: 24pt;\">Accordez-vous<br \/>\nun moment<br \/>\nde d\u00e9tente\u2026<i class=\"fas fa-spa\" style=\"color: #DB8F2B\"><\/i><\/span><\/h5>\n<\/div><\/div><div class=\"w-separator size_custom\" style=\"height:200px\" id=\"wcd7\"><style>@media(max-width:1024px){ #wcd7{height:50px!important}}@media(max-width:600px){ #wcd7{height:50px!important}}<\/style><\/div><\/div><\/div><\/div><div class=\"vc_col-sm-4 wpb_column vc_column_container\"><div class=\"vc_column-inner\"><div class=\"wpb_wrapper\"><\/div><\/div><\/div><\/div><\/div><\/section><section class=\"l-section wpb_row height_auto width_full\"><div class=\"l-section-h i-cf\"><div class=\"g-cols vc_row via_flex valign_middle type_default stacking_default\"><div class=\"vc_col-sm-6 wpb_column vc_column_container\"><div class=\"vc_column-inner\"><div class=\"wpb_wrapper\"><div class=\"w-grid us_grid us_custom_9c4651dd type_grid layout_gallery_default cols_2 preload_style_spinner\" id=\"us_grid_1\" style=\"--columns:2;--gap:5px;\" data-filterable=\"true\"><style>.layout_gallery_default .w-grid-item-h{}<\/style><div class=\"w-grid-list\">\t<article class=\"w-grid-item size_1x1 post-5860 attachment type-attachment status-inherit hentry\" data-id=\"5860\">\r\n\t\t<div class=\"w-grid-item-h\">\r\n\t\t\t\t\t\t\t<a ref=\"magnificPopupGrid\" href=\"https:\/\/www.rizhotel.com\/wp-content\/uploads\/2020\/01\/spa2.jpg\" class=\"w-grid-item-anchor\" aria-label=\"spa2\"><\/a>\r\n\t\t\t\t\t\t<div class=\"w-post-elm post_image usg_post_image_1 stretched\"><img loading=\"lazy\" decoding=\"async\" width=\"682\" height=\"1024\" src=\"https:\/\/www.rizhotel.com\/wp-content\/uploads\/2020\/01\/spa2-682x1024.jpg\" class=\"attachment-large size-large\" alt=\"\" srcset=\"https:\/\/www.rizhotel.com\/wp-content\/uploads\/2020\/01\/spa2-682x1024.jpg 682w, https:\/\/www.rizhotel.com\/wp-content\/uploads\/2020\/01\/spa2-200x300.jpg 200w, https:\/\/www.rizhotel.com\/wp-content\/uploads\/2020\/01\/spa2.jpg 800w\" sizes=\"auto, (max-width: 682px) 100vw, 682px\" \/><\/div>\t\t<\/div>\r\n\t\t\t<\/article>\r\n\t<article class=\"w-grid-item size_1x1 post-5857 attachment type-attachment status-inherit hentry\" data-id=\"5857\">\r\n\t\t<div class=\"w-grid-item-h\">\r\n\t\t\t\t\t\t\t<a ref=\"magnificPopupGrid\" href=\"https:\/\/www.rizhotel.com\/wp-content\/uploads\/2020\/01\/spa4.jpg\" class=\"w-grid-item-anchor\" aria-label=\"spa4\"><\/a>\r\n\t\t\t\t\t\t<div class=\"w-post-elm post_image usg_post_image_1 stretched\"><img loading=\"lazy\" decoding=\"async\" width=\"1024\" height=\"849\" src=\"https:\/\/www.rizhotel.com\/wp-content\/uploads\/2020\/01\/spa4-1024x849.jpg\" class=\"attachment-large size-large\" alt=\"\" srcset=\"https:\/\/www.rizhotel.com\/wp-content\/uploads\/2020\/01\/spa4-1024x849.jpg 1024w, https:\/\/www.rizhotel.com\/wp-content\/uploads\/2020\/01\/spa4-300x249.jpg 300w, https:\/\/www.rizhotel.com\/wp-content\/uploads\/2020\/01\/spa4.jpg 1199w\" sizes=\"auto, (max-width: 1024px) 100vw, 1024px\" \/><\/div>\t\t<\/div>\r\n\t\t\t<\/article>\r\n<\/div>\t<div class=\"w-grid-preloader\">\r\n\t\t<div class=\"g-preloader type_3\">\r\n\t\t\t<div><\/div>\r\n\t\t<\/div>\r\n\t<\/div>\r\n\t\t<div class=\"w-grid-json hidden\" onclick='return {&quot;action&quot;:&quot;us_ajax_grid&quot;,&quot;infinite_scroll&quot;:0,&quot;max_num_pages&quot;:1,&quot;pagination&quot;:&quot;none&quot;,&quot;template_vars&quot;:{&quot;columns&quot;:&quot;2&quot;,&quot;exclude_items&quot;:&quot;none&quot;,&quot;img_size&quot;:&quot;default&quot;,&quot;ignore_items_size&quot;:0,&quot;items_layout&quot;:&quot;gallery_default&quot;,&quot;items_offset&quot;:&quot;1&quot;,&quot;load_animation&quot;:&quot;none&quot;,&quot;overriding_link&quot;:&quot;%7B%22type%22%3A%22popup_image%22%7D&quot;,&quot;post_id&quot;:0,&quot;query_args&quot;:{&quot;post_type&quot;:[&quot;attachment&quot;],&quot;post__in&quot;:[&quot;5856&quot;,&quot;5859&quot;],&quot;post_status&quot;:&quot;inherit&quot;,&quot;post_mime_type&quot;:&quot;image&quot;,&quot;posts_per_page&quot;:&quot;2&quot;},&quot;orderby_query_args&quot;:{&quot;orderby&quot;:{&quot;date&quot;:&quot;DESC&quot;}},&quot;type&quot;:&quot;grid&quot;,&quot;us_grid_post_type&quot;:&quot;attachment&quot;,&quot;us_grid_ajax_index&quot;:1,&quot;us_grid_filter_query_string&quot;:null,&quot;us_grid_index&quot;:1,&quot;page_args&quot;:[],&quot;lang&quot;:&quot;fr&quot;}}'><\/div>\r\n\t<\/div><div class=\"wpb_text_column us_custom_bb7967fc\"><div class=\"wpb_wrapper\"><h3 class=\"vc_custom_heading\" style=\"text-align: center;\">Au 7\u00e8me \u00e9tage, <span style=\"color: #db8f2b;\">avec vue sur la mer<\/span>, sauna, hammam, 2 piscines \u00e0 remous, fauteuils de relaxation. Massages relax, sportif, ayurveda&#8230;<\/h3>\n<\/div><\/div><\/div><\/div><\/div><div class=\"vc_col-sm-6 wpb_column vc_column_container\"><div class=\"vc_column-inner\"><div class=\"wpb_wrapper\"><div class=\"w-image align_center\"><div class=\"w-image-h\"><img decoding=\"async\" width=\"1023\" height=\"1024\" src=\"https:\/\/www.rizhotel.com\/wp-content\/uploads\/2020\/01\/spa_.jpg\" class=\"attachment-large size-large\" alt=\"Riz Spa\" loading=\"lazy\" srcset=\"https:\/\/www.rizhotel.com\/wp-content\/uploads\/2020\/01\/spa_.jpg 1024w, https:\/\/www.rizhotel.com\/wp-content\/uploads\/2020\/01\/spa_-300x300.jpg 300w, https:\/\/www.rizhotel.com\/wp-content\/uploads\/2020\/01\/spa_-150x150.jpg 150w, https:\/\/www.rizhotel.com\/wp-content\/uploads\/2020\/01\/spa_-600x600.jpg 600w\" sizes=\"auto, (max-width: 1023px) 100vw, 1023px\" \/><\/div><\/div><\/div><\/div><\/div><\/div><\/div><\/section><section class=\"l-section wpb_row us_custom_0bebd569 height_small\"><div class=\"l-section-h i-cf\"><div class=\"g-cols vc_row via_flex valign_middle type_default stacking_default\"><div class=\"vc_col-sm-4 wpb_column vc_column_container\"><div class=\"vc_column-inner\"><div class=\"wpb_wrapper\"><div class=\"wpb_text_column us_custom_c33dbe56\"><div class=\"wpb_wrapper\"><div class=\"aio-icon-header\">\n<h4 class=\"aio-icon-title ult-responsive\" style=\"text-align: left;\" data-ultimate-target=\"#Info-box-wrap-9374 .aio-icon-title\" data-responsive-json-new=\"{&quot;font-size&quot;:&quot;&quot;,&quot;line-height&quot;:&quot;&quot;}\">Wellness Center<\/h4>\n<p class=\"aio-icon-title ult-responsive\" style=\"text-align: left;\" data-ultimate-target=\"#Info-box-wrap-9374 .aio-icon-title\" data-responsive-json-new=\"{&quot;font-size&quot;:&quot;&quot;,&quot;line-height&quot;:&quot;&quot;}\"><i class=\"fas fa-check\" style=\"color: #DB8F2B\"><\/i> 2 piscines hydromassage<br \/>\n<i class=\"fas fa-check\" style=\"color: #DB8F2B\"><\/i> 1 sauna<br \/>\n<i class=\"fas fa-check\" style=\"color: #DB8F2B\"><\/i> 1 bain turc<br \/>\n<i class=\"fas fa-check\" style=\"color: #DB8F2B\"><\/i> 1 douche \u00e9motionnelle<br \/>\n<i class=\"fas fa-check\" style=\"color: #DB8F2B\"><\/i> 1 salle de massage<br \/>\n<i class=\"fas fa-check\" style=\"color: #DB8F2B\"><\/i> Chaises longues relax<\/p>\n<\/div>\n<\/div><\/div><\/div><\/div><\/div><div class=\"vc_col-sm-4 wpb_column vc_column_container\"><div class=\"vc_column-inner\"><div class=\"wpb_wrapper\"><div class=\"w-image align_center\"><div class=\"w-image-h\"><img decoding=\"async\" width=\"1024\" height=\"680\" src=\"https:\/\/www.rizhotel.com\/wp-content\/uploads\/2020\/01\/massaggi-con-oli-essenziali-1024x680.jpg\" class=\"attachment-large size-large\" alt=\"\" loading=\"lazy\" srcset=\"https:\/\/www.rizhotel.com\/wp-content\/uploads\/2020\/01\/massaggi-con-oli-essenziali-1024x680.jpg 1024w, https:\/\/www.rizhotel.com\/wp-content\/uploads\/2020\/01\/massaggi-con-oli-essenziali-300x199.jpg 300w, https:\/\/www.rizhotel.com\/wp-content\/uploads\/2020\/01\/massaggi-con-oli-essenziali-1536x1020.jpg 1536w, https:\/\/www.rizhotel.com\/wp-content\/uploads\/2020\/01\/massaggi-con-oli-essenziali-2048x1360.jpg 2048w\" sizes=\"auto, (max-width: 1024px) 100vw, 1024px\" \/><\/div><\/div><\/div><\/div><\/div><div class=\"vc_col-sm-4 wpb_column vc_column_container\"><div class=\"vc_column-inner\"><div class=\"wpb_wrapper\"><div class=\"wpb_text_column us_custom_c33dbe56\"><div class=\"wpb_wrapper\"><div class=\"aio-icon-header\">\n<h4 class=\"aio-icon-title ult-responsive\" style=\"text-align: left;\" data-ultimate-target=\"#Info-box-wrap-9374 .aio-icon-title\" data-responsive-json-new=\"{&quot;font-size&quot;:&quot;&quot;,&quot;line-height&quot;:&quot;&quot;}\">Les traitements<\/h4>\n<p class=\"aio-icon-title ult-responsive\" style=\"text-align: left;\" data-ultimate-target=\"#Info-box-wrap-9374 .aio-icon-title\" data-responsive-json-new=\"{&quot;font-size&quot;:&quot;&quot;,&quot;line-height&quot;:&quot;&quot;}\"><i class=\"fas fa-check\" style=\"color: #DB8F2B\"><\/i> Massages relax<br \/>\n<i class=\"fas fa-check\" style=\"color: #DB8F2B\"><\/i> Massages ayurv\u00e9diques<br \/>\n<i class=\"fas fa-check\" style=\"color: #DB8F2B\"><\/i> R\u00e9flexologie plantaire<br \/>\n<i class=\"fas fa-check\" style=\"color: #DB8F2B\"><\/i> Massages visage<br \/>\n<i class=\"fas fa-check\" style=\"color: #DB8F2B\"><\/i> Massages breus<br \/>\n<i class=\"fas fa-check\" style=\"color: #DB8F2B\"><\/i> Shiatzu<\/p>\n<\/div>\n<\/div><\/div><\/div><\/div><\/div><\/div><\/div><\/section><section class=\"l-section wpb_row vc_hidden-xs vc_hidden-sm vc_hidden-md height_auto width_full with_video with_vimeo\"><div id=\"us_bg_video_i1e0\" class=\"l-section-video\"><script id=\"us_bg_video_i1e0-script\">!function(w){var node = document.getElementById( 'us_bg_video_i1e0' );if ( w.innerWidth <= 500 ) { node.remove() }}(window);<\/script><style>@media(max-width:500px){#us_bg_video_i1e0{display:none!important}}<\/style><script class=\"vimeo_i1e0\">\r\n\t\t\t\t\tvar script = document.createElement( \"script\" );\r\n\t\t\t\t\tscript.classList.add( \"vimeo_i1e0\" );\r\n\t\t\t\t\tscript.src = \"https:\/\/player.vimeo.com\/api\/player.js\";\r\n\t\t\t\t\tscript.onload = function() {\r\n\t\t\t\t\t\tvar player = new Vimeo.Player( \"us_bg_video_i1e0\", {\r\n\t\t\t\t\t\t\tid: \"517714843\",\r\n\t\t\t\t\t\t\twidth: window.innerWidth,\r\n\t\t\t\t\t\t\t\"autopause\":false,\"controls\":false,\"autoplay\":true,\"byline\":false,\"loop\":true,\"muted\":true,\"title\":false\r\n\t\t\t\t\t\t} );\r\n\t\t\t\t\t\tplayer.ready().then( function() {\r\n\t\t\t\t\t\t\tplayer.element.allow = \"autoplay; fullscreen; picture-in-picture\";\r\n\t\t\t\t\t\t\tplayer.element.loading = \"lazy\";\r\n\t\t\t\t\t\t\tplayer.element.dispatchEvent( new Event( \"resize\", { bubbles: true } ) );\r\n\t\t\t\t\t\t} );\r\n\t\t\t\t\t\tdocument.querySelectorAll( \"script.vimeo_i1e0\" ).forEach( function( node ) { node.remove() } );\r\n\t\t\t\t\t};\r\n\t\t\t\t\tdocument.head.append( script );\r\n\t\t\t\t<\/script><\/div><div class=\"l-section-h i-cf\"><div class=\"g-cols vc_row via_flex valign_top type_default stacking_default\"><div class=\"vc_col-sm-12 wpb_column vc_column_container\"><div class=\"vc_column-inner\"><div class=\"wpb_wrapper\"><div class=\"w-separator size_custom\" style=\"height:200px\"><\/div><div class=\"w-image align_center\"><div class=\"w-image-h\"><img decoding=\"async\" width=\"696\" height=\"271\" src=\"https:\/\/www.rizhotel.com\/wp-content\/uploads\/2020\/02\/rizspa.png\" class=\"attachment-large size-large\" alt=\"\" loading=\"lazy\" srcset=\"https:\/\/www.rizhotel.com\/wp-content\/uploads\/2020\/02\/rizspa.png 696w, https:\/\/www.rizhotel.com\/wp-content\/uploads\/2020\/02\/rizspa-300x117.png 300w\" sizes=\"auto, (max-width: 696px) 100vw, 696px\" \/><\/div><\/div><div class=\"w-separator size_custom\" style=\"height:200px\"><\/div><\/div><\/div><\/div><\/div><\/div><\/section>\n","protected":false},"excerpt":{"rendered":"","protected":false},"author":1,"featured_media":0,"parent":0,"menu_order":0,"comment_status":"closed","ping_status":"closed","template":"","meta":{"footnotes":""},"class_list":["post-7405","page","type-page","status-publish","hentry"],"yoast_head":"<!-- This site is optimized with the Yoast SEO plugin v26.7 - https:\/\/yoast.com\/wordpress\/plugins\/seo\/ -->\n<title>Spa H\u00f4tel Cesenatico, Centre de Bien-Etre au 7\u00e8me \u00e9tage<\/title>\n<meta name=\"description\" content=\"Spa H\u00f4tel Riz Cesenatico, au 7\u00e8me \u00e9tage: 2 piscines hydromassage, sauna, bain turc douche \u00e9motionnelle, salle de massage, Chaises longues relax. Inclus dans notre formule Tout compris.\" \/>\n<meta name=\"robots\" content=\"index, follow, max-snippet:-1, max-image-preview:large, max-video-preview:-1\" \/>\n<link rel=\"canonical\" href=\"https:\/\/www.rizhotel.com\/it\/spa-hotel-centro-benessere-cesenatico\" \/>\n<meta property=\"og:locale\" content=\"fr_FR\" \/>\n<meta property=\"og:type\" content=\"article\" \/>\n<meta property=\"og:title\" content=\"Spa H\u00f4tel Cesenatico, Centre de Bien-Etre au 7\u00e8me \u00e9tage\" \/>\n<meta property=\"og:description\" content=\"Spa H\u00f4tel Riz Cesenatico, au 7\u00e8me \u00e9tage: 2 piscines hydromassage, sauna, bain turc douche \u00e9motionnelle, salle de massage, Chaises longues relax. Inclus dans notre formule Tout compris.\" \/>\n<meta property=\"og:url\" content=\"https:\/\/www.rizhotel.com\/it\/spa-hotel-centro-benessere-cesenatico\" \/>\n<meta property=\"og:site_name\" content=\"Hotel Riz Cesenatico, All inclusive con piscina, Centro benessere e spiaggia\" \/>\n<meta property=\"article:modified_time\" content=\"2021-02-28T08:13:30+00:00\" \/>\n<meta name=\"twitter:card\" content=\"summary_large_image\" \/>\n<meta name=\"twitter:label1\" content=\"Dur\u00e9e de lecture estim\u00e9e\" \/>\n\t<meta name=\"twitter:data1\" content=\"3 minutes\" \/>\n<script type=\"application\/ld+json\" class=\"yoast-schema-graph\">{\"@context\":\"https:\/\/schema.org\",\"@graph\":[{\"@type\":\"WebPage\",\"@id\":\"https:\/\/www.rizhotel.com\/it\/spa-hotel-centro-benessere-cesenatico\",\"url\":\"https:\/\/www.rizhotel.com\/it\/spa-hotel-centro-benessere-cesenatico\",\"name\":\"Spa H\u00f4tel Cesenatico, Centre de Bien-Etre au 7\u00e8me \u00e9tage\",\"isPartOf\":{\"@id\":\"https:\/\/www.rizhotel.com\/de\/#website\"},\"datePublished\":\"2020-03-12T16:35:30+00:00\",\"dateModified\":\"2021-02-28T08:13:30+00:00\",\"description\":\"Spa H\u00f4tel Riz Cesenatico, au 7\u00e8me \u00e9tage: 2 piscines hydromassage, sauna, bain turc douche \u00e9motionnelle, salle de massage, Chaises longues relax. Inclus dans notre formule Tout compris.\",\"breadcrumb\":{\"@id\":\"https:\/\/www.rizhotel.com\/it\/spa-hotel-centro-benessere-cesenatico#breadcrumb\"},\"inLanguage\":\"fr-FR\",\"potentialAction\":[{\"@type\":\"ReadAction\",\"target\":[\"https:\/\/www.rizhotel.com\/it\/spa-hotel-centro-benessere-cesenatico\"]}]},{\"@type\":\"BreadcrumbList\",\"@id\":\"https:\/\/www.rizhotel.com\/it\/spa-hotel-centro-benessere-cesenatico#breadcrumb\",\"itemListElement\":[{\"@type\":\"ListItem\",\"position\":1,\"name\":\"Home\",\"item\":\"https:\/\/www.rizhotel.com\/fr\"},{\"@type\":\"ListItem\",\"position\":2,\"name\":\"Spa H\u00f4tel Cesenatico, Centre de Bien-Etre au 7\u00e8me \u00e9tage\"}]},{\"@type\":\"WebSite\",\"@id\":\"https:\/\/www.rizhotel.com\/de\/#website\",\"url\":\"https:\/\/www.rizhotel.com\/de\/\",\"name\":\"Hotel Riz Cesenatico, All inclusive con piscina, Centro benessere e spiaggia\",\"description\":\"Vacanze a Cesenatico\",\"potentialAction\":[{\"@type\":\"SearchAction\",\"target\":{\"@type\":\"EntryPoint\",\"urlTemplate\":\"https:\/\/www.rizhotel.com\/de\/?s={search_term_string}\"},\"query-input\":{\"@type\":\"PropertyValueSpecification\",\"valueRequired\":true,\"valueName\":\"search_term_string\"}}],\"inLanguage\":\"fr-FR\"}]}<\/script>\n<!-- \/ Yoast SEO plugin. -->","yoast_head_json":{"title":"Spa H\u00f4tel Cesenatico, Centre de Bien-Etre au 7\u00e8me \u00e9tage","description":"Spa H\u00f4tel Riz Cesenatico, au 7\u00e8me \u00e9tage: 2 piscines hydromassage, sauna, bain turc douche \u00e9motionnelle, salle de massage, Chaises longues relax. Inclus dans notre formule Tout compris.","robots":{"index":"index","follow":"follow","max-snippet":"max-snippet:-1","max-image-preview":"max-image-preview:large","max-video-preview":"max-video-preview:-1"},"canonical":"https:\/\/www.rizhotel.com\/it\/spa-hotel-centro-benessere-cesenatico","og_locale":"fr_FR","og_type":"article","og_title":"Spa H\u00f4tel Cesenatico, Centre de Bien-Etre au 7\u00e8me \u00e9tage","og_description":"Spa H\u00f4tel Riz Cesenatico, au 7\u00e8me \u00e9tage: 2 piscines hydromassage, sauna, bain turc douche \u00e9motionnelle, salle de massage, Chaises longues relax. Inclus dans notre formule Tout compris.","og_url":"https:\/\/www.rizhotel.com\/it\/spa-hotel-centro-benessere-cesenatico","og_site_name":"Hotel Riz Cesenatico, All inclusive con piscina, Centro benessere e spiaggia","article_modified_time":"2021-02-28T08:13:30+00:00","twitter_card":"summary_large_image","twitter_misc":{"Dur\u00e9e de lecture estim\u00e9e":"3 minutes"},"schema":{"@context":"https:\/\/schema.org","@graph":[{"@type":"WebPage","@id":"https:\/\/www.rizhotel.com\/it\/spa-hotel-centro-benessere-cesenatico","url":"https:\/\/www.rizhotel.com\/it\/spa-hotel-centro-benessere-cesenatico","name":"Spa H\u00f4tel Cesenatico, Centre de Bien-Etre au 7\u00e8me \u00e9tage","isPartOf":{"@id":"https:\/\/www.rizhotel.com\/de\/#website"},"datePublished":"2020-03-12T16:35:30+00:00","dateModified":"2021-02-28T08:13:30+00:00","description":"Spa H\u00f4tel Riz Cesenatico, au 7\u00e8me \u00e9tage: 2 piscines hydromassage, sauna, bain turc douche \u00e9motionnelle, salle de massage, Chaises longues relax. Inclus dans notre formule Tout compris.","breadcrumb":{"@id":"https:\/\/www.rizhotel.com\/it\/spa-hotel-centro-benessere-cesenatico#breadcrumb"},"inLanguage":"fr-FR","potentialAction":[{"@type":"ReadAction","target":["https:\/\/www.rizhotel.com\/it\/spa-hotel-centro-benessere-cesenatico"]}]},{"@type":"BreadcrumbList","@id":"https:\/\/www.rizhotel.com\/it\/spa-hotel-centro-benessere-cesenatico#breadcrumb","itemListElement":[{"@type":"ListItem","position":1,"name":"Home","item":"https:\/\/www.rizhotel.com\/fr"},{"@type":"ListItem","position":2,"name":"Spa H\u00f4tel Cesenatico, Centre de Bien-Etre au 7\u00e8me \u00e9tage"}]},{"@type":"WebSite","@id":"https:\/\/www.rizhotel.com\/de\/#website","url":"https:\/\/www.rizhotel.com\/de\/","name":"Hotel Riz Cesenatico, All inclusive con piscina, Centro benessere e spiaggia","description":"Vacanze a Cesenatico","potentialAction":[{"@type":"SearchAction","target":{"@type":"EntryPoint","urlTemplate":"https:\/\/www.rizhotel.com\/de\/?s={search_term_string}"},"query-input":{"@type":"PropertyValueSpecification","valueRequired":true,"valueName":"search_term_string"}}],"inLanguage":"fr-FR"}]}},"_links":{"self":[{"href":"https:\/\/www.rizhotel.com\/fr\/wp-json\/wp\/v2\/pages\/7405","targetHints":{"allow":["GET"]}}],"collection":[{"href":"https:\/\/www.rizhotel.com\/fr\/wp-json\/wp\/v2\/pages"}],"about":[{"href":"https:\/\/www.rizhotel.com\/fr\/wp-json\/wp\/v2\/types\/page"}],"author":[{"embeddable":true,"href":"https:\/\/www.rizhotel.com\/fr\/wp-json\/wp\/v2\/users\/1"}],"replies":[{"embeddable":true,"href":"https:\/\/www.rizhotel.com\/fr\/wp-json\/wp\/v2\/comments?post=7405"}],"version-history":[{"count":2,"href":"https:\/\/www.rizhotel.com\/fr\/wp-json\/wp\/v2\/pages\/7405\/revisions"}],"predecessor-version":[{"id":8627,"href":"https:\/\/www.rizhotel.com\/fr\/wp-json\/wp\/v2\/pages\/7405\/revisions\/8627"}],"wp:attachment":[{"href":"https:\/\/www.rizhotel.com\/fr\/wp-json\/wp\/v2\/media?parent=7405"}],"curies":[{"name":"wp","href":"https:\/\/api.w.org\/{rel}","templated":true}]}}