{"id":7493,"date":"2020-03-13T11:33:32","date_gmt":"2020-03-13T11:33:32","guid":{"rendered":"https:\/\/www.ufficio80.xyz\/riz4?page_id=7493"},"modified":"2025-01-15T12:35:42","modified_gmt":"2025-01-15T12:35:42","slug":"vacances-sportives-a-cesenatico","status":"publish","type":"page","link":"https:\/\/www.rizhotel.com\/fr\/vacances-sportives-a-cesenatico","title":{"rendered":"Vacances sportives Cesenatico: Cyclisme sur le routes de Pantani"},"content":{"rendered":"<section class=\"l-section wpb_row height_auto width_full\"><div class=\"l-section-h i-cf\"><div class=\"g-cols vc_row via_flex valign_middle type_default stacking_default\"><div class=\"vc_col-sm-6 wpb_column vc_column_container\"><div class=\"vc_column-inner\"><div class=\"wpb_wrapper\"><div class=\"w-image align_center\"><div class=\"w-image-h\"><img decoding=\"async\" width=\"1024\" height=\"1024\" src=\"https:\/\/www.rizhotel.com\/wp-content\/uploads\/2020\/02\/ciclisti-in-vacanza.jpg\" class=\"attachment-large size-large\" alt=\"\" loading=\"lazy\" srcset=\"https:\/\/www.rizhotel.com\/wp-content\/uploads\/2020\/02\/ciclisti-in-vacanza.jpg 1025w, https:\/\/www.rizhotel.com\/wp-content\/uploads\/2020\/02\/ciclisti-in-vacanza-300x300.jpg 300w, https:\/\/www.rizhotel.com\/wp-content\/uploads\/2020\/02\/ciclisti-in-vacanza-150x150.jpg 150w, https:\/\/www.rizhotel.com\/wp-content\/uploads\/2020\/02\/ciclisti-in-vacanza-600x600.jpg 600w\" sizes=\"auto, (max-width: 1024px) 100vw, 1024px\" \/><\/div><\/div><\/div><\/div><\/div><div class=\"vc_col-sm-6 wpb_column vc_column_container\"><div class=\"vc_column-inner us_custom_9c4651dd\"><div class=\"wpb_wrapper\"><div class=\"wpb_text_column us_custom_8665cf32\"><div class=\"wpb_wrapper\"><h6 style=\"text-align: center;\">Cyclisme sur les routes de Pantani<\/h6>\n<h6 style=\"text-align: center;\"><img loading=\"lazy\" decoding=\"async\" class=\"size-full wp-image-7143 aligncenter\" src=\"https:\/\/www.rizhotel.com\/wp-content\/uploads\/2020\/02\/logo-cuore.png\" alt=\"\" width=\"151\" height=\"85\" \/><\/h6>\n<p style=\"text-align: center;\">Mer, plaines, collines et montagnes dans un rayon de 40km; parfait pour les cyclistes amateur, les cyclistes sportifs et pour tout ceux qui veulent vivre des exp\u00e9riences inoubliables : culture, histoire et nature<\/p>\n<\/div><\/div><div class=\"w-grid us_grid type_grid layout_gallery_default cols_2 preload_style_spinner\" id=\"us_grid_1\" style=\"--columns:2;--gap:5px;\" data-filterable=\"true\"><style>.layout_gallery_default .w-grid-item-h{}<\/style><div class=\"w-grid-list\">\t<article class=\"w-grid-item size_1x1 post-9172 attachment type-attachment status-inherit hentry\" data-id=\"9172\">\r\n\t\t<div class=\"w-grid-item-h\">\r\n\t\t\t\t\t\t\t<a ref=\"magnificPopupGrid\" href=\"https:\/\/www.rizhotel.com\/wp-content\/uploads\/2024\/02\/ciclista-collina.jpg\" class=\"w-grid-item-anchor\" aria-label=\"ciclista-collina\"><\/a>\r\n\t\t\t\t\t\t<div class=\"w-post-elm post_image usg_post_image_1 stretched\"><img loading=\"lazy\" decoding=\"async\" width=\"1024\" height=\"1024\" src=\"https:\/\/www.rizhotel.com\/wp-content\/uploads\/2024\/02\/ciclista-collina.jpg\" class=\"attachment-large size-large\" alt=\"\" srcset=\"https:\/\/www.rizhotel.com\/wp-content\/uploads\/2024\/02\/ciclista-collina.jpg 1025w, https:\/\/www.rizhotel.com\/wp-content\/uploads\/2024\/02\/ciclista-collina-300x300.jpg 300w, https:\/\/www.rizhotel.com\/wp-content\/uploads\/2024\/02\/ciclista-collina-150x150.jpg 150w, https:\/\/www.rizhotel.com\/wp-content\/uploads\/2024\/02\/ciclista-collina-600x600.jpg 600w\" sizes=\"auto, (max-width: 1024px) 100vw, 1024px\" \/><\/div>\t\t<\/div>\r\n\t\t\t<\/article>\r\n<\/div>\t<div class=\"w-grid-preloader\">\r\n\t\t<div class=\"g-preloader type_3\">\r\n\t\t\t<div><\/div>\r\n\t\t<\/div>\r\n\t<\/div>\r\n\t\t<div class=\"w-grid-json hidden\" onclick='return {&quot;action&quot;:&quot;us_ajax_grid&quot;,&quot;infinite_scroll&quot;:0,&quot;max_num_pages&quot;:1,&quot;pagination&quot;:&quot;none&quot;,&quot;template_vars&quot;:{&quot;columns&quot;:&quot;2&quot;,&quot;exclude_items&quot;:&quot;none&quot;,&quot;img_size&quot;:&quot;default&quot;,&quot;ignore_items_size&quot;:0,&quot;items_layout&quot;:&quot;gallery_default&quot;,&quot;items_offset&quot;:&quot;1&quot;,&quot;load_animation&quot;:&quot;none&quot;,&quot;overriding_link&quot;:&quot;%7B%22type%22%3A%22popup_image%22%7D&quot;,&quot;post_id&quot;:0,&quot;query_args&quot;:{&quot;post_type&quot;:[&quot;attachment&quot;],&quot;post__in&quot;:[&quot;6262&quot;,&quot;9172&quot;],&quot;post_status&quot;:&quot;inherit&quot;,&quot;post_mime_type&quot;:&quot;image&quot;,&quot;posts_per_page&quot;:&quot;2&quot;},&quot;orderby_query_args&quot;:{&quot;orderby&quot;:{&quot;date&quot;:&quot;DESC&quot;}},&quot;type&quot;:&quot;grid&quot;,&quot;us_grid_post_type&quot;:&quot;attachment&quot;,&quot;us_grid_ajax_index&quot;:1,&quot;us_grid_filter_query_string&quot;:null,&quot;us_grid_index&quot;:1,&quot;page_args&quot;:[],&quot;lang&quot;:&quot;fr&quot;}}'><\/div>\r\n\t<\/div><\/div><\/div><\/div><\/div><\/div><\/section><section class=\"l-section wpb_row height_medium width_full\"><div class=\"l-section-h i-cf\"><div class=\"g-cols vc_row via_flex valign_top type_default stacking_default\"><div class=\"vc_col-sm-12 wpb_column vc_column_container\"><div class=\"vc_column-inner\"><div class=\"wpb_wrapper\"><div class=\"wpb_text_column\"><div class=\"wpb_wrapper\"><h6 style=\"text-align: center;\">Services sp\u00e9ciaux pour les sportifs<\/h6>\n<\/div><\/div><div class=\"w-grid us_grid us_custom_8f7653e4 type_grid layout_9456 cols_4 preload_style_spinner ratio_custom\" id=\"us_grid_2\" style=\"--columns:4;--gap:5px;--item-ratio:0.5;\" data-filterable=\"true\"><style>@media (max-width:600px){#us_grid_2{--columns:2!important}}.layout_9456 .w-grid-item-h{background:#dbd4ca;color:#423b38;border-radius:1rem}.layout_9456 .usg_post_image_1{position:absolute!important;top:0!important;right:50%!important;bottom:0!important;left:0!important}.layout_9456 .usg_post_title_1{color:inherit!important;font-size:12px!important;line-height:14px!important;position:absolute!important;left:50%!important;top:25%!important;padding:4%!important}@media (min-width:601px) and (max-width:1024px){.layout_9456 .usg_post_title_1{font-size:14px!important;line-height:14px!important;position:absolute!important;left:50%!important;top:0!important;bottom:0!important;right:0!important}}@media (max-width:600px){.layout_9456 .usg_post_title_1{font-size:12px!important;line-height:12px!important;position:absolute!important;left:50%!important}}<\/style><div class=\"w-grid-list\">\t<article class=\"w-grid-item size_1x1 post-9461 attachment type-attachment status-inherit hentry\" data-id=\"9461\">\r\n\t\t<div class=\"w-grid-item-h\">\r\n\t\t\t\t\t\t<p class=\"w-post-elm post_title usg_post_title_1 has_text_color align_center entry-title color_link_inherit\">Espace lavage<\/p><div class=\"w-post-elm post_image usg_post_image_1 stretched\"><img loading=\"lazy\" decoding=\"async\" width=\"141\" height=\"141\" src=\"https:\/\/www.rizhotel.com\/wp-content\/uploads\/2024\/12\/Espace-lavage.png\" class=\"attachment-us_600_600_crop size-us_600_600_crop\" alt=\"\" \/><\/div>\t\t<\/div>\r\n\t\t\t<\/article>\r\n\t<article class=\"w-grid-item size_1x1 post-9464 attachment type-attachment status-inherit hentry\" data-id=\"9464\">\r\n\t\t<div class=\"w-grid-item-h\">\r\n\t\t\t\t\t\t<p class=\"w-post-elm post_title usg_post_title_1 has_text_color align_center entry-title color_link_inherit\">D\u00e9p\u00f4t pour les v\u00e9los<\/p><div class=\"w-post-elm post_image usg_post_image_1 stretched\"><img loading=\"lazy\" decoding=\"async\" width=\"141\" height=\"141\" src=\"https:\/\/www.rizhotel.com\/wp-content\/uploads\/2024\/12\/Depot-pour-les-velos.png\" class=\"attachment-us_600_600_crop size-us_600_600_crop\" alt=\"\" \/><\/div>\t\t<\/div>\r\n\t\t\t<\/article>\r\n\t<article class=\"w-grid-item size_1x1 post-9467 attachment type-attachment status-inherit hentry\" data-id=\"9467\">\r\n\t\t<div class=\"w-grid-item-h\">\r\n\t\t\t\t\t\t<p class=\"w-post-elm post_title usg_post_title_1 has_text_color align_center entry-title color_link_inherit\">Fruits \u00e0 emporter<\/p><div class=\"w-post-elm post_image usg_post_image_1 stretched\"><img loading=\"lazy\" decoding=\"async\" width=\"141\" height=\"141\" src=\"https:\/\/www.rizhotel.com\/wp-content\/uploads\/2024\/12\/Fruits-a-emporter.png\" class=\"attachment-us_600_600_crop size-us_600_600_crop\" alt=\"\" \/><\/div>\t\t<\/div>\r\n\t\t\t<\/article>\r\n\t<article class=\"w-grid-item size_1x1 post-9470 attachment type-attachment status-inherit hentry\" data-id=\"9470\">\r\n\t\t<div class=\"w-grid-item-h\">\r\n\t\t\t\t\t\t<p class=\"w-post-elm post_title usg_post_title_1 has_text_color align_center entry-title color_link_inherit\">Location de v\u00e9los<\/p><div class=\"w-post-elm post_image usg_post_image_1 stretched\"><img loading=\"lazy\" decoding=\"async\" width=\"141\" height=\"141\" src=\"https:\/\/www.rizhotel.com\/wp-content\/uploads\/2024\/12\/Location-de-velos.png\" class=\"attachment-us_600_600_crop size-us_600_600_crop\" alt=\"\" \/><\/div>\t\t<\/div>\r\n\t\t\t<\/article>\r\n\t<article class=\"w-grid-item size_1x1 post-9473 attachment type-attachment status-inherit hentry\" data-id=\"9473\">\r\n\t\t<div class=\"w-grid-item-h\">\r\n\t\t\t\t\t\t<p class=\"w-post-elm post_title usg_post_title_1 has_text_color align_center entry-title color_link_inherit\">Lavages des v\u00eatements de sport<\/p><div class=\"w-post-elm post_image usg_post_image_1 stretched\"><img loading=\"lazy\" decoding=\"async\" width=\"141\" height=\"141\" src=\"https:\/\/www.rizhotel.com\/wp-content\/uploads\/2024\/12\/Lavages-des-vetements-de-sport.png\" class=\"attachment-us_600_600_crop size-us_600_600_crop\" alt=\"\" \/><\/div>\t\t<\/div>\r\n\t\t\t<\/article>\r\n\t<article class=\"w-grid-item size_1x1 post-9493 attachment type-attachment status-inherit hentry\" data-id=\"9493\">\r\n\t\t<div class=\"w-grid-item-h\">\r\n\t\t\t\t\t\t<p class=\"w-post-elm post_title usg_post_title_1 has_text_color align_center entry-title color_link_inherit\">Salle de gym<\/p><div class=\"w-post-elm post_image usg_post_image_1 stretched\"><img loading=\"lazy\" decoding=\"async\" width=\"141\" height=\"141\" src=\"https:\/\/www.rizhotel.com\/wp-content\/uploads\/2024\/12\/Salle-de-gym.png\" class=\"attachment-us_600_600_crop size-us_600_600_crop\" alt=\"\" \/><\/div>\t\t<\/div>\r\n\t\t\t<\/article>\r\n\t<article class=\"w-grid-item size_1x1 post-9458 attachment type-attachment status-inherit hentry\" data-id=\"9458\">\r\n\t\t<div class=\"w-grid-item-h\">\r\n\t\t\t\t\t\t<p class=\"w-post-elm post_title usg_post_title_1 has_text_color align_center entry-title color_link_inherit\">M\u00e9canicien \u00e0 disposition<\/p><div class=\"w-post-elm post_image usg_post_image_1 stretched\"><img loading=\"lazy\" decoding=\"async\" width=\"141\" height=\"141\" src=\"https:\/\/www.rizhotel.com\/wp-content\/uploads\/2024\/12\/Mecanicien-a-disposition.png\" class=\"attachment-us_600_600_crop size-us_600_600_crop\" alt=\"\" \/><\/div>\t\t<\/div>\r\n\t\t\t<\/article>\r\n\t<article class=\"w-grid-item size_1x1 post-9476 attachment type-attachment status-inherit hentry\" data-id=\"9476\">\r\n\t\t<div class=\"w-grid-item-h\">\r\n\t\t\t\t\t\t<p class=\"w-post-elm post_title usg_post_title_1 has_text_color align_center entry-title color_link_inherit\">Assistance h24<\/p><div class=\"w-post-elm post_image usg_post_image_1 stretched\"><img loading=\"lazy\" decoding=\"async\" width=\"141\" height=\"141\" src=\"https:\/\/www.rizhotel.com\/wp-content\/uploads\/2024\/12\/Assistance-h24.png\" class=\"attachment-us_600_600_crop size-us_600_600_crop\" alt=\"\" \/><\/div>\t\t<\/div>\r\n\t\t\t<\/article>\r\n<\/div>\t<div class=\"w-grid-preloader\">\r\n\t\t<div class=\"g-preloader type_3\">\r\n\t\t\t<div><\/div>\r\n\t\t<\/div>\r\n\t<\/div>\r\n\t\t<div class=\"w-grid-json hidden\" onclick='return {&quot;action&quot;:&quot;us_ajax_grid&quot;,&quot;infinite_scroll&quot;:0,&quot;max_num_pages&quot;:1,&quot;pagination&quot;:&quot;none&quot;,&quot;template_vars&quot;:{&quot;columns&quot;:&quot;4&quot;,&quot;exclude_items&quot;:&quot;none&quot;,&quot;img_size&quot;:&quot;default&quot;,&quot;ignore_items_size&quot;:0,&quot;items_layout&quot;:&quot;9456&quot;,&quot;items_offset&quot;:&quot;1&quot;,&quot;load_animation&quot;:&quot;none&quot;,&quot;overriding_link&quot;:&quot;%7B%22url%22%3A%22%22%7D&quot;,&quot;post_id&quot;:0,&quot;query_args&quot;:{&quot;post_type&quot;:[&quot;attachment&quot;],&quot;post__in&quot;:[&quot;9461&quot;,&quot;9464&quot;,&quot;9467&quot;,&quot;9470&quot;,&quot;9473&quot;,&quot;9493&quot;,&quot;9458&quot;,&quot;9476&quot;],&quot;post_status&quot;:&quot;inherit&quot;,&quot;post_mime_type&quot;:&quot;image&quot;,&quot;posts_per_page&quot;:&quot;8&quot;},&quot;orderby_query_args&quot;:{&quot;orderby&quot;:{&quot;post__in&quot;:&quot;ASC&quot;},&quot;order&quot;:&quot;ASC&quot;},&quot;type&quot;:&quot;grid&quot;,&quot;us_grid_post_type&quot;:&quot;attachment&quot;,&quot;us_grid_ajax_index&quot;:2,&quot;us_grid_filter_query_string&quot;:null,&quot;us_grid_index&quot;:2,&quot;page_args&quot;:[],&quot;lang&quot;:&quot;fr&quot;}}'><\/div>\r\n\t<\/div><\/div><\/div><\/div><\/div><\/div><\/section><section class=\"l-section wpb_row us_custom_debe705a height_small\"><div class=\"l-section-h i-cf\"><div class=\"g-cols vc_row via_flex valign_top type_default stacking_default\"><div class=\"vc_col-sm-12 wpb_column vc_column_container\"><div class=\"vc_column-inner\"><div class=\"wpb_wrapper\"><div class=\"w-ibanner us_custom_eb849559 animation_phorcys ratio_2x1 easing_ease\"><a href=\"https:\/\/www.rizhotel.com\/fr\/hotel-avec-centre-de-bien-etre-cesenatico.html\" aria-label=\"Relax\"><\/a><div class=\"w-ibanner-h\"><div class=\"w-ibanner-image\" style=\"background-image: url(https:\/\/www.rizhotel.com\/wp-content\/uploads\/2020\/01\/spa_.jpg)\"><\/div><div class=\"w-ibanner-content\"><div class=\"w-ibanner-content-h\"><h6 class=\"w-ibanner-title\">Relax<\/h6><div class=\"w-ibanner-desc\"><\/div><\/div><\/div><\/div><\/div><\/div><\/div><\/div><\/div><\/div><\/section>\n","protected":false},"excerpt":{"rendered":"","protected":false},"author":1,"featured_media":0,"parent":0,"menu_order":0,"comment_status":"closed","ping_status":"closed","template":"","meta":{"footnotes":""},"class_list":["post-7493","page","type-page","status-publish","hentry"],"yoast_head":"<!-- This site is optimized with the Yoast SEO plugin v26.7 - https:\/\/yoast.com\/wordpress\/plugins\/seo\/ -->\n<title>Vacances sportives Cesenatico: Cyclisme sur le routes de Pantani<\/title>\n<meta name=\"description\" content=\"Vacances sportives Cesenatico: Cyclisme sur le routes de Pantani.\" \/>\n<meta name=\"robots\" content=\"index, follow, max-snippet:-1, max-image-preview:large, max-video-preview:-1\" \/>\n<link rel=\"canonical\" href=\"https:\/\/www.rizhotel.com\/fr\/vacances-sportives-a-cesenatico\" \/>\n<meta property=\"og:locale\" content=\"fr_FR\" \/>\n<meta property=\"og:type\" content=\"article\" \/>\n<meta property=\"og:title\" content=\"Vacances sportives Cesenatico: Cyclisme sur le routes de Pantani\" \/>\n<meta property=\"og:description\" content=\"Vacances sportives Cesenatico: Cyclisme sur le routes de Pantani.\" \/>\n<meta property=\"og:url\" content=\"https:\/\/www.rizhotel.com\/fr\/vacances-sportives-a-cesenatico\" \/>\n<meta property=\"og:site_name\" content=\"Hotel Riz Cesenatico, All inclusive con piscina, Centro benessere e spiaggia\" \/>\n<meta property=\"article:modified_time\" content=\"2025-01-15T12:35:42+00:00\" \/>\n<meta property=\"og:image\" content=\"https:\/\/www.rizhotel.com\/wp-content\/uploads\/2020\/02\/logo-cuore.png\" \/>\n<meta name=\"twitter:card\" content=\"summary_large_image\" \/>\n<meta name=\"twitter:label1\" content=\"Dur\u00e9e de lecture estim\u00e9e\" \/>\n\t<meta name=\"twitter:data1\" content=\"2 minutes\" \/>\n<script type=\"application\/ld+json\" class=\"yoast-schema-graph\">{\"@context\":\"https:\/\/schema.org\",\"@graph\":[{\"@type\":\"WebPage\",\"@id\":\"https:\/\/www.rizhotel.com\/fr\/vacances-sportives-a-cesenatico\",\"url\":\"https:\/\/www.rizhotel.com\/fr\/vacances-sportives-a-cesenatico\",\"name\":\"Vacances sportives Cesenatico: Cyclisme sur le routes de Pantani\",\"isPartOf\":{\"@id\":\"https:\/\/www.rizhotel.com\/de\/#website\"},\"primaryImageOfPage\":{\"@id\":\"https:\/\/www.rizhotel.com\/fr\/vacances-sportives-a-cesenatico#primaryimage\"},\"image\":{\"@id\":\"https:\/\/www.rizhotel.com\/fr\/vacances-sportives-a-cesenatico#primaryimage\"},\"thumbnailUrl\":\"https:\/\/www.rizhotel.com\/wp-content\/uploads\/2020\/02\/logo-cuore.png\",\"datePublished\":\"2020-03-13T11:33:32+00:00\",\"dateModified\":\"2025-01-15T12:35:42+00:00\",\"description\":\"Vacances sportives Cesenatico: Cyclisme sur le routes de Pantani.\",\"breadcrumb\":{\"@id\":\"https:\/\/www.rizhotel.com\/fr\/vacances-sportives-a-cesenatico#breadcrumb\"},\"inLanguage\":\"fr-FR\",\"potentialAction\":[{\"@type\":\"ReadAction\",\"target\":[\"https:\/\/www.rizhotel.com\/fr\/vacances-sportives-a-cesenatico\"]}]},{\"@type\":\"ImageObject\",\"inLanguage\":\"fr-FR\",\"@id\":\"https:\/\/www.rizhotel.com\/fr\/vacances-sportives-a-cesenatico#primaryimage\",\"url\":\"https:\/\/www.rizhotel.com\/wp-content\/uploads\/2020\/02\/logo-cuore.png\",\"contentUrl\":\"https:\/\/www.rizhotel.com\/wp-content\/uploads\/2020\/02\/logo-cuore.png\"},{\"@type\":\"BreadcrumbList\",\"@id\":\"https:\/\/www.rizhotel.com\/fr\/vacances-sportives-a-cesenatico#breadcrumb\",\"itemListElement\":[{\"@type\":\"ListItem\",\"position\":1,\"name\":\"Home\",\"item\":\"https:\/\/www.rizhotel.com\/fr\"},{\"@type\":\"ListItem\",\"position\":2,\"name\":\"Vacances sportives Cesenatico: Cyclisme sur le routes de Pantani\"}]},{\"@type\":\"WebSite\",\"@id\":\"https:\/\/www.rizhotel.com\/de\/#website\",\"url\":\"https:\/\/www.rizhotel.com\/de\/\",\"name\":\"Hotel Riz Cesenatico, All inclusive con piscina, Centro benessere e spiaggia\",\"description\":\"Vacanze a Cesenatico\",\"potentialAction\":[{\"@type\":\"SearchAction\",\"target\":{\"@type\":\"EntryPoint\",\"urlTemplate\":\"https:\/\/www.rizhotel.com\/de\/?s={search_term_string}\"},\"query-input\":{\"@type\":\"PropertyValueSpecification\",\"valueRequired\":true,\"valueName\":\"search_term_string\"}}],\"inLanguage\":\"fr-FR\"}]}<\/script>\n<!-- \/ Yoast SEO plugin. -->","yoast_head_json":{"title":"Vacances sportives Cesenatico: Cyclisme sur le routes de Pantani","description":"Vacances sportives Cesenatico: Cyclisme sur le routes de Pantani.","robots":{"index":"index","follow":"follow","max-snippet":"max-snippet:-1","max-image-preview":"max-image-preview:large","max-video-preview":"max-video-preview:-1"},"canonical":"https:\/\/www.rizhotel.com\/fr\/vacances-sportives-a-cesenatico","og_locale":"fr_FR","og_type":"article","og_title":"Vacances sportives Cesenatico: Cyclisme sur le routes de Pantani","og_description":"Vacances sportives Cesenatico: Cyclisme sur le routes de Pantani.","og_url":"https:\/\/www.rizhotel.com\/fr\/vacances-sportives-a-cesenatico","og_site_name":"Hotel Riz Cesenatico, All inclusive con piscina, Centro benessere e spiaggia","article_modified_time":"2025-01-15T12:35:42+00:00","og_image":[{"url":"https:\/\/www.rizhotel.com\/wp-content\/uploads\/2020\/02\/logo-cuore.png","type":"","width":"","height":""}],"twitter_card":"summary_large_image","twitter_misc":{"Dur\u00e9e de lecture estim\u00e9e":"2 minutes"},"schema":{"@context":"https:\/\/schema.org","@graph":[{"@type":"WebPage","@id":"https:\/\/www.rizhotel.com\/fr\/vacances-sportives-a-cesenatico","url":"https:\/\/www.rizhotel.com\/fr\/vacances-sportives-a-cesenatico","name":"Vacances sportives Cesenatico: Cyclisme sur le routes de Pantani","isPartOf":{"@id":"https:\/\/www.rizhotel.com\/de\/#website"},"primaryImageOfPage":{"@id":"https:\/\/www.rizhotel.com\/fr\/vacances-sportives-a-cesenatico#primaryimage"},"image":{"@id":"https:\/\/www.rizhotel.com\/fr\/vacances-sportives-a-cesenatico#primaryimage"},"thumbnailUrl":"https:\/\/www.rizhotel.com\/wp-content\/uploads\/2020\/02\/logo-cuore.png","datePublished":"2020-03-13T11:33:32+00:00","dateModified":"2025-01-15T12:35:42+00:00","description":"Vacances sportives Cesenatico: Cyclisme sur le routes de Pantani.","breadcrumb":{"@id":"https:\/\/www.rizhotel.com\/fr\/vacances-sportives-a-cesenatico#breadcrumb"},"inLanguage":"fr-FR","potentialAction":[{"@type":"ReadAction","target":["https:\/\/www.rizhotel.com\/fr\/vacances-sportives-a-cesenatico"]}]},{"@type":"ImageObject","inLanguage":"fr-FR","@id":"https:\/\/www.rizhotel.com\/fr\/vacances-sportives-a-cesenatico#primaryimage","url":"https:\/\/www.rizhotel.com\/wp-content\/uploads\/2020\/02\/logo-cuore.png","contentUrl":"https:\/\/www.rizhotel.com\/wp-content\/uploads\/2020\/02\/logo-cuore.png"},{"@type":"BreadcrumbList","@id":"https:\/\/www.rizhotel.com\/fr\/vacances-sportives-a-cesenatico#breadcrumb","itemListElement":[{"@type":"ListItem","position":1,"name":"Home","item":"https:\/\/www.rizhotel.com\/fr"},{"@type":"ListItem","position":2,"name":"Vacances sportives Cesenatico: Cyclisme sur le routes de Pantani"}]},{"@type":"WebSite","@id":"https:\/\/www.rizhotel.com\/de\/#website","url":"https:\/\/www.rizhotel.com\/de\/","name":"Hotel Riz Cesenatico, All inclusive con piscina, Centro benessere e spiaggia","description":"Vacanze a Cesenatico","potentialAction":[{"@type":"SearchAction","target":{"@type":"EntryPoint","urlTemplate":"https:\/\/www.rizhotel.com\/de\/?s={search_term_string}"},"query-input":{"@type":"PropertyValueSpecification","valueRequired":true,"valueName":"search_term_string"}}],"inLanguage":"fr-FR"}]}},"_links":{"self":[{"href":"https:\/\/www.rizhotel.com\/fr\/wp-json\/wp\/v2\/pages\/7493","targetHints":{"allow":["GET"]}}],"collection":[{"href":"https:\/\/www.rizhotel.com\/fr\/wp-json\/wp\/v2\/pages"}],"about":[{"href":"https:\/\/www.rizhotel.com\/fr\/wp-json\/wp\/v2\/types\/page"}],"author":[{"embeddable":true,"href":"https:\/\/www.rizhotel.com\/fr\/wp-json\/wp\/v2\/users\/1"}],"replies":[{"embeddable":true,"href":"https:\/\/www.rizhotel.com\/fr\/wp-json\/wp\/v2\/comments?post=7493"}],"version-history":[{"count":21,"href":"https:\/\/www.rizhotel.com\/fr\/wp-json\/wp\/v2\/pages\/7493\/revisions"}],"predecessor-version":[{"id":9636,"href":"https:\/\/www.rizhotel.com\/fr\/wp-json\/wp\/v2\/pages\/7493\/revisions\/9636"}],"wp:attachment":[{"href":"https:\/\/www.rizhotel.com\/fr\/wp-json\/wp\/v2\/media?parent=7493"}],"curies":[{"name":"wp","href":"https:\/\/api.w.org\/{rel}","templated":true}]}}