{"id":5663,"date":"2020-01-26T16:19:40","date_gmt":"2020-01-26T16:19:40","guid":{"rendered":"https:\/\/ufficio80.xyz\/riz4?page_id=5663"},"modified":"2024-11-21T17:13:11","modified_gmt":"2024-11-21T17:13:11","slug":"hotel-cesenatico-pensione-completa","status":"publish","type":"page","link":"https:\/\/www.rizhotel.com\/it\/hotel-cesenatico-pensione-completa","title":{"rendered":"Hotel Cesenatico Pensione completa"},"content":{"rendered":"<section class=\"l-section wpb_row height_auto width_full\"><div class=\"l-section-h i-cf\"><div class=\"g-cols vc_row via_flex valign_top type_default stacking_default\"><div class=\"vc_col-sm-12 wpb_column vc_column_container has_text_color\"><div class=\"vc_column-inner us_custom_6df4bc3a\"><div class=\"wpb_wrapper\"><div class=\"w-image align_center\"><div class=\"w-image-h\"><img decoding=\"async\" width=\"1920\" height=\"1201\" src=\"https:\/\/www.rizhotel.com\/wp-content\/uploads\/2020\/01\/ristorante-riz.jpg\" class=\"attachment-full size-full\" alt=\"\" loading=\"lazy\" srcset=\"https:\/\/www.rizhotel.com\/wp-content\/uploads\/2020\/01\/ristorante-riz.jpg 1920w, https:\/\/www.rizhotel.com\/wp-content\/uploads\/2020\/01\/ristorante-riz-300x188.jpg 300w, https:\/\/www.rizhotel.com\/wp-content\/uploads\/2020\/01\/ristorante-riz-1024x641.jpg 1024w, https:\/\/www.rizhotel.com\/wp-content\/uploads\/2020\/01\/ristorante-riz-1536x961.jpg 1536w\" sizes=\"auto, (max-width: 1920px) 100vw, 1920px\" \/><\/div><\/div><div class=\"wpb_text_column us_custom_c3f07d27\"><div class=\"wpb_wrapper\"><h2 style=\"text-align: center;\">Restaurant Buffet<\/h2>\n<p style=\"text-align: center;\"><em><span style=\"font-family: georgia, palatino, serif;\">Tradizione Romagnola e Ricette internazionali&#8230;da assaporare in piena Libert\u00e0!!<\/span><\/em><\/p>\n<\/div><\/div><\/div><\/div><\/div><\/div><\/div><\/section><section class=\"l-section wpb_row height_small\"><div class=\"l-section-h i-cf\"><div class=\"g-cols vc_row via_flex valign_middle type_default stacking_default\"><div class=\"vc_col-sm-4 wpb_column vc_column_container\"><div class=\"vc_column-inner\"><div class=\"wpb_wrapper\"><div class=\"wpb_text_column\"><div class=\"wpb_wrapper\"><h4>Prima colazione:<\/h4>\n<p><em><span style=\"font-family: georgia, palatino, serif;\">A colazione Vi attende, gi\u00e0 a partire dalle ore 07,30, <strong>uno stuzzicante buffet di specialit\u00e0 dolci e salate<\/strong>, dove la scelta non sar\u00e0 per Voi di certo facile:corn-flakes e cereali, marmellate fresche, miele e nutella, torte fatte in casa e croissants, affettati e formaggi, uova sode, pancetta affumicata calda, succhi di frutta, yogurt e frutta fresca e tanto altro ancora&#8230;<\/span><\/em><\/p>\n<\/div><\/div><\/div><\/div><\/div><div class=\"vc_col-sm-4 wpb_column vc_column_container\"><div class=\"vc_column-inner\"><div class=\"wpb_wrapper\"><div class=\"w-image align_center\"><a ref=\"magnificPopup\" href=\"https:\/\/www.rizhotel.com\/wp-content\/uploads\/2020\/01\/colazione-continentale.jpg\" aria-label=\"colazione continentale\" class=\"w-image-h\"><img decoding=\"async\" width=\"1024\" height=\"1024\" src=\"https:\/\/www.rizhotel.com\/wp-content\/uploads\/2020\/01\/colazione-continentale.jpg\" class=\"attachment-large size-large\" alt=\"\" loading=\"lazy\" srcset=\"https:\/\/www.rizhotel.com\/wp-content\/uploads\/2020\/01\/colazione-continentale.jpg 1025w, https:\/\/www.rizhotel.com\/wp-content\/uploads\/2020\/01\/colazione-continentale-300x300.jpg 300w, https:\/\/www.rizhotel.com\/wp-content\/uploads\/2020\/01\/colazione-continentale-150x150.jpg 150w, https:\/\/www.rizhotel.com\/wp-content\/uploads\/2020\/01\/colazione-continentale-600x600.jpg 600w\" sizes=\"auto, (max-width: 1024px) 100vw, 1024px\" \/><\/a><\/div><\/div><\/div><\/div><div class=\"vc_col-sm-4 wpb_column vc_column_container\"><div class=\"vc_column-inner\"><div class=\"wpb_wrapper\"><div class=\"wpb_text_column\"><div class=\"wpb_wrapper\"><h6>\u2026e preparati davanti a Voi:<\/h6>\n<p><i class=\"fas fa-check\" style=\"color: #DB8F2B\"><\/i> Centrifughe di frutta fresca<br \/>\n<i class=\"fas fa-check\" style=\"color: #DB8F2B\"><\/i> Crepes<br \/>\n<i class=\"fas fa-check\" style=\"color: #DB8F2B\"><\/i> Waffel<br \/>\n<i class=\"fas fa-check\" style=\"color: #DB8F2B\"><\/i> Uova al tegame o strapazzate<\/p>\n<\/div><\/div><\/div><\/div><\/div><\/div><\/div><\/section><section class=\"l-section wpb_row us_custom_77338566 height_small with_shape\"><div class=\"l-section-shape type_tilt pos_bottom\" style=\"height:15vmin;\"><svg xmlns=\"http:\/\/www.w3.org\/2000\/svg\" viewBox=\"0 0 64 8\" preserveAspectRatio=\"none\" width=\"100%\" height=\"100%\">\r\n\t<path fill=\"currentColor\" d=\"M64 7.9 L64 10 L0 10 L0 0 Z\"\/>\r\n<\/svg><\/div><div class=\"l-section-h i-cf\"><div class=\"g-cols vc_row via_flex valign_top type_default stacking_default\"><div class=\"vc_col-sm-4 wpb_column vc_column_container\"><div class=\"vc_column-inner\"><div class=\"wpb_wrapper\"><div class=\"wpb_text_column\"><div class=\"wpb_wrapper\"><h4>Pranzo e Cena:<\/h4>\n<p><em><span style=\"font-family: georgia, palatino, serif;\">A pranzo, dalle 12,00 alle 13,30 e a cena, dalle 19.15 alle 20,30, <b>Caterina<\/b>\u00a0e\u00a0<b>Ubaldo<\/b>\u00a0vi attendono personalmente con ricchi buffets curati dal nostro<b>\u00a0<\/b>Chef e dal personale di sala.<\/span><\/em><\/p>\n<\/div><\/div><div class=\"w-separator size_small\"><\/div><div class=\"w-image align_center\"><a ref=\"magnificPopup\" href=\"https:\/\/www.rizhotel.com\/wp-content\/uploads\/2020\/01\/RIZ_RISTORANTE.jpg\" aria-label=\"RIZ_RISTORANTE\" class=\"w-image-h\"><img decoding=\"async\" width=\"1024\" height=\"1024\" src=\"https:\/\/www.rizhotel.com\/wp-content\/uploads\/2020\/01\/RIZ_RISTORANTE.jpg\" class=\"attachment-large size-large\" alt=\"\" loading=\"lazy\" srcset=\"https:\/\/www.rizhotel.com\/wp-content\/uploads\/2020\/01\/RIZ_RISTORANTE.jpg 1025w, https:\/\/www.rizhotel.com\/wp-content\/uploads\/2020\/01\/RIZ_RISTORANTE-300x300.jpg 300w, https:\/\/www.rizhotel.com\/wp-content\/uploads\/2020\/01\/RIZ_RISTORANTE-150x150.jpg 150w, https:\/\/www.rizhotel.com\/wp-content\/uploads\/2020\/01\/RIZ_RISTORANTE-600x600.jpg 600w\" sizes=\"auto, (max-width: 1024px) 100vw, 1024px\" \/><\/a><\/div><\/div><\/div><\/div><div class=\"vc_col-sm-4 wpb_column vc_column_container\"><div class=\"vc_column-inner\"><div class=\"wpb_wrapper\"><div class=\"wpb_text_column\"><div class=\"wpb_wrapper\"><p><i class=\"fas fa-check\" style=\"color: #DB8F2B\"><\/i> il <span style=\"color: #db8f2b;\"><b>buffet degli\u00a0antipasti<\/b><\/span>, con specialit\u00e0 calde e fredde! Troverete anche Pizze, bruschette, quiches.<br \/>\n<i class=\"fas fa-check\" style=\"color: #DB8F2B\"><\/i> Il\u00a0<span style=\"color: #db8f2b;\"><b>buffet delle\u00a0verdure<\/b><\/span>. Una lunga tavola ovale addobbata con le pi\u00f9 fresche qualit\u00e0 di verdure, insalate composite e contorni caldi.<\/p>\n<\/div><\/div><div class=\"w-separator size_small\"><\/div><div class=\"w-image align_center\"><a ref=\"magnificPopup\" href=\"https:\/\/www.rizhotel.com\/wp-content\/uploads\/2020\/02\/buffet-hotelriz.jpg\" aria-label=\"buffet hotelriz\" class=\"w-image-h\"><img decoding=\"async\" width=\"1024\" height=\"1024\" src=\"https:\/\/www.rizhotel.com\/wp-content\/uploads\/2020\/02\/buffet-hotelriz.jpg\" class=\"attachment-large size-large\" alt=\"\" loading=\"lazy\" srcset=\"https:\/\/www.rizhotel.com\/wp-content\/uploads\/2020\/02\/buffet-hotelriz.jpg 1025w, https:\/\/www.rizhotel.com\/wp-content\/uploads\/2020\/02\/buffet-hotelriz-300x300.jpg 300w, https:\/\/www.rizhotel.com\/wp-content\/uploads\/2020\/02\/buffet-hotelriz-150x150.jpg 150w, https:\/\/www.rizhotel.com\/wp-content\/uploads\/2020\/02\/buffet-hotelriz-600x600.jpg 600w\" sizes=\"auto, (max-width: 1024px) 100vw, 1024px\" \/><\/a><\/div><\/div><\/div><\/div><div class=\"vc_col-sm-4 wpb_column vc_column_container\"><div class=\"vc_column-inner\"><div class=\"wpb_wrapper\"><div class=\"wpb_text_column\"><div class=\"wpb_wrapper\"><p><i class=\"fas fa-check\" style=\"color: #DB8F2B\"><\/i> Il <span style=\"color: #db8f2b;\"><b>buffet dei\u00a0formaggi<\/b><\/span>\u00a0e degli affettati. Ogni giorno formaggi nazionali e regionali nonch\u00e9 un ricco assortimento di affettati nostrani vengono preparati dal nostro personale di sala.<br \/>\n<i class=\"fas fa-check\" style=\"color: #DB8F2B\"><\/i> Il buffet dei\u00a0<span style=\"color: #db8f2b;\"><b>primi<\/b><\/span>\u00a0e<b>\u00a0<\/b>secondi piatti, servito direttamente dal nostro personale.<br \/>\n<i class=\"fas fa-check\" style=\"color: #DB8F2B\"><\/i> Il buffet di\u00a0<span style=\"color: #db8f2b;\"><b>frutta fresca<\/b><\/span>\u00a0e\u00a0<span style=\"color: #db8f2b;\"><b>desserts<\/b><\/span>.<br \/>\n<i class=\"fas fa-check\" style=\"color: #DB8F2B\"><\/i> Vetrina del\u00a0<span style=\"color: #db8f2b;\"><b>gelato<\/b><\/span>\u00a0con 10 gusti della Antica Gelateria del Corso<\/p>\n<\/div><\/div><div class=\"w-separator size_small\"><\/div><div class=\"w-image align_center\"><a ref=\"magnificPopup\" href=\"https:\/\/www.rizhotel.com\/wp-content\/uploads\/2020\/01\/buffet-formaggi.jpg\" aria-label=\"buffet formaggi\" class=\"w-image-h\"><img decoding=\"async\" width=\"1024\" height=\"1024\" src=\"https:\/\/www.rizhotel.com\/wp-content\/uploads\/2020\/01\/buffet-formaggi.jpg\" class=\"attachment-large size-large\" alt=\"\" loading=\"lazy\" srcset=\"https:\/\/www.rizhotel.com\/wp-content\/uploads\/2020\/01\/buffet-formaggi.jpg 1025w, https:\/\/www.rizhotel.com\/wp-content\/uploads\/2020\/01\/buffet-formaggi-300x300.jpg 300w, https:\/\/www.rizhotel.com\/wp-content\/uploads\/2020\/01\/buffet-formaggi-150x150.jpg 150w, https:\/\/www.rizhotel.com\/wp-content\/uploads\/2020\/01\/buffet-formaggi-600x600.jpg 600w\" sizes=\"auto, (max-width: 1024px) 100vw, 1024px\" \/><\/a><\/div><\/div><\/div><\/div><\/div><\/div><\/section><section class=\"l-section wpb_row height_small\"><div class=\"l-section-h i-cf\"><div class=\"g-cols vc_row via_flex valign_top type_default stacking_default\"><div class=\"vc_col-sm-12 wpb_column vc_column_container\"><div class=\"vc_column-inner\"><div class=\"wpb_wrapper\"><div class=\"wpb_text_column\"><div class=\"wpb_wrapper\"><div class=\"wpb_text_column vc_custom_1484382163441\">\n<div class=\"wpb_wrapper\">\n<p style=\"text-align: center;\">Siamo inoltre a vostra completa disposizione per la preparazione di men\u00f9 personalizzati, legati alle pi\u00f9 diverse esigenze alimentari.<\/p>\n<\/div>\n<\/div>\n<div class=\"w-image align_center\" style=\"text-align: center;\"><\/div>\n<\/div><\/div><\/div><\/div><\/div><\/div><\/div><\/section><section class=\"l-section wpb_row height_small width_full\" id=\"pizza\"><div class=\"l-section-h i-cf\"><div class=\"g-cols vc_row via_flex valign_top type_default stacking_default\"><div class=\"vc_col-sm-12 wpb_column vc_column_container has_text_color\"><div class=\"vc_column-inner us_custom_6df4bc3a\"><div class=\"wpb_wrapper\"><div class=\"wpb_text_column us_custom_c3f07d27\"><div class=\"wpb_wrapper\"><h2 style=\"text-align: center;\">Le nostre Serate a Tema<\/h2>\n<\/div><\/div><\/div><\/div><\/div><\/div><\/div><\/section><section class=\"l-section wpb_row us_custom_77338566 height_small\"><div class=\"l-section-h i-cf\"><div class=\"g-cols vc_row via_flex valign_top type_default stacking_default\"><div class=\"vc_col-sm-4 wpb_column vc_column_container\"><div class=\"vc_column-inner\"><div class=\"wpb_wrapper\"><div class=\"wpb_text_column us_custom_b7708f97\"><div class=\"wpb_wrapper\"><h3 class=\"vc_custom_heading vc_custom_1483638115378\" style=\"text-align: center;\"><span style=\"color: #c93c5b;\">Pizza in Giardino<\/span><\/h3>\n<\/div><\/div><div class=\"w-image us_custom_9cf479d2 align_center\"><a ref=\"magnificPopup\" href=\"https:\/\/www.rizhotel.com\/wp-content\/uploads\/2020\/01\/pizza-in-giardino.jpg\" aria-label=\"pizza in giardino\" class=\"w-image-h\"><img decoding=\"async\" width=\"1024\" height=\"1024\" src=\"https:\/\/www.rizhotel.com\/wp-content\/uploads\/2020\/01\/pizza-in-giardino.jpg\" class=\"attachment-large size-large\" alt=\"\" loading=\"lazy\" srcset=\"https:\/\/www.rizhotel.com\/wp-content\/uploads\/2020\/01\/pizza-in-giardino.jpg 1025w, https:\/\/www.rizhotel.com\/wp-content\/uploads\/2020\/01\/pizza-in-giardino-300x300.jpg 300w, https:\/\/www.rizhotel.com\/wp-content\/uploads\/2020\/01\/pizza-in-giardino-150x150.jpg 150w, https:\/\/www.rizhotel.com\/wp-content\/uploads\/2020\/01\/pizza-in-giardino-600x600.jpg 600w\" sizes=\"auto, (max-width: 1024px) 100vw, 1024px\" \/><\/a><\/div><\/div><\/div><\/div><div class=\"vc_col-sm-4 wpb_column vc_column_container\"><div class=\"vc_column-inner\"><div class=\"wpb_wrapper\"><div class=\"wpb_text_column us_custom_b7708f97\"><div class=\"wpb_wrapper\"><h3 class=\"vc_custom_heading vc_custom_1483638115378\" style=\"text-align: center;\"><span style=\"color: #c93c5b;\">Viva la Romagna<\/span><\/h3>\n<\/div><\/div><div class=\"w-image us_custom_9cf479d2 align_center\"><a ref=\"magnificPopup\" href=\"https:\/\/www.rizhotel.com\/wp-content\/uploads\/2020\/01\/viva-la-romagna.jpg\" aria-label=\"viva la romagna\" class=\"w-image-h\"><img decoding=\"async\" width=\"1024\" height=\"1024\" src=\"https:\/\/www.rizhotel.com\/wp-content\/uploads\/2020\/01\/viva-la-romagna.jpg\" class=\"attachment-large size-large\" alt=\"\" loading=\"lazy\" srcset=\"https:\/\/www.rizhotel.com\/wp-content\/uploads\/2020\/01\/viva-la-romagna.jpg 1025w, https:\/\/www.rizhotel.com\/wp-content\/uploads\/2020\/01\/viva-la-romagna-300x300.jpg 300w, https:\/\/www.rizhotel.com\/wp-content\/uploads\/2020\/01\/viva-la-romagna-150x150.jpg 150w, https:\/\/www.rizhotel.com\/wp-content\/uploads\/2020\/01\/viva-la-romagna-600x600.jpg 600w\" sizes=\"auto, (max-width: 1024px) 100vw, 1024px\" \/><\/a><\/div><\/div><\/div><\/div><div class=\"vc_col-sm-4 wpb_column vc_column_container\"><div class=\"vc_column-inner\"><div class=\"wpb_wrapper\"><div class=\"wpb_text_column us_custom_b7708f97\"><div class=\"wpb_wrapper\"><h3 class=\"vc_custom_heading vc_custom_1483638115378\" style=\"text-align: center;\"><span style=\"color: #c93c5b;\">10mt di &#8216;Dolce Buffet&#8217;<\/span><\/h3>\n<\/div><\/div><div class=\"w-image us_custom_9cf479d2 align_center\"><a ref=\"magnificPopup\" href=\"https:\/\/www.rizhotel.com\/wp-content\/uploads\/2020\/01\/dolci.jpg\" aria-label=\"dolci\" class=\"w-image-h\"><img decoding=\"async\" width=\"1024\" height=\"1024\" src=\"https:\/\/www.rizhotel.com\/wp-content\/uploads\/2020\/01\/dolci.jpg\" class=\"attachment-large size-large\" alt=\"\" loading=\"lazy\" srcset=\"https:\/\/www.rizhotel.com\/wp-content\/uploads\/2020\/01\/dolci.jpg 1025w, https:\/\/www.rizhotel.com\/wp-content\/uploads\/2020\/01\/dolci-300x300.jpg 300w, https:\/\/www.rizhotel.com\/wp-content\/uploads\/2020\/01\/dolci-150x150.jpg 150w, https:\/\/www.rizhotel.com\/wp-content\/uploads\/2020\/01\/dolci-600x600.jpg 600w\" sizes=\"auto, (max-width: 1024px) 100vw, 1024px\" \/><\/a><\/div><\/div><\/div><\/div><\/div><\/div><\/section>\n","protected":false},"excerpt":{"rendered":"Restaurant Buffet Tradizione Romagnola e Ricette internazionali&#8230;da assaporare in piena Libert\u00e0!! Prima colazione: A colazione Vi attende, gi\u00e0 a partire dalle ore 07,30, uno stuzzicante buffet di specialit\u00e0 dolci e salate, dove la scelta non sar\u00e0 per Voi di certo facile:corn-flakes e cereali, marmellate fresche, miele e nutella, torte fatte in casa e croissants, affettati...","protected":false},"author":1,"featured_media":0,"parent":0,"menu_order":0,"comment_status":"closed","ping_status":"closed","template":"","meta":{"footnotes":""},"class_list":["post-5663","page","type-page","status-publish","hentry"],"yoast_head":"<!-- This site is optimized with the Yoast SEO plugin v26.7 - https:\/\/yoast.com\/wordpress\/plugins\/seo\/ -->\n<title>Hotel Cesenatico Pensione completa con Beach Restaurant<\/title>\n<meta name=\"description\" content=\"Prima colazione a partire dalle ore 07,30, uno stuzzicante buffet di specialit\u00e0 dolci e salate. Pranzo e cena con Orari flessibili, buffet degli antipasti e verdure, formaggi, primi e secondi, frutta e vetrina del gelato. Beach restaurant al bagno Tahiti. Serate a tema con Pizza in giardino, Viva la Romagna, 10mt di dolce buffet.\" \/>\n<meta name=\"robots\" content=\"index, follow, max-snippet:-1, max-image-preview:large, max-video-preview:-1\" \/>\n<link rel=\"canonical\" href=\"https:\/\/www.rizhotel.com\/it\/hotel-cesenatico-pensione-completa\" \/>\n<meta property=\"og:locale\" content=\"it_IT\" \/>\n<meta property=\"og:type\" content=\"article\" \/>\n<meta property=\"og:title\" content=\"Hotel Cesenatico Pensione completa con Beach Restaurant\" \/>\n<meta property=\"og:description\" content=\"Prima colazione a partire dalle ore 07,30, uno stuzzicante buffet di specialit\u00e0 dolci e salate. Pranzo e cena con Orari flessibili, buffet degli antipasti e verdure, formaggi, primi e secondi, frutta e vetrina del gelato. Beach restaurant al bagno Tahiti. Serate a tema con Pizza in giardino, Viva la Romagna, 10mt di dolce buffet.\" \/>\n<meta property=\"og:url\" content=\"https:\/\/www.rizhotel.com\/it\/hotel-cesenatico-pensione-completa\" \/>\n<meta property=\"og:site_name\" content=\"Hotel Riz Cesenatico, All inclusive con piscina, Centro benessere e spiaggia\" \/>\n<meta property=\"article:modified_time\" content=\"2024-11-21T17:13:11+00:00\" \/>\n<meta name=\"twitter:card\" content=\"summary_large_image\" \/>\n<meta name=\"twitter:label1\" content=\"Tempo di lettura stimato\" \/>\n\t<meta name=\"twitter:data1\" content=\"3 minuti\" \/>\n<script type=\"application\/ld+json\" class=\"yoast-schema-graph\">{\"@context\":\"https:\/\/schema.org\",\"@graph\":[{\"@type\":\"WebPage\",\"@id\":\"https:\/\/www.rizhotel.com\/it\/hotel-cesenatico-pensione-completa\",\"url\":\"https:\/\/www.rizhotel.com\/it\/hotel-cesenatico-pensione-completa\",\"name\":\"Hotel Cesenatico Pensione completa con Beach Restaurant\",\"isPartOf\":{\"@id\":\"https:\/\/www.rizhotel.com\/de\/#website\"},\"datePublished\":\"2020-01-26T16:19:40+00:00\",\"dateModified\":\"2024-11-21T17:13:11+00:00\",\"description\":\"Prima colazione a partire dalle ore 07,30, uno stuzzicante buffet di specialit\u00e0 dolci e salate. Pranzo e cena con Orari flessibili, buffet degli antipasti e verdure, formaggi, primi e secondi, frutta e vetrina del gelato. Beach restaurant al bagno Tahiti. Serate a tema con Pizza in giardino, Viva la Romagna, 10mt di dolce buffet.\",\"breadcrumb\":{\"@id\":\"https:\/\/www.rizhotel.com\/it\/hotel-cesenatico-pensione-completa#breadcrumb\"},\"inLanguage\":\"it-IT\",\"potentialAction\":[{\"@type\":\"ReadAction\",\"target\":[\"https:\/\/www.rizhotel.com\/it\/hotel-cesenatico-pensione-completa\"]}]},{\"@type\":\"BreadcrumbList\",\"@id\":\"https:\/\/www.rizhotel.com\/it\/hotel-cesenatico-pensione-completa#breadcrumb\",\"itemListElement\":[{\"@type\":\"ListItem\",\"position\":1,\"name\":\"Home\",\"item\":\"https:\/\/www.rizhotel.com\/it\"},{\"@type\":\"ListItem\",\"position\":2,\"name\":\"Hotel Cesenatico Pensione completa\"}]},{\"@type\":\"WebSite\",\"@id\":\"https:\/\/www.rizhotel.com\/de\/#website\",\"url\":\"https:\/\/www.rizhotel.com\/de\/\",\"name\":\"Hotel Riz Cesenatico, All inclusive con piscina, Centro benessere e spiaggia\",\"description\":\"Vacanze a Cesenatico\",\"potentialAction\":[{\"@type\":\"SearchAction\",\"target\":{\"@type\":\"EntryPoint\",\"urlTemplate\":\"https:\/\/www.rizhotel.com\/de\/?s={search_term_string}\"},\"query-input\":{\"@type\":\"PropertyValueSpecification\",\"valueRequired\":true,\"valueName\":\"search_term_string\"}}],\"inLanguage\":\"it-IT\"}]}<\/script>\n<!-- \/ Yoast SEO plugin. -->","yoast_head_json":{"title":"Hotel Cesenatico Pensione completa con Beach Restaurant","description":"Prima colazione a partire dalle ore 07,30, uno stuzzicante buffet di specialit\u00e0 dolci e salate. Pranzo e cena con Orari flessibili, buffet degli antipasti e verdure, formaggi, primi e secondi, frutta e vetrina del gelato. Beach restaurant al bagno Tahiti. Serate a tema con Pizza in giardino, Viva la Romagna, 10mt di dolce buffet.","robots":{"index":"index","follow":"follow","max-snippet":"max-snippet:-1","max-image-preview":"max-image-preview:large","max-video-preview":"max-video-preview:-1"},"canonical":"https:\/\/www.rizhotel.com\/it\/hotel-cesenatico-pensione-completa","og_locale":"it_IT","og_type":"article","og_title":"Hotel Cesenatico Pensione completa con Beach Restaurant","og_description":"Prima colazione a partire dalle ore 07,30, uno stuzzicante buffet di specialit\u00e0 dolci e salate. Pranzo e cena con Orari flessibili, buffet degli antipasti e verdure, formaggi, primi e secondi, frutta e vetrina del gelato. Beach restaurant al bagno Tahiti. Serate a tema con Pizza in giardino, Viva la Romagna, 10mt di dolce buffet.","og_url":"https:\/\/www.rizhotel.com\/it\/hotel-cesenatico-pensione-completa","og_site_name":"Hotel Riz Cesenatico, All inclusive con piscina, Centro benessere e spiaggia","article_modified_time":"2024-11-21T17:13:11+00:00","twitter_card":"summary_large_image","twitter_misc":{"Tempo di lettura stimato":"3 minuti"},"schema":{"@context":"https:\/\/schema.org","@graph":[{"@type":"WebPage","@id":"https:\/\/www.rizhotel.com\/it\/hotel-cesenatico-pensione-completa","url":"https:\/\/www.rizhotel.com\/it\/hotel-cesenatico-pensione-completa","name":"Hotel Cesenatico Pensione completa con Beach Restaurant","isPartOf":{"@id":"https:\/\/www.rizhotel.com\/de\/#website"},"datePublished":"2020-01-26T16:19:40+00:00","dateModified":"2024-11-21T17:13:11+00:00","description":"Prima colazione a partire dalle ore 07,30, uno stuzzicante buffet di specialit\u00e0 dolci e salate. Pranzo e cena con Orari flessibili, buffet degli antipasti e verdure, formaggi, primi e secondi, frutta e vetrina del gelato. Beach restaurant al bagno Tahiti. Serate a tema con Pizza in giardino, Viva la Romagna, 10mt di dolce buffet.","breadcrumb":{"@id":"https:\/\/www.rizhotel.com\/it\/hotel-cesenatico-pensione-completa#breadcrumb"},"inLanguage":"it-IT","potentialAction":[{"@type":"ReadAction","target":["https:\/\/www.rizhotel.com\/it\/hotel-cesenatico-pensione-completa"]}]},{"@type":"BreadcrumbList","@id":"https:\/\/www.rizhotel.com\/it\/hotel-cesenatico-pensione-completa#breadcrumb","itemListElement":[{"@type":"ListItem","position":1,"name":"Home","item":"https:\/\/www.rizhotel.com\/it"},{"@type":"ListItem","position":2,"name":"Hotel Cesenatico Pensione completa"}]},{"@type":"WebSite","@id":"https:\/\/www.rizhotel.com\/de\/#website","url":"https:\/\/www.rizhotel.com\/de\/","name":"Hotel Riz Cesenatico, All inclusive con piscina, Centro benessere e spiaggia","description":"Vacanze a Cesenatico","potentialAction":[{"@type":"SearchAction","target":{"@type":"EntryPoint","urlTemplate":"https:\/\/www.rizhotel.com\/de\/?s={search_term_string}"},"query-input":{"@type":"PropertyValueSpecification","valueRequired":true,"valueName":"search_term_string"}}],"inLanguage":"it-IT"}]}},"_links":{"self":[{"href":"https:\/\/www.rizhotel.com\/it\/wp-json\/wp\/v2\/pages\/5663","targetHints":{"allow":["GET"]}}],"collection":[{"href":"https:\/\/www.rizhotel.com\/it\/wp-json\/wp\/v2\/pages"}],"about":[{"href":"https:\/\/www.rizhotel.com\/it\/wp-json\/wp\/v2\/types\/page"}],"author":[{"embeddable":true,"href":"https:\/\/www.rizhotel.com\/it\/wp-json\/wp\/v2\/users\/1"}],"replies":[{"embeddable":true,"href":"https:\/\/www.rizhotel.com\/it\/wp-json\/wp\/v2\/comments?post=5663"}],"version-history":[{"count":83,"href":"https:\/\/www.rizhotel.com\/it\/wp-json\/wp\/v2\/pages\/5663\/revisions"}],"predecessor-version":[{"id":9357,"href":"https:\/\/www.rizhotel.com\/it\/wp-json\/wp\/v2\/pages\/5663\/revisions\/9357"}],"wp:attachment":[{"href":"https:\/\/www.rizhotel.com\/it\/wp-json\/wp\/v2\/media?parent=5663"}],"curies":[{"name":"wp","href":"https:\/\/api.w.org\/{rel}","templated":true}]}}